{"id":2012395,"date":"2024-10-23T11:10:48","date_gmt":"2024-10-23T09:10:48","guid":{"rendered":"https:\/\/eu.tilta.com\/shop\/handgriff-fuer-hydra-alien-mini-titanium-grau\/"},"modified":"2025-12-05T13:50:41","modified_gmt":"2025-12-05T12:50:41","slug":"hand-grip-for-hydra-alien-mini-titanium-grey","status":"publish","type":"product","link":"https:\/\/eu.tilta.com\/de\/shop\/hand-grip-for-hydra-alien-mini-titanium-grey\/","title":{"rendered":"Handgriff f\u00fcr Hydra Alien Mini &#8211; Titanium Grau"},"content":{"rendered":"<p>Der Handgriff f\u00fcr Hydra Alien Mini ist ein mechanischer Griff, der mit dem sto\u00dfd\u00e4mpfenden Arm verbunden wird, um das System von Hand zu bedienen.<\/p>\n<p>Der komfortable Griff bietet eine sicherere M\u00f6glichkeit, das System zu halten, als wenn Sie eine Action-Kamera ohne Griff bedienen.<\/p>\n<p>Dank der Rosettenhalterung l\u00e4sst sich der Winkel des Griffs f\u00fcr eine komfortable Bedienung in verschiedenen Konfigurationen leicht verstellen.<\/p>\n<p>Diese Konfiguration ist besonders n\u00fctzlich, wenn Sie auf unebenem Terrain laufen oder filmen.<\/p>\n","protected":false},"excerpt":{"rendered":"<p>Der Handgriff f\u00fcr Hydra Alien Mini ist ein mechanischer Griff, der mit dem sto\u00dfd\u00e4mpfenden Arm verbunden wird, um das System von Hand zu bedienen. Der komfortable Griff bietet eine sicherere M\u00f6glichkeit, das System zu halten, als wenn Sie eine Action-Kamera [&hellip;]<\/p>\n","protected":false},"featured_media":2011050,"comment_status":"open","ping_status":"closed","template":"","meta":[],"product_cat":[3263],"product_tag":[],"acf":[],"gallery_images":[2011044,2011038,2011032],"_links":{"self":[{"href":"https:\/\/eu.tilta.com\/de\/wp-json\/wp\/v2\/product\/2012395"}],"collection":[{"href":"https:\/\/eu.tilta.com\/de\/wp-json\/wp\/v2\/product"}],"about":[{"href":"https:\/\/eu.tilta.com\/de\/wp-json\/wp\/v2\/types\/product"}],"replies":[{"embeddable":true,"href":"https:\/\/eu.tilta.com\/de\/wp-json\/wp\/v2\/comments?post=2012395"}],"wp:featuredmedia":[{"embeddable":true,"href":"https:\/\/eu.tilta.com\/de\/wp-json\/wp\/v2\/media\/2011050"}],"wp:attachment":[{"href":"https:\/\/eu.tilta.com\/de\/wp-json\/wp\/v2\/media?parent=2012395"}],"wp:term":[{"taxonomy":"product_cat","embeddable":true,"href":"https:\/\/eu.tilta.com\/de\/wp-json\/wp\/v2\/product_cat?post=2012395"},{"taxonomy":"product_tag","embeddable":true,"href":"https:\/\/eu.tilta.com\/de\/wp-json\/wp\/v2\/product_tag?post=2012395"}],"curies":[{"name":"wp","href":"https:\/\/api.w.org\/{rel}","templated":true}]}}