{"id":2012410,"date":"2024-10-24T05:38:28","date_gmt":"2024-10-24T03:38:28","guid":{"rendered":"https:\/\/eu.tilta.com\/shop\/hydra-alien-mini-ultimate-bausatz\/"},"modified":"2025-12-05T13:50:57","modified_gmt":"2025-12-05T12:50:57","slug":"hydra-alien-mini-ultimate-kit","status":"publish","type":"product","link":"https:\/\/eu.tilta.com\/de\/shop\/hydra-alien-mini-ultimate-kit\/","title":{"rendered":"Hydra Alien Mini Ultimate Bausatz"},"content":{"rendered":"<p><em>Wir stellen vor: das Hydra Alien Mini Ultimate Kit<\/em><br \/>\n<strong><em>*Limitierte Farboptionen sind verf\u00fcgbar, solange der Vorrat reicht*.  <\/em><\/strong><\/p>\n<p>Inspiriert von der Design\u00e4sthetik des <a href=\"https:\/\/eu.tilta.com\/product-category\/stabilization-systems\/hydra-arm-mini\/\">Hydra Arms<\/a>, setzt dieser kompakte, sto\u00dfd\u00e4mpfende Arm einen neuen Standard f\u00fcr leichtgewichtige Kfz-Halterungssysteme.<\/p>\n<p>Dieser Miniaturarm ist kompatibel mit kleineren Kamerasystemen wie der <a href=\"https:\/\/eu.tilta.com\/product-category\/shop-by-camera\/for-dji-cameras\/\">DJI Action 3\/4<\/a>, der <a href=\"https:\/\/eu.tilta.com\/product-category\/shop-by-camera\/for-dji-cameras\/osmo-pocket-3\/\">DJI Pocket 3<\/a>, der <a href=\"https:\/\/eu.tilta.com\/product-category\/shop-by-camera\/for-insta360-cameras\/\">Insta360 X4\/X3<\/a> und jedem anderen System, das bis zu 1,32 lbs wiegt, einschlie\u00dflich Smartphones mit unserem <a href=\"https:\/\/eu.tilta.com\/product-category\/khronos-ecosystem-for-iphone\/\">Khronos Ecosystem<\/a>.<\/p>\n<p>Das hydraulische D\u00e4mpfungssystem verwendet ein aus den USA importiertes \u00d6l in Automobilqualit\u00e4t f\u00fcr eine Leistung wie auf der Rennstrecke und l\u00e4sst sich bei Bedarf leicht nachf\u00fcllen.<\/p>\n<p>Im Lieferumfang des Kits ist ein Verl\u00e4ngerungsarm enthalten, der in beiden Achsen verstellbar ist. So k\u00f6nnen Sie den Arm f\u00fcr verschiedene Konfigurationen und Fahrzeugplatzierungen besser positionieren.<\/p>\n<p>Ebenfalls enthalten ist ein Handgriff, der bei der Verwendung des Arms als Handger\u00e4t verwendet werden kann. Diese Konfiguration ist besonders n\u00fctzlich, wenn Sie auf unebenem Terrain laufen oder filmen.<\/p>\n<p>Der im Lieferumfang enthaltene <a href=\"https:\/\/eu.tilta.com\/shop\/electronic-suction-cup-4-5_\/\">elektronische Saugnapf<\/a> ist ein batteriebetriebener Saugnapf, der in der Lage ist, den Druck in Echtzeit zu \u00fcberwachen und die Saugkraft im Falle eines Lecks automatisch zu erh\u00f6hen.<\/p>\n<p>Mit seinem eingebauten 2000mAh-Akku kann es unter normalen Bedingungen \u00fcber 14 Stunden ununterbrochen laufen. Der Akku unterst\u00fctzt auch einen externen 5V\/1A USB-C Stromversorgungseingang, der noch l\u00e4ngere ununterbrochene Aufnahmen \u00fcber zus\u00e4tzliche Stromquellen erm\u00f6glicht.<\/p>\n<p><em>*Die Daten basieren auf realen Tests im Tilta Labor, die tats\u00e4chliche Akkulaufzeit kann jedoch aufgrund zahlreicher Faktoren abnehmen und variieren.<\/em><\/p>\n","protected":false},"excerpt":{"rendered":"<p>Wir stellen vor: das Hydra Alien Mini Ultimate Kit *Limitierte Farboptionen sind verf\u00fcgbar, solange der Vorrat reicht*. Inspiriert von der Design\u00e4sthetik des Hydra Arms, setzt dieser kompakte, sto\u00dfd\u00e4mpfende Arm einen neuen Standard f\u00fcr leichtgewichtige Kfz-Halterungssysteme. Dieser Miniaturarm ist kompatibel mit [&hellip;]<\/p>\n","protected":false},"featured_media":2011310,"comment_status":"open","ping_status":"closed","template":"","meta":[],"product_cat":[3263],"product_tag":[],"acf":[],"gallery_images":[2011304,2011298,2011292,2011266,2011260,2011254],"_links":{"self":[{"href":"https:\/\/eu.tilta.com\/de\/wp-json\/wp\/v2\/product\/2012410"}],"collection":[{"href":"https:\/\/eu.tilta.com\/de\/wp-json\/wp\/v2\/product"}],"about":[{"href":"https:\/\/eu.tilta.com\/de\/wp-json\/wp\/v2\/types\/product"}],"replies":[{"embeddable":true,"href":"https:\/\/eu.tilta.com\/de\/wp-json\/wp\/v2\/comments?post=2012410"}],"wp:featuredmedia":[{"embeddable":true,"href":"https:\/\/eu.tilta.com\/de\/wp-json\/wp\/v2\/media\/2011310"}],"wp:attachment":[{"href":"https:\/\/eu.tilta.com\/de\/wp-json\/wp\/v2\/media?parent=2012410"}],"wp:term":[{"taxonomy":"product_cat","embeddable":true,"href":"https:\/\/eu.tilta.com\/de\/wp-json\/wp\/v2\/product_cat?post=2012410"},{"taxonomy":"product_tag","embeddable":true,"href":"https:\/\/eu.tilta.com\/de\/wp-json\/wp\/v2\/product_tag?post=2012410"}],"curies":[{"name":"wp","href":"https:\/\/api.w.org\/{rel}","templated":true}]}}