{"id":2012411,"date":"2024-10-23T12:48:22","date_gmt":"2024-10-23T10:48:22","guid":{"rendered":"https:\/\/eu.tilta.com\/shop\/hydra-alien-mini-handheld-kit-titanium-grau\/"},"modified":"2025-12-05T13:50:49","modified_gmt":"2025-12-05T12:50:49","slug":"hydra-alien-mini-handheld-kit-titanium-grey","status":"publish","type":"product","link":"https:\/\/eu.tilta.com\/de\/shop\/hydra-alien-mini-handheld-kit-titanium-grey\/","title":{"rendered":"Hydra Alien Mini Handheld Kit &#8211; Titanium Grau"},"content":{"rendered":"<p><em>Wir stellen vor: das Hydra Alien Mini Handheld Kit<\/em><\/p>\n<p>Dieser Miniaturarm ist kompatibel mit kleineren Kamerasystemen wie der <a href=\"https:\/\/eu.tilta.com\/product-category\/shop-by-camera\/for-dji-cameras\/\">DJI Action 3\/4<\/a>, der <a href=\"https:\/\/eu.tilta.com\/product-category\/shop-by-camera\/for-dji-cameras\/osmo-pocket-3\/\">DJI Pocket 3<\/a>, der <a href=\"https:\/\/eu.tilta.com\/product-category\/shop-by-camera\/for-insta360-cameras\/\">Insta360 X4\/X3<\/a> und jedem anderen System, das bis zu 1,32 lbs wiegt, einschlie\u00dflich Smartphones mit unserem <a href=\"https:\/\/eu.tilta.com\/product-category\/khronos-ecosystem-for-iphone\/\">Khronos Ecosystem<\/a>.<\/p>\n<p>Das hydraulische D\u00e4mpfungssystem verwendet ein aus den USA importiertes \u00d6l in Automobilqualit\u00e4t f\u00fcr eine Leistung wie auf der Rennstrecke und l\u00e4sst sich bei Bedarf leicht nachf\u00fcllen.<\/p>\n<p>Im Lieferumfang des Kits ist ein Verl\u00e4ngerungsarm enthalten, der in beiden Achsen verstellbar ist, so dass Sie den Arm f\u00fcr verschiedene Konfigurationen und Fahrzeugplatzierungen besser positionieren k\u00f6nnen.<\/p>\n<p>Das Handheld-Kit enth\u00e4lt einen Handgriff, der bei der Verwendung des Handheld-Arms verwendet werden kann. Diese Konfiguration ist besonders n\u00fctzlich, wenn Sie auf unebenem Terrain laufen oder filmen.<\/p>\n","protected":false},"excerpt":{"rendered":"<p>Wir stellen vor: das Hydra Alien Mini Handheld Kit Dieser Miniaturarm ist kompatibel mit kleineren Kamerasystemen wie der DJI Action 3\/4, der DJI Pocket 3, der Insta360 X4\/X3 und jedem anderen System, das bis zu 1,32 lbs wiegt, einschlie\u00dflich Smartphones [&hellip;]<\/p>\n","protected":false},"featured_media":2011210,"comment_status":"open","ping_status":"closed","template":"","meta":[],"product_cat":[3263],"product_tag":[],"acf":[],"gallery_images":[2011204,2011198,2011192,2011186],"_links":{"self":[{"href":"https:\/\/eu.tilta.com\/de\/wp-json\/wp\/v2\/product\/2012411"}],"collection":[{"href":"https:\/\/eu.tilta.com\/de\/wp-json\/wp\/v2\/product"}],"about":[{"href":"https:\/\/eu.tilta.com\/de\/wp-json\/wp\/v2\/types\/product"}],"replies":[{"embeddable":true,"href":"https:\/\/eu.tilta.com\/de\/wp-json\/wp\/v2\/comments?post=2012411"}],"wp:featuredmedia":[{"embeddable":true,"href":"https:\/\/eu.tilta.com\/de\/wp-json\/wp\/v2\/media\/2011210"}],"wp:attachment":[{"href":"https:\/\/eu.tilta.com\/de\/wp-json\/wp\/v2\/media?parent=2012411"}],"wp:term":[{"taxonomy":"product_cat","embeddable":true,"href":"https:\/\/eu.tilta.com\/de\/wp-json\/wp\/v2\/product_cat?post=2012411"},{"taxonomy":"product_tag","embeddable":true,"href":"https:\/\/eu.tilta.com\/de\/wp-json\/wp\/v2\/product_tag?post=2012411"}],"curies":[{"name":"wp","href":"https:\/\/api.w.org\/{rel}","templated":true}]}}