{"id":2012424,"date":"2024-09-26T08:06:23","date_gmt":"2024-09-26T06:06:23","guid":{"rendered":"https:\/\/eu.tilta.com\/shop\/akkuplatte-fuer-canon-c400\/"},"modified":"2025-12-05T13:51:34","modified_gmt":"2025-12-05T12:51:34","slug":"battery-plate-for-canon-c400","status":"publish","type":"product","link":"https:\/\/eu.tilta.com\/de\/shop\/battery-plate-for-canon-c400\/","title":{"rendered":"Akkuplatte f\u00fcr Canon C400"},"content":{"rendered":"<p><em>Wir stellen die Akkuplatte f\u00fcr die Canon C400 vor<\/em><\/p>\n<p>Diese V-Mount-Akkuplatte l\u00e4sst sich direkt an unserem Kamerak\u00e4fig f\u00fcr die Canon C400 befestigen und verf\u00fcgt \u00fcber die folgenden Ausg\u00e4nge: PD USB-C, P-Tap und 2 Pin sowie einen PD USB-C Eingang.<\/p>\n<p>Der USB-C-Eingang ist besonders n\u00fctzlich, da er es dem Benutzer erm\u00f6glicht, die Akkuplatte mit Strom zu versorgen, ohne dass ein V-Mount-Akku angeschlossen ist, was perfekt f\u00fcr Hot Swapping oder das Aufstellen der Kamera in leichteren Konfigurationen ist.<\/p>\n<p>Die Platte verf\u00fcgt au\u00dferdem \u00fcber eine schwenkbare Halterung, mit der Sie leicht auf die integrierten Batterien der Kamera zugreifen k\u00f6nnen, was sie zu einer gro\u00dfartigen Option f\u00fcr Hot Swapping macht.<\/p>\n","protected":false},"excerpt":{"rendered":"<p>Wir stellen die Akkuplatte f\u00fcr die Canon C400 vor Diese V-Mount-Akkuplatte l\u00e4sst sich direkt an unserem Kamerak\u00e4fig f\u00fcr die Canon C400 befestigen und verf\u00fcgt \u00fcber die folgenden Ausg\u00e4nge: PD USB-C, P-Tap und 2 Pin sowie einen PD USB-C Eingang. Der [&hellip;]<\/p>\n","protected":false},"featured_media":2010683,"comment_status":"open","ping_status":"closed","template":"","meta":[],"product_cat":[3232,1290],"product_tag":[],"acf":[],"gallery_images":[2010677,2010671,2010665],"_links":{"self":[{"href":"https:\/\/eu.tilta.com\/de\/wp-json\/wp\/v2\/product\/2012424"}],"collection":[{"href":"https:\/\/eu.tilta.com\/de\/wp-json\/wp\/v2\/product"}],"about":[{"href":"https:\/\/eu.tilta.com\/de\/wp-json\/wp\/v2\/types\/product"}],"replies":[{"embeddable":true,"href":"https:\/\/eu.tilta.com\/de\/wp-json\/wp\/v2\/comments?post=2012424"}],"wp:featuredmedia":[{"embeddable":true,"href":"https:\/\/eu.tilta.com\/de\/wp-json\/wp\/v2\/media\/2010683"}],"wp:attachment":[{"href":"https:\/\/eu.tilta.com\/de\/wp-json\/wp\/v2\/media?parent=2012424"}],"wp:term":[{"taxonomy":"product_cat","embeddable":true,"href":"https:\/\/eu.tilta.com\/de\/wp-json\/wp\/v2\/product_cat?post=2012424"},{"taxonomy":"product_tag","embeddable":true,"href":"https:\/\/eu.tilta.com\/de\/wp-json\/wp\/v2\/product_tag?post=2012424"}],"curies":[{"name":"wp","href":"https:\/\/api.w.org\/{rel}","templated":true}]}}