{"id":2012426,"date":"2024-09-25T11:44:53","date_gmt":"2024-09-25T09:44:53","guid":{"rendered":"https:\/\/eu.tilta.com\/shop\/verlaengerungskabel-usb-c-stecker-auf-buchse-50cm\/"},"modified":"2025-12-05T13:51:18","modified_gmt":"2025-12-05T12:51:18","slug":"usb-c-male-to-female-extension-cable-50cm","status":"publish","type":"product","link":"https:\/\/eu.tilta.com\/de\/shop\/usb-c-male-to-female-extension-cable-50cm\/","title":{"rendered":"Verl\u00e4ngerungskabel USB-C Stecker auf Buchse (50cm)"},"content":{"rendered":"<p>Mit diesem USB-C-Verl\u00e4ngerungskabel (Stecker auf Buchse) k\u00f6nnen Sie den seitlichen Handgriff der Canon C400 verl\u00e4ngern und haben so vollen Zugriff auf die Bedienelemente, ohne dass er direkt am Kamerageh\u00e4use befestigt werden muss.<\/p>\n<p>Dieser kann mit einem Rosetten-Verl\u00e4ngerungsarm f\u00fcr eine Schulter-Rig-Konfiguration oder f\u00fcr eine Vielzahl von verschiedenen Setups verwendet werden.<\/p>\n","protected":false},"excerpt":{"rendered":"<p>Mit diesem USB-C-Verl\u00e4ngerungskabel (Stecker auf Buchse) k\u00f6nnen Sie den seitlichen Handgriff der Canon C400 verl\u00e4ngern und haben so vollen Zugriff auf die Bedienelemente, ohne dass er direkt am Kamerageh\u00e4use befestigt werden muss. Dieser kann mit einem Rosetten-Verl\u00e4ngerungsarm f\u00fcr eine Schulter-Rig-Konfiguration [&hellip;]<\/p>\n","protected":false},"featured_media":2010333,"comment_status":"open","ping_status":"closed","template":"","meta":[],"product_cat":[3232],"product_tag":[],"acf":[],"gallery_images":[],"_links":{"self":[{"href":"https:\/\/eu.tilta.com\/de\/wp-json\/wp\/v2\/product\/2012426"}],"collection":[{"href":"https:\/\/eu.tilta.com\/de\/wp-json\/wp\/v2\/product"}],"about":[{"href":"https:\/\/eu.tilta.com\/de\/wp-json\/wp\/v2\/types\/product"}],"replies":[{"embeddable":true,"href":"https:\/\/eu.tilta.com\/de\/wp-json\/wp\/v2\/comments?post=2012426"}],"wp:featuredmedia":[{"embeddable":true,"href":"https:\/\/eu.tilta.com\/de\/wp-json\/wp\/v2\/media\/2010333"}],"wp:attachment":[{"href":"https:\/\/eu.tilta.com\/de\/wp-json\/wp\/v2\/media?parent=2012426"}],"wp:term":[{"taxonomy":"product_cat","embeddable":true,"href":"https:\/\/eu.tilta.com\/de\/wp-json\/wp\/v2\/product_cat?post=2012426"},{"taxonomy":"product_tag","embeddable":true,"href":"https:\/\/eu.tilta.com\/de\/wp-json\/wp\/v2\/product_tag?post=2012426"}],"curies":[{"name":"wp","href":"https:\/\/api.w.org\/{rel}","templated":true}]}}