{"id":2012433,"date":"2024-09-25T12:01:32","date_gmt":"2024-09-25T10:01:32","guid":{"rendered":"https:\/\/eu.tilta.com\/shop\/hintere-zubehoermontageplatte-fuer-canon-c400\/"},"modified":"2025-12-05T13:51:22","modified_gmt":"2025-12-05T12:51:22","slug":"rear-accessory-mounting-plate-for-canon-c400","status":"publish","type":"product","link":"https:\/\/eu.tilta.com\/de\/shop\/rear-accessory-mounting-plate-for-canon-c400\/","title":{"rendered":"Hintere Zubeh\u00f6rmontageplatte f\u00fcr Canon C400"},"content":{"rendered":"<p><em>Wir stellen die Montageplatte f\u00fcr r\u00fcckw\u00e4rtiges Zubeh\u00f6r f\u00fcr die Canon C400 vor<\/em><\/p>\n<p>Diese multifunktionale R\u00fcckenplatte ist eine gro\u00dfartige Option f\u00fcr die Montage von leichten Akkuplatten wie unserer Mini V-Mount Akkuplatte und anderem Zubeh\u00f6r.<\/p>\n<p>Zu den Befestigungspunkten geh\u00f6ren 1\/4\u2033-20 und 3\/8\u2033-16 Gewinde, beide mit Fixierpunkten, sowie Riemenschlitze zur Befestigung von Zubeh\u00f6r wie V-Mount-Akkus.<\/p>\n<p>Diese Platte wird direkt auf das Kamerageh\u00e4use montiert und ben\u00f6tigt keinen Kamerak\u00e4fig zur Verwendung.<\/p>\n","protected":false},"excerpt":{"rendered":"<p>Wir stellen die Montageplatte f\u00fcr r\u00fcckw\u00e4rtiges Zubeh\u00f6r f\u00fcr die Canon C400 vor Diese multifunktionale R\u00fcckenplatte ist eine gro\u00dfartige Option f\u00fcr die Montage von leichten Akkuplatten wie unserer Mini V-Mount Akkuplatte und anderem Zubeh\u00f6r. Zu den Befestigungspunkten geh\u00f6ren 1\/4\u2033-20 und 3\/8\u2033-16 [&hellip;]<\/p>\n","protected":false},"featured_media":2010342,"comment_status":"open","ping_status":"closed","template":"","meta":[],"product_cat":[3232],"product_tag":[],"acf":[],"gallery_images":[2010498,2010492,2010486],"_links":{"self":[{"href":"https:\/\/eu.tilta.com\/de\/wp-json\/wp\/v2\/product\/2012433"}],"collection":[{"href":"https:\/\/eu.tilta.com\/de\/wp-json\/wp\/v2\/product"}],"about":[{"href":"https:\/\/eu.tilta.com\/de\/wp-json\/wp\/v2\/types\/product"}],"replies":[{"embeddable":true,"href":"https:\/\/eu.tilta.com\/de\/wp-json\/wp\/v2\/comments?post=2012433"}],"wp:featuredmedia":[{"embeddable":true,"href":"https:\/\/eu.tilta.com\/de\/wp-json\/wp\/v2\/media\/2010342"}],"wp:attachment":[{"href":"https:\/\/eu.tilta.com\/de\/wp-json\/wp\/v2\/media?parent=2012433"}],"wp:term":[{"taxonomy":"product_cat","embeddable":true,"href":"https:\/\/eu.tilta.com\/de\/wp-json\/wp\/v2\/product_cat?post=2012433"},{"taxonomy":"product_tag","embeddable":true,"href":"https:\/\/eu.tilta.com\/de\/wp-json\/wp\/v2\/product_tag?post=2012433"}],"curies":[{"name":"wp","href":"https:\/\/api.w.org\/{rel}","templated":true}]}}