{"id":2012451,"date":"2024-09-26T04:51:06","date_gmt":"2024-09-26T02:51:06","guid":{"rendered":"https:\/\/eu.tilta.com\/shop\/kamerakaefig-fuer-canon-c400-advanced-kit\/"},"modified":"2025-12-05T13:51:31","modified_gmt":"2025-12-05T12:51:31","slug":"camera-cage-for-canon-c400-advanced-kit","status":"publish","type":"product","link":"https:\/\/eu.tilta.com\/de\/shop\/camera-cage-for-canon-c400-advanced-kit\/","title":{"rendered":"Kamerak\u00e4fig f\u00fcr Canon C400 Advanced Kit"},"content":{"rendered":"<p><em>Erweitern Sie Ihr Filmerlebnis mit dem Kamerak\u00e4fig f\u00fcr das Canon C400 Advanced Kit<\/em><\/p>\n<p>Dieser sorgf\u00e4ltig konstruierte K\u00e4fig bietet Schutz f\u00fcr das Kamerageh\u00e4use und erm\u00f6glicht die Befestigung von verschiedenem Zubeh\u00f6r, um die Funktionalit\u00e4t zu verbessern. Er verf\u00fcgt \u00fcber mehrere Kontaktpunkte, um ein Verrutschen w\u00e4hrend des Gebrauchs zu verhindern.<\/p>\n<p>Das modulare Design erm\u00f6glicht es Ihnen, Ihre Einrichtung mit vielseitigen Komponenten wie einer Deckplatte, linken und rechten Seitenarmen, einer Bodenplatte und einer multifunktionalen R\u00fcckenplatte, die alle f\u00fcr schnelle Anpassungen abnehmbar sind, an Ihre Bed\u00fcrfnisse anzupassen.<\/p>\n<p>Die multifunktionale R\u00fcckenplatte ist eine gro\u00dfartige Option f\u00fcr die Montage von leichten Akkuplatten wie unserer Mini V-Mount-Akkuplatte und anderem Zubeh\u00f6r.<\/p>\n<p>Die Befestigungspunkte am Full Cage umfassen: Arri-Rosette, NATO-Schiene, 1\/4\u2033-20 und 3\/8\u2033-16 Gewinde, beide mit Fixierpunkten.<\/p>\n<p>Der multifunktionale obere Handgriff bietet einen bequemen Griff f\u00fcr die Handhabung und Bedienung der Kamera und bietet gleichzeitig zus\u00e4tzliche Befestigungspunkte f\u00fcr Zubeh\u00f6r.<\/p>\n<p>Dieses Kit wurde entwickelt, um den Freiraum f\u00fcr den originalen Canon Top Handle zu schaffen. Es enth\u00e4lt eine alternative obere Platte, die verwendet werden kann, um den n\u00f6tigen Freiraum f\u00fcr diesen Griff zu schaffen.<\/p>\n<p>Die Manfrotto Schnellwechselplatte gew\u00e4hrleistet eine einfache Kompatibilit\u00e4t mit unserer Stativserie und erleichtert den \u00dcbergang zu schultergetragenen Aufbauten \u00fcber die mitgelieferte Schulterpolster-Grundplatte.<\/p>\n<p>Diese mit der Sony VCT-U14 kompatible Grundplatte erm\u00f6glicht es Ihnen, verschiedenes Zubeh\u00f6r \u00fcber 15-mm-LWS-Stangen an der Vorderseite der Grundplatte zu befestigen und verf\u00fcgt \u00fcber ein ergonomisches Schulterpolster, so dass Sie schnell zwischen Stativ- und Schulterkonfiguration wechseln k\u00f6nnen.<\/p>\n<p>Sie ist au\u00dferdem mit Arri-Rosetten ausgestattet, die Sie ben\u00f6tigen, um Rosetten-Verl\u00e4ngerungsarme und Handgriffe f\u00fcr eine komfortable Bedienung \u00fcber die Schulter zu montieren.<\/p>\n","protected":false},"excerpt":{"rendered":"<p>Erweitern Sie Ihr Filmerlebnis mit dem Kamerak\u00e4fig f\u00fcr das Canon C400 Advanced Kit Dieser sorgf\u00e4ltig konstruierte K\u00e4fig bietet Schutz f\u00fcr das Kamerageh\u00e4use und erm\u00f6glicht die Befestigung von verschiedenem Zubeh\u00f6r, um die Funktionalit\u00e4t zu verbessern. Er verf\u00fcgt \u00fcber mehrere Kontaktpunkte, um [&hellip;]<\/p>\n","protected":false},"featured_media":2010534,"comment_status":"open","ping_status":"closed","template":"","meta":[],"product_cat":[3232],"product_tag":[],"acf":[],"gallery_images":[2010528,2010522,2010516,2010510,2010540,2010504],"_links":{"self":[{"href":"https:\/\/eu.tilta.com\/de\/wp-json\/wp\/v2\/product\/2012451"}],"collection":[{"href":"https:\/\/eu.tilta.com\/de\/wp-json\/wp\/v2\/product"}],"about":[{"href":"https:\/\/eu.tilta.com\/de\/wp-json\/wp\/v2\/types\/product"}],"replies":[{"embeddable":true,"href":"https:\/\/eu.tilta.com\/de\/wp-json\/wp\/v2\/comments?post=2012451"}],"wp:featuredmedia":[{"embeddable":true,"href":"https:\/\/eu.tilta.com\/de\/wp-json\/wp\/v2\/media\/2010534"}],"wp:attachment":[{"href":"https:\/\/eu.tilta.com\/de\/wp-json\/wp\/v2\/media?parent=2012451"}],"wp:term":[{"taxonomy":"product_cat","embeddable":true,"href":"https:\/\/eu.tilta.com\/de\/wp-json\/wp\/v2\/product_cat?post=2012451"},{"taxonomy":"product_tag","embeddable":true,"href":"https:\/\/eu.tilta.com\/de\/wp-json\/wp\/v2\/product_tag?post=2012451"}],"curies":[{"name":"wp","href":"https:\/\/api.w.org\/{rel}","templated":true}]}}