{"id":2012454,"date":"2024-09-26T05:25:48","date_gmt":"2024-09-26T03:25:48","guid":{"rendered":"https:\/\/eu.tilta.com\/shop\/kamerakaefig-fuer-canon-c400-pro-kit\/"},"modified":"2025-12-05T13:52:09","modified_gmt":"2025-12-05T12:52:09","slug":"camera-cage-for-canon-c400-pro-kit","status":"publish","type":"product","link":"https:\/\/eu.tilta.com\/de\/shop\/camera-cage-for-canon-c400-pro-kit\/","title":{"rendered":"Kamerak\u00e4fig f\u00fcr Canon C400 Pro Kit"},"content":{"rendered":"<p><em>Erweitern Sie Ihr Filmerlebnis mit dem Kamerak\u00e4fig f\u00fcr Canon C400 Pro Kit<\/em><\/p>\n<p>Dieser sorgf\u00e4ltig konstruierte K\u00e4fig bietet Schutz f\u00fcr das Kamerageh\u00e4use und erm\u00f6glicht die Befestigung von verschiedenem Zubeh\u00f6r, um die Funktionalit\u00e4t zu verbessern. Er verf\u00fcgt \u00fcber mehrere Kontaktpunkte, um ein Verrutschen w\u00e4hrend des Gebrauchs zu verhindern.<\/p>\n<p>Das modulare Design erm\u00f6glicht es Ihnen, Ihre Einrichtung mit vielseitigen Komponenten wie einer Deckplatte, linken und rechten Seitenarmen, einer Bodenplatte und einer multifunktionalen R\u00fcckenplatte, die alle f\u00fcr schnelle Anpassungen abnehmbar sind, an Ihre Bed\u00fcrfnisse anzupassen.<\/p>\n<p>Die multifunktionale R\u00fcckenplatte ist eine gro\u00dfartige Option f\u00fcr die Montage von leichten Akkuplatten wie unserer Mini V-Mount-Akkuplatte und anderem Zubeh\u00f6r. Die Befestigungspunkte am Full Cage umfassen: Arri-Rosette, NATO-Schiene, 1\/4\u2033-20 und 3\/8\u2033-16 Gewinde, beide mit Fixierpunkten.<\/p>\n<p>Der multifunktionale obere Handgriff bietet einen bequemen Griff f\u00fcr die Handhabung und Bedienung der Kamera und bietet gleichzeitig zus\u00e4tzliche Befestigungspunkte f\u00fcr Zubeh\u00f6r. Dieses Kit wurde entwickelt, um den Freiraum f\u00fcr den originalen Canon Top Handle zu schaffen. Es enth\u00e4lt eine alternative obere Platte, die verwendet werden kann, um den n\u00f6tigen Freiraum f\u00fcr diesen Griff zu schaffen.<\/p>\n<p>Diese mit der Sony VCT-U14 kompatible Grundplatte erm\u00f6glicht es Ihnen, verschiedenes Zubeh\u00f6r \u00fcber 15-mm-LWS-Stangen an der Vorderseite der Grundplatte zu befestigen und verf\u00fcgt \u00fcber ein ergonomisches Schulterpolster, so dass Sie schnell zwischen Stativ- und Schulterkonfiguration wechseln k\u00f6nnen.<\/p>\n<p>Au\u00dferdem verf\u00fcgt es \u00fcber Arri-Rosetten, die zusammen mit dem mitgelieferten Rosetten-Verl\u00e4ngerungsarm und dem Kabel verwendet werden k\u00f6nnen, um den seitlichen Handgriff der Canon C400 zu befestigen und vollen Zugriff auf die Bedienelemente in einer Schulter-Rig-Konfiguration zu haben.<\/p>\n<p>Die mitgelieferte Akkuplatte verf\u00fcgt \u00fcber einen USB-C PD-Eingang und -Ausgang sowie \u00fcber P-Tap-Ausg\u00e4nge und einen 2-Pin-Ausgang. Die Platte hat eine schwenkbare Halterung, mit der Sie leicht an die eingebauten Batterien der Kamera herankommen, was sie zu einer gro\u00dfartigen Option f\u00fcr Hot Swapping macht.<\/p>\n","protected":false},"excerpt":{"rendered":"<p>Erweitern Sie Ihr Filmerlebnis mit dem Kamerak\u00e4fig f\u00fcr Canon C400 Pro Kit Dieser sorgf\u00e4ltig konstruierte K\u00e4fig bietet Schutz f\u00fcr das Kamerageh\u00e4use und erm\u00f6glicht die Befestigung von verschiedenem Zubeh\u00f6r, um die Funktionalit\u00e4t zu verbessern. Er verf\u00fcgt \u00fcber mehrere Kontaktpunkte, um ein [&hellip;]<\/p>\n","protected":false},"featured_media":2010657,"comment_status":"open","ping_status":"closed","template":"","meta":[],"product_cat":[3232],"product_tag":[],"acf":[],"gallery_images":[2010651,2010645,2010639,2010510,2010475,2010504],"_links":{"self":[{"href":"https:\/\/eu.tilta.com\/de\/wp-json\/wp\/v2\/product\/2012454"}],"collection":[{"href":"https:\/\/eu.tilta.com\/de\/wp-json\/wp\/v2\/product"}],"about":[{"href":"https:\/\/eu.tilta.com\/de\/wp-json\/wp\/v2\/types\/product"}],"replies":[{"embeddable":true,"href":"https:\/\/eu.tilta.com\/de\/wp-json\/wp\/v2\/comments?post=2012454"}],"wp:featuredmedia":[{"embeddable":true,"href":"https:\/\/eu.tilta.com\/de\/wp-json\/wp\/v2\/media\/2010657"}],"wp:attachment":[{"href":"https:\/\/eu.tilta.com\/de\/wp-json\/wp\/v2\/media?parent=2012454"}],"wp:term":[{"taxonomy":"product_cat","embeddable":true,"href":"https:\/\/eu.tilta.com\/de\/wp-json\/wp\/v2\/product_cat?post=2012454"},{"taxonomy":"product_tag","embeddable":true,"href":"https:\/\/eu.tilta.com\/de\/wp-json\/wp\/v2\/product_tag?post=2012454"}],"curies":[{"name":"wp","href":"https:\/\/api.w.org\/{rel}","templated":true}]}}