{"id":2012458,"date":"2024-09-25T12:17:24","date_gmt":"2024-09-25T10:17:24","guid":{"rendered":"https:\/\/eu.tilta.com\/shop\/kamerakaefig-fuer-canon-c400-base-kit\/"},"modified":"2025-12-05T13:51:55","modified_gmt":"2025-12-05T12:51:55","slug":"camera-cage-for-canon-c400-base-kit","status":"publish","type":"product","link":"https:\/\/eu.tilta.com\/de\/shop\/camera-cage-for-canon-c400-base-kit\/","title":{"rendered":"Kamerak\u00e4fig f\u00fcr Canon C400 Base Kit"},"content":{"rendered":"<p><em>Erweitern Sie Ihr Filmerlebnis mit dem Kamerak\u00e4fig f\u00fcr Canon C400 Base Kit<\/em><\/p>\n<p>Dieser sorgf\u00e4ltig konstruierte K\u00e4fig bietet Schutz f\u00fcr das Kamerageh\u00e4use und erm\u00f6glicht die Befestigung von verschiedenem Zubeh\u00f6r, um die Funktionalit\u00e4t zu verbessern. Er verf\u00fcgt \u00fcber mehrere Kontaktpunkte, um ein Verrutschen w\u00e4hrend des Gebrauchs zu verhindern.<\/p>\n<p>Das modulare Design erm\u00f6glicht es Ihnen, Ihre Einrichtung mit vielseitigen Komponenten wie einer Deckplatte, linken und rechten Seitenarmen, einer Bodenplatte und einer multifunktionalen R\u00fcckenplatte, die alle f\u00fcr schnelle Anpassungen abnehmbar sind, an Ihre Bed\u00fcrfnisse anzupassen.<\/p>\n<p>Die multifunktionale R\u00fcckenplatte ist eine gro\u00dfartige Option f\u00fcr die Montage von leichten Akkuplatten wie unserer Mini V-Mount-Akkuplatte und anderem Zubeh\u00f6r.<\/p>\n<p>Die Befestigungspunkte am Full Cage umfassen: Arri-Rosette, NATO-Schiene, 1\/4\u2033-20 und 3\/8\u2033-16 Gewinde, beide mit Fixierpunkten.<\/p>\n<p>Der K\u00e4fig ist so konstruiert, dass er Platz f\u00fcr den originalen Canon Top Handle bietet und einen ungehinderten Zugang zu allen Anschl\u00fcssen gew\u00e4hrleistet.<\/p>\n<p>Die Manfrotto Schnellwechselplatte gew\u00e4hrleistet eine einfache Kompatibilit\u00e4t mit unserer Stativserie und erleichtert den \u00dcbergang zu schultergetragenen Setups mit der optionalen Schulterpolster-Grundplatte. (nicht enthalten)<\/p>\n<p>Der Tilta Kamerak\u00e4fig f\u00fcr die Canon C400 wurde f\u00fcr Langlebigkeit und Vielseitigkeit entwickelt und ist die ultimative L\u00f6sung f\u00fcr professionelles Filmen. Er bietet die perfekte Balance aus Schutz und Funktionalit\u00e4t, damit Sie Ihrer Kreativit\u00e4t freien Lauf lassen k\u00f6nnen.<\/p>\n","protected":false},"excerpt":{"rendered":"<p>Erweitern Sie Ihr Filmerlebnis mit dem Kamerak\u00e4fig f\u00fcr Canon C400 Base Kit Dieser sorgf\u00e4ltig konstruierte K\u00e4fig bietet Schutz f\u00fcr das Kamerageh\u00e4use und erm\u00f6glicht die Befestigung von verschiedenem Zubeh\u00f6r, um die Funktionalit\u00e4t zu verbessern. Er verf\u00fcgt \u00fcber mehrere Kontaktpunkte, um ein [&hellip;]<\/p>\n","protected":false},"featured_media":2010385,"comment_status":"open","ping_status":"closed","template":"","meta":[],"product_cat":[3232],"product_tag":[],"acf":[],"gallery_images":[2010379,2010373,2010367,2010361,2010475,2010355],"_links":{"self":[{"href":"https:\/\/eu.tilta.com\/de\/wp-json\/wp\/v2\/product\/2012458"}],"collection":[{"href":"https:\/\/eu.tilta.com\/de\/wp-json\/wp\/v2\/product"}],"about":[{"href":"https:\/\/eu.tilta.com\/de\/wp-json\/wp\/v2\/types\/product"}],"replies":[{"embeddable":true,"href":"https:\/\/eu.tilta.com\/de\/wp-json\/wp\/v2\/comments?post=2012458"}],"wp:featuredmedia":[{"embeddable":true,"href":"https:\/\/eu.tilta.com\/de\/wp-json\/wp\/v2\/media\/2010385"}],"wp:attachment":[{"href":"https:\/\/eu.tilta.com\/de\/wp-json\/wp\/v2\/media?parent=2012458"}],"wp:term":[{"taxonomy":"product_cat","embeddable":true,"href":"https:\/\/eu.tilta.com\/de\/wp-json\/wp\/v2\/product_cat?post=2012458"},{"taxonomy":"product_tag","embeddable":true,"href":"https:\/\/eu.tilta.com\/de\/wp-json\/wp\/v2\/product_tag?post=2012458"}],"curies":[{"name":"wp","href":"https:\/\/api.w.org\/{rel}","templated":true}]}}