{"id":2013328,"date":"2024-11-18T11:41:05","date_gmt":"2024-11-18T10:41:05","guid":{"rendered":"https:\/\/eu.tilta.com\/shop\/khronos-2-4g-nucleus-funkempfaenger\/"},"modified":"2026-03-18T20:48:19","modified_gmt":"2026-03-18T19:48:19","slug":"khronos-2-4g-nucleus-wireless-receiver","status":"publish","type":"product","link":"https:\/\/eu.tilta.com\/de\/shop\/khronos-2-4g-nucleus-wireless-receiver\/","title":{"rendered":"Khronos 2.4G Nucleus Funkempf\u00e4nger"},"content":{"rendered":"<p><em>Wir stellen den Khronos 2.4G Nucleus Wireless Receiver vor<\/em><\/p>\n<p>Dieses Zubeh\u00f6r wird \u00fcber den Schnellverschluss unserer Khronos Tasche f\u00fcr das iPhone befestigt und \u00fcber ein mitgeliefertes USB-C-Kabel mit dem iPhone 15 Pro und Pro Max verbunden.<\/p>\n<p>Benutzer k\u00f6nnen dann ein Nucleus Nano II Handrad \u00fcber 2.4G koppeln, um Fokus und Zoom \u00fcber die Black Magic App zu steuern.<\/p>\n<p>Dies schafft eine wesentlich zuverl\u00e4ssigere und sicherere Verbindung, um den Fokus zu ziehen und erh\u00f6ht gleichzeitig die Reichweite des Ger\u00e4ts auf bis zu 164 Fu\u00df.<\/p>\n","protected":false},"excerpt":{"rendered":"<p>Wir stellen den Khronos 2.4G Nucleus Wireless Receiver vor Dieses Zubeh\u00f6r wird \u00fcber den Schnellverschluss unserer Khronos Tasche f\u00fcr das iPhone befestigt und \u00fcber ein mitgeliefertes USB-C-Kabel mit dem iPhone 15 Pro und Pro Max verbunden. Benutzer k\u00f6nnen dann ein [&hellip;]<\/p>\n","protected":false},"featured_media":2013274,"comment_status":"open","ping_status":"closed","template":"","meta":[],"product_cat":[3507,3357],"product_tag":[],"acf":[],"gallery_images":[2013266,2013260,2013254,2013248,2013242],"_links":{"self":[{"href":"https:\/\/eu.tilta.com\/de\/wp-json\/wp\/v2\/product\/2013328"}],"collection":[{"href":"https:\/\/eu.tilta.com\/de\/wp-json\/wp\/v2\/product"}],"about":[{"href":"https:\/\/eu.tilta.com\/de\/wp-json\/wp\/v2\/types\/product"}],"replies":[{"embeddable":true,"href":"https:\/\/eu.tilta.com\/de\/wp-json\/wp\/v2\/comments?post=2013328"}],"wp:featuredmedia":[{"embeddable":true,"href":"https:\/\/eu.tilta.com\/de\/wp-json\/wp\/v2\/media\/2013274"}],"wp:attachment":[{"href":"https:\/\/eu.tilta.com\/de\/wp-json\/wp\/v2\/media?parent=2013328"}],"wp:term":[{"taxonomy":"product_cat","embeddable":true,"href":"https:\/\/eu.tilta.com\/de\/wp-json\/wp\/v2\/product_cat?post=2013328"},{"taxonomy":"product_tag","embeddable":true,"href":"https:\/\/eu.tilta.com\/de\/wp-json\/wp\/v2\/product_tag?post=2013328"}],"curies":[{"name":"wp","href":"https:\/\/api.w.org\/{rel}","templated":true}]}}