{"id":2013330,"date":"2024-11-15T11:24:00","date_gmt":"2024-11-15T10:24:00","guid":{"rendered":"https:\/\/eu.tilta.com\/shop\/arca-bodenplatte-fuer-sony-zv-e10-ii-schwarz\/"},"modified":"2025-12-05T13:52:24","modified_gmt":"2025-12-05T12:52:24","slug":"arca-bottom-plate-for-sony-zv-e10-ii-black","status":"publish","type":"product","link":"https:\/\/eu.tilta.com\/de\/shop\/arca-bottom-plate-for-sony-zv-e10-ii-black\/","title":{"rendered":"Arca Bodenplatte f\u00fcr Sony ZV-E10 II &#8211; Schwarz"},"content":{"rendered":"<p><em>Wir stellen die Arca Bodenplatte f\u00fcr Sony ZV-E10 II vor  <\/em><\/p>\n<p>Diese Grundplatte unterst\u00fctzt einige externe Zubeh\u00f6rteile und ben\u00f6tigt dabei nur eine geringe Stellfl\u00e4che durch ein \u00bc&#8221;-20 Gewinde und einen Cold Shoe Receiver.<\/p>\n<p>An der Seite befindet sich ein 1\/4\u2033-20-Gewinde mit Fixierpunkten, mit dem Sie bei der Verwendung eines Stativs problemlos in einer vertikalen Konfiguration fotografieren k\u00f6nnen.<\/p>\n<p>Die Grundlage dieser Grundplatte ist die ARCA-Swiss-Bodenplatte, die es dem Benutzer erm\u00f6glicht, schnell zwischen Stativk\u00f6pfen und Gimbals wie dem DJI Ronin RS4 Pro zu wechseln.<\/p>\n<p>Das minimalistische Design dieser Grundplatte erm\u00f6glicht den ungehinderten Zugang zu den Kameraanschl\u00fcssen, den Benutzertasten und dem Batteriefach, ohne dass Sie das Zubeh\u00f6r abnehmen m\u00fcssen.<\/p>\n","protected":false},"excerpt":{"rendered":"<p>Wir stellen die Arca Bodenplatte f\u00fcr Sony ZV-E10 II vor Diese Grundplatte unterst\u00fctzt einige externe Zubeh\u00f6rteile und ben\u00f6tigt dabei nur eine geringe Stellfl\u00e4che durch ein \u00bc&#8221;-20 Gewinde und einen Cold Shoe Receiver. An der Seite befindet sich ein 1\/4\u2033-20-Gewinde mit [&hellip;]<\/p>\n","protected":false},"featured_media":2012912,"comment_status":"open","ping_status":"closed","template":"","meta":[],"product_cat":[3294],"product_tag":[],"acf":[],"gallery_images":[2012894,2012900,2012906,2012785,2012779],"_links":{"self":[{"href":"https:\/\/eu.tilta.com\/de\/wp-json\/wp\/v2\/product\/2013330"}],"collection":[{"href":"https:\/\/eu.tilta.com\/de\/wp-json\/wp\/v2\/product"}],"about":[{"href":"https:\/\/eu.tilta.com\/de\/wp-json\/wp\/v2\/types\/product"}],"replies":[{"embeddable":true,"href":"https:\/\/eu.tilta.com\/de\/wp-json\/wp\/v2\/comments?post=2013330"}],"wp:featuredmedia":[{"embeddable":true,"href":"https:\/\/eu.tilta.com\/de\/wp-json\/wp\/v2\/media\/2012912"}],"wp:attachment":[{"href":"https:\/\/eu.tilta.com\/de\/wp-json\/wp\/v2\/media?parent=2013330"}],"wp:term":[{"taxonomy":"product_cat","embeddable":true,"href":"https:\/\/eu.tilta.com\/de\/wp-json\/wp\/v2\/product_cat?post=2013330"},{"taxonomy":"product_tag","embeddable":true,"href":"https:\/\/eu.tilta.com\/de\/wp-json\/wp\/v2\/product_tag?post=2013330"}],"curies":[{"name":"wp","href":"https:\/\/api.w.org\/{rel}","templated":true}]}}