{"id":2013331,"date":"2024-11-18T09:41:26","date_gmt":"2024-11-18T08:41:26","guid":{"rendered":"https:\/\/eu.tilta.com\/shop\/schockabsorbierender-kopf-fuer-hydra-alien-mini-titanium-grau\/"},"modified":"2025-12-05T13:52:25","modified_gmt":"2025-12-05T12:52:25","slug":"shock-absorbing-head-for-hydra-alien-mini-titanium-grey","status":"publish","type":"product","link":"https:\/\/eu.tilta.com\/de\/shop\/shock-absorbing-head-for-hydra-alien-mini-titanium-grey\/","title":{"rendered":"Schockabsorbierender Kopf f\u00fcr Hydra Alien Mini &#8211; Titanium Grau"},"content":{"rendered":"<div class=\"overview-text\">\n<p><em>Wir stellen den sto\u00dfd\u00e4mpfenden Kopf f\u00fcr Hydra Alien Mini vor<\/em><\/p>\n<p>Dieses Zubeh\u00f6r wird \u00fcber die NATO am Arm des Hydra Alien Mini befestigt und bietet eine sto\u00dfd\u00e4mpfende Befestigungsm\u00f6glichkeit f\u00fcr den DJI Osmo Pocket 3.<\/p>\n<p>Dies hilft, Mikrovibrationen zu reduzieren, mit denen der sto\u00dfd\u00e4mpfende Arm und der Gimbal zu k\u00e4mpfen haben k\u00f6nnten.<\/p>\n<p>Dies ist besonders n\u00fctzlich, wenn Sie das System auf unebenem Terrain einsetzen, da es ein glatteres Bild erzeugen kann.<\/p>\n<\/div>\n","protected":false},"excerpt":{"rendered":"<p>Wir stellen den sto\u00dfd\u00e4mpfenden Kopf f\u00fcr Hydra Alien Mini vor Dieses Zubeh\u00f6r wird \u00fcber die NATO am Arm des Hydra Alien Mini befestigt und bietet eine sto\u00dfd\u00e4mpfende Befestigungsm\u00f6glichkeit f\u00fcr den DJI Osmo Pocket 3. Dies hilft, Mikrovibrationen zu reduzieren, mit [&hellip;]<\/p>\n","protected":false},"featured_media":2013176,"comment_status":"open","ping_status":"closed","template":"","meta":[],"product_cat":[3263],"product_tag":[],"acf":[],"gallery_images":[2013168,2013162,2013156,2013150,2013144],"_links":{"self":[{"href":"https:\/\/eu.tilta.com\/de\/wp-json\/wp\/v2\/product\/2013331"}],"collection":[{"href":"https:\/\/eu.tilta.com\/de\/wp-json\/wp\/v2\/product"}],"about":[{"href":"https:\/\/eu.tilta.com\/de\/wp-json\/wp\/v2\/types\/product"}],"replies":[{"embeddable":true,"href":"https:\/\/eu.tilta.com\/de\/wp-json\/wp\/v2\/comments?post=2013331"}],"wp:featuredmedia":[{"embeddable":true,"href":"https:\/\/eu.tilta.com\/de\/wp-json\/wp\/v2\/media\/2013176"}],"wp:attachment":[{"href":"https:\/\/eu.tilta.com\/de\/wp-json\/wp\/v2\/media?parent=2013331"}],"wp:term":[{"taxonomy":"product_cat","embeddable":true,"href":"https:\/\/eu.tilta.com\/de\/wp-json\/wp\/v2\/product_cat?post=2013331"},{"taxonomy":"product_tag","embeddable":true,"href":"https:\/\/eu.tilta.com\/de\/wp-json\/wp\/v2\/product_tag?post=2013331"}],"curies":[{"name":"wp","href":"https:\/\/api.w.org\/{rel}","templated":true}]}}