{"id":2013356,"date":"2024-11-04T08:27:05","date_gmt":"2024-11-04T07:27:05","guid":{"rendered":"https:\/\/eu.tilta.com\/shop\/hoehenverlaengerung-fuer-tilta-tischkugelkopfstativ\/"},"modified":"2025-12-05T13:53:11","modified_gmt":"2025-12-05T12:53:11","slug":"height-extension-for-tilta-tabletop-ball-head-tripod","status":"publish","type":"product","link":"https:\/\/eu.tilta.com\/de\/shop\/height-extension-for-tilta-tabletop-ball-head-tripod\/","title":{"rendered":"H\u00f6henverl\u00e4ngerung f\u00fcr Tilta Tischkugelkopfstativ"},"content":{"rendered":"<p>Mit dieser H\u00f6henverl\u00e4ngerung f\u00fcr das Tilta Tabletop Kugelkopfstativ k\u00f6nnen Sie die H\u00f6he Ihres Stativs auf bis zu 21,9\u2033 erh\u00f6hen.<\/p>\n<p>Diese Verl\u00e4ngerungshalterung ist einfach zu installieren, indem Sie die Einheit einfach in die Beine und den Kugelkopf des Stativs schrauben.<\/p>\n<p>Dieses Zubeh\u00f6r ist au\u00dferdem sehr leicht, so dass Sie es auf Reisen leicht mitnehmen und bei Bedarf verwenden k\u00f6nnen.<\/p>\n","protected":false},"excerpt":{"rendered":"<p>Mit dieser H\u00f6henverl\u00e4ngerung f\u00fcr das Tilta Tabletop Kugelkopfstativ k\u00f6nnen Sie die H\u00f6he Ihres Stativs auf bis zu 21,9\u2033 erh\u00f6hen. Diese Verl\u00e4ngerungshalterung ist einfach zu installieren, indem Sie die Einheit einfach in die Beine und den Kugelkopf des Stativs schrauben. Dieses [&hellip;]<\/p>\n","protected":false},"featured_media":2012476,"comment_status":"open","ping_status":"closed","template":"","meta":[],"product_cat":[3303],"product_tag":[],"acf":[],"gallery_images":[2012470,2012464],"_links":{"self":[{"href":"https:\/\/eu.tilta.com\/de\/wp-json\/wp\/v2\/product\/2013356"}],"collection":[{"href":"https:\/\/eu.tilta.com\/de\/wp-json\/wp\/v2\/product"}],"about":[{"href":"https:\/\/eu.tilta.com\/de\/wp-json\/wp\/v2\/types\/product"}],"replies":[{"embeddable":true,"href":"https:\/\/eu.tilta.com\/de\/wp-json\/wp\/v2\/comments?post=2013356"}],"wp:featuredmedia":[{"embeddable":true,"href":"https:\/\/eu.tilta.com\/de\/wp-json\/wp\/v2\/media\/2012476"}],"wp:attachment":[{"href":"https:\/\/eu.tilta.com\/de\/wp-json\/wp\/v2\/media?parent=2013356"}],"wp:term":[{"taxonomy":"product_cat","embeddable":true,"href":"https:\/\/eu.tilta.com\/de\/wp-json\/wp\/v2\/product_cat?post=2013356"},{"taxonomy":"product_tag","embeddable":true,"href":"https:\/\/eu.tilta.com\/de\/wp-json\/wp\/v2\/product_tag?post=2013356"}],"curies":[{"name":"wp","href":"https:\/\/api.w.org\/{rel}","templated":true}]}}