{"id":2017699,"date":"2024-12-24T10:51:00","date_gmt":"2024-12-24T09:51:00","guid":{"rendered":"https:\/\/eu.tilta.com\/shop\/leder-kameratasche-fuer-fujifilm-x-t50-gruen\/"},"modified":"2026-01-13T23:08:10","modified_gmt":"2026-01-13T22:08:10","slug":"leather-camera-case-for-fujifilm-x-t50-green","status":"publish","type":"product","link":"https:\/\/eu.tilta.com\/de\/shop\/leather-camera-case-for-fujifilm-x-t50-green\/","title":{"rendered":"Leder Kameratasche f\u00fcr Fujifilm X-T50 &#8211; Gr\u00fcn"},"content":{"rendered":"<p><em>Wir stellen die Ledertasche f\u00fcr die Fujifilm X-T50 vor<\/em><\/p>\n<p>Dieses Geh\u00e4use wird mit einer 1\/4\u2033-20-Schraube befestigt und bietet dem Benutzer \u00fcber den integrierten Handgriff eine komfortablere M\u00f6glichkeit, das Kamerageh\u00e4use zu bedienen und zu handhaben.<\/p>\n<p>Das Design bietet au\u00dferdem zus\u00e4tzlichen Schutz f\u00fcr die Unterseite des Kamerageh\u00e4uses, was besonders beim Ablegen der Kamera n\u00fctzlich ist.<\/p>\n<p>Eine kleine Klappe an der Unterseite erm\u00f6glicht den einfachen Zugriff auf das Batteriefach.<\/p>\n","protected":false},"excerpt":{"rendered":"<p>Wir stellen die Ledertasche f\u00fcr die Fujifilm X-T50 vor Dieses Geh\u00e4use wird mit einer 1\/4\u2033-20-Schraube befestigt und bietet dem Benutzer \u00fcber den integrierten Handgriff eine komfortablere M\u00f6glichkeit, das Kamerageh\u00e4use zu bedienen und zu handhaben. Das Design bietet au\u00dferdem zus\u00e4tzlichen Schutz [&hellip;]<\/p>\n","protected":false},"featured_media":2016631,"comment_status":"open","ping_status":"closed","template":"","meta":[],"product_cat":[3358],"product_tag":[],"acf":[],"gallery_images":[2016623,2016617,2016611],"_links":{"self":[{"href":"https:\/\/eu.tilta.com\/de\/wp-json\/wp\/v2\/product\/2017699"}],"collection":[{"href":"https:\/\/eu.tilta.com\/de\/wp-json\/wp\/v2\/product"}],"about":[{"href":"https:\/\/eu.tilta.com\/de\/wp-json\/wp\/v2\/types\/product"}],"replies":[{"embeddable":true,"href":"https:\/\/eu.tilta.com\/de\/wp-json\/wp\/v2\/comments?post=2017699"}],"wp:featuredmedia":[{"embeddable":true,"href":"https:\/\/eu.tilta.com\/de\/wp-json\/wp\/v2\/media\/2016631"}],"wp:attachment":[{"href":"https:\/\/eu.tilta.com\/de\/wp-json\/wp\/v2\/media?parent=2017699"}],"wp:term":[{"taxonomy":"product_cat","embeddable":true,"href":"https:\/\/eu.tilta.com\/de\/wp-json\/wp\/v2\/product_cat?post=2017699"},{"taxonomy":"product_tag","embeddable":true,"href":"https:\/\/eu.tilta.com\/de\/wp-json\/wp\/v2\/product_tag?post=2017699"}],"curies":[{"name":"wp","href":"https:\/\/api.w.org\/{rel}","templated":true}]}}