{"id":2017716,"date":"2025-01-08T03:02:49","date_gmt":"2025-01-08T02:02:49","guid":{"rendered":"https:\/\/eu.tilta.com\/shop\/khronos-iphone-16-pro-pro-max-handheld-kit\/"},"modified":"2026-04-15T03:52:47","modified_gmt":"2026-04-15T01:52:47","slug":"khronos-iphone-16-pro-pro-max-handheld-kit","status":"publish","type":"product","link":"https:\/\/eu.tilta.com\/de\/shop\/khronos-iphone-16-pro-pro-max-handheld-kit\/","title":{"rendered":"Khronos iPhone 16 Pro \/ Pro Max Handheld Kit"},"content":{"rendered":"<div class=\"overview-text\">\n<p>Das Khronos Handheld Kit f\u00fcr das iPhone 16 Pro \/ Pro Max ist die n\u00e4chste Generation des mobilen Filmemachens.<\/p>\n<p>Diese von einem Kamerak\u00e4fig inspirierte Smartphoneh\u00fclle wurde sorgf\u00e4ltig f\u00fcr beide Modelle des iPhone 16 entworfen und bietet eine unvergleichliche Mischung aus Funktionalit\u00e4t und Eleganz. Die Khronos-Tasche sch\u00fctzt Ihr Telefon zuverl\u00e4ssig vor t\u00e4glicher Abnutzung, ohne dass Sie Kompromisse bei Stil oder Funktionalit\u00e4t eingehen m\u00fcssen.<\/p>\n<p>Die Installation ist einfacher als je zuvor, da dieses aktualisierte Geh\u00e4use mit einem Schnellverschluss ausgestattet ist, der es dem Benutzer erm\u00f6glicht, das Geh\u00e4use schnell zu installieren oder zu entfernen und gleichzeitig sicherzustellen, dass alle angeschlossenen Zubeh\u00f6rteile sicher befestigt bleiben. Das Khronos-Geh\u00e4use verf\u00fcgt \u00fcber integrierte elektronische Kontaktpunkte, die es Ihnen erm\u00f6glichen, Strom durch den K\u00e4fig zu leiten, um Ihr Zubeh\u00f6r zu betreiben.<\/p>\n<p>Neu beim 16er ist die Touch Bar f\u00fcr die Kamerasteuerung, die dem Benutzer vollen Zugriff auf die Touch Bar-Funktionalit\u00e4t des iPhone 16 erm\u00f6glicht.<\/p>\n<p>Im Lieferumfang des Handheld-Kits ist der <a href=\"https:\/\/eu.tilta.com\/shop\/khronos-focus-pd-handle-for-iphone\/\">Khronos Focus PD Handle<\/a> enthalten, der Ihr System mit zus\u00e4tzlicher Leistung versorgt und eine bessere Kontrolle \u00fcber die Fokus- und Zoomfunktionen des iPhones bietet. Dieser Griff verwendet den gleichen innovativen Klemmmechanismus wie anderes Khronos-Zubeh\u00f6r und verf\u00fcgt \u00fcber einen internen Akku, der \u00fcber USB-C aufgeladen werden kann.<\/p>\n<p>Der Handle wird \u00fcber ein integriertes USB-C-Kabel mit einem iPhone 16 verbunden und nutzt Bluetooth, um den Fokus oder Zoom \u00fcber das Einstellrad an der Vorderseite des Handles zu steuern. Dies sorgt auch f\u00fcr mehr Stabilit\u00e4t bei der Bedienung des Systems und die Aufnahmetaste sorgt daf\u00fcr, dass der Benutzer den Griff nicht loslassen muss, um die Aufnahme zu starten.<\/p>\n<p>Die <a href=\"https:\/\/eu.tilta.com\/shop\/khronos-quick-release-filter-tray-for-iphone-16-series\/\">Filterablage<\/a> l\u00e4sst sich \u00fcber eine sichere Magnetverbindung einfach an der Khronos-Tasche befestigen und verf\u00fcgt \u00fcber eine schwenkbare Halterung, mit der sich die Ablage \u00fcber alle drei Linsen des iPhone 15 Pro\/Pro Max legen l\u00e4sst.<\/p>\n<p>Die mitgelieferten <a href=\"https:\/\/eu.tilta.com\/shop\/khronos-quick-release-filter-tray-for-iphone-0-6\/\">ND-Filter<\/a> erm\u00f6glichen eine bessere Kontrolle \u00fcber die Belichtung, indem sie das f\u00fcr den Sensor sichtbare Licht reduzieren, was auch dazu beitr\u00e4gt, die Verschlusszeit bei Aufnahmen in helleren Lichtverh\u00e4ltnissen wie Tageslicht konstant zu halten.<\/p>\n<p><b>HINWEIS: Der Focus Handle ben\u00f6tigt ein 3.5mm TRS auf 3.5mm TRRS Kabel, um externe Audioquellen zu nutzen.  <\/b><\/p>\n<p><b>Vertikale Konfigurationen mit dem Focus Handle sind begrenzt.  <\/b><\/p>\n<\/div>\n","protected":false},"excerpt":{"rendered":"<p>Das Khronos Handheld Kit f\u00fcr das iPhone 16 Pro \/ Pro Max ist die n\u00e4chste Generation des mobilen Filmemachens. Diese von einem Kamerak\u00e4fig inspirierte Smartphoneh\u00fclle wurde sorgf\u00e4ltig f\u00fcr beide Modelle des iPhone 16 entworfen und bietet eine unvergleichliche Mischung aus [&hellip;]<\/p>\n","protected":false},"featured_media":2017311,"comment_status":"open","ping_status":"closed","template":"","meta":[],"product_cat":[1047,3357,4496],"product_tag":[],"acf":[],"gallery_images":[2017305,2017299,2017293,2017287,2017281,2017275],"_links":{"self":[{"href":"https:\/\/eu.tilta.com\/de\/wp-json\/wp\/v2\/product\/2017716"}],"collection":[{"href":"https:\/\/eu.tilta.com\/de\/wp-json\/wp\/v2\/product"}],"about":[{"href":"https:\/\/eu.tilta.com\/de\/wp-json\/wp\/v2\/types\/product"}],"replies":[{"embeddable":true,"href":"https:\/\/eu.tilta.com\/de\/wp-json\/wp\/v2\/comments?post=2017716"}],"wp:featuredmedia":[{"embeddable":true,"href":"https:\/\/eu.tilta.com\/de\/wp-json\/wp\/v2\/media\/2017311"}],"wp:attachment":[{"href":"https:\/\/eu.tilta.com\/de\/wp-json\/wp\/v2\/media?parent=2017716"}],"wp:term":[{"taxonomy":"product_cat","embeddable":true,"href":"https:\/\/eu.tilta.com\/de\/wp-json\/wp\/v2\/product_cat?post=2017716"},{"taxonomy":"product_tag","embeddable":true,"href":"https:\/\/eu.tilta.com\/de\/wp-json\/wp\/v2\/product_tag?post=2017716"}],"curies":[{"name":"wp","href":"https:\/\/api.w.org\/{rel}","templated":true}]}}