{"id":2017756,"date":"2025-01-07T10:03:26","date_gmt":"2025-01-07T09:03:26","guid":{"rendered":"https:\/\/eu.tilta.com\/shop\/lenkerhalterung-fuer-hydra-alien-mini-titanium-grau\/"},"modified":"2025-12-30T12:05:19","modified_gmt":"2025-12-30T11:05:19","slug":"handlebar-mount-for-hydra-alien-mini-titanium-grey","status":"publish","type":"product","link":"https:\/\/eu.tilta.com\/de\/shop\/handlebar-mount-for-hydra-alien-mini-titanium-grey\/","title":{"rendered":"Lenkerhalterung f\u00fcr Hydra Alien Mini &#8211; Titanium Grau"},"content":{"rendered":"<p>Mit der Lenkerhalterung f\u00fcr den Hydra Alien Mini k\u00f6nnen Sie den Alien Mini Shock Absorbing Arm an Fahrr\u00e4dern, E-Bikes und Motorr\u00e4dern befestigen.<\/p>\n<p>Dieses auf einer Klemme basierende Zubeh\u00f6rteil verf\u00fcgt \u00fcber eine abnehmbare Buchse, die Lenkerdurchmesser von 22,2 mm oder 28,8 mm unterst\u00fctzt.<\/p>\n<p>So k\u00f6nnen Sie den Hydra Alien Mini leicht an Fahrzeugen anbringen, die keinen Platz f\u00fcr einen herk\u00f6mmlichen Saugnapf haben.<\/p>\n","protected":false},"excerpt":{"rendered":"<p>Mit der Lenkerhalterung f\u00fcr den Hydra Alien Mini k\u00f6nnen Sie den Alien Mini Shock Absorbing Arm an Fahrr\u00e4dern, E-Bikes und Motorr\u00e4dern befestigen. Dieses auf einer Klemme basierende Zubeh\u00f6rteil verf\u00fcgt \u00fcber eine abnehmbare Buchse, die Lenkerdurchmesser von 22,2 mm oder 28,8 [&hellip;]<\/p>\n","protected":false},"featured_media":2016986,"comment_status":"open","ping_status":"closed","template":"","meta":[],"product_cat":[3263],"product_tag":[],"acf":[],"gallery_images":[2016980,2016974,2016968],"_links":{"self":[{"href":"https:\/\/eu.tilta.com\/de\/wp-json\/wp\/v2\/product\/2017756"}],"collection":[{"href":"https:\/\/eu.tilta.com\/de\/wp-json\/wp\/v2\/product"}],"about":[{"href":"https:\/\/eu.tilta.com\/de\/wp-json\/wp\/v2\/types\/product"}],"replies":[{"embeddable":true,"href":"https:\/\/eu.tilta.com\/de\/wp-json\/wp\/v2\/comments?post=2017756"}],"wp:featuredmedia":[{"embeddable":true,"href":"https:\/\/eu.tilta.com\/de\/wp-json\/wp\/v2\/media\/2016986"}],"wp:attachment":[{"href":"https:\/\/eu.tilta.com\/de\/wp-json\/wp\/v2\/media?parent=2017756"}],"wp:term":[{"taxonomy":"product_cat","embeddable":true,"href":"https:\/\/eu.tilta.com\/de\/wp-json\/wp\/v2\/product_cat?post=2017756"},{"taxonomy":"product_tag","embeddable":true,"href":"https:\/\/eu.tilta.com\/de\/wp-json\/wp\/v2\/product_tag?post=2017756"}],"curies":[{"name":"wp","href":"https:\/\/api.w.org\/{rel}","templated":true}]}}