{"id":2017772,"date":"2024-12-16T07:25:14","date_gmt":"2024-12-16T06:25:14","guid":{"rendered":"https:\/\/eu.tilta.com\/shop\/tilta-speed-rail-erweiterung\/"},"modified":"2025-12-05T13:57:41","modified_gmt":"2025-12-05T12:57:41","slug":"tilta-speed-rail-extension","status":"publish","type":"product","link":"https:\/\/eu.tilta.com\/de\/shop\/tilta-speed-rail-extension\/","title":{"rendered":"Tilta Speed Rail Erweiterung"},"content":{"rendered":"<p>Mit dieser 50mm Speed Rail Extension k\u00f6nnen Sie die L\u00e4nge der Speed Rail, die im Lieferumfang des Hydra Arm Mini enthalten ist, verl\u00e4ngern.<\/p>\n<p>Diese Speed Rail wurde speziell daf\u00fcr entwickelt, das Gewicht des Hydra Arm Mini zu tragen.<\/p>\n<p>Er ersetzt die kleineren Verl\u00e4ngerungsst\u00fccke, die dem Bausatz beiliegen.<\/p>\n<p>Erh\u00e4ltlich in zwei verschiedenen Gr\u00f6\u00dfen: 46cm oder 56cm<\/p>\n","protected":false},"excerpt":{"rendered":"<p>Mit dieser 50mm Speed Rail Extension k\u00f6nnen Sie die L\u00e4nge der Speed Rail, die im Lieferumfang des Hydra Arm Mini enthalten ist, verl\u00e4ngern. Diese Speed Rail wurde speziell daf\u00fcr entwickelt, das Gewicht des Hydra Arm Mini zu tragen. Er ersetzt [&hellip;]<\/p>\n","protected":false},"featured_media":2014962,"comment_status":"open","ping_status":"closed","template":"","meta":[],"product_cat":[1419],"product_tag":[],"acf":[],"gallery_images":[],"_links":{"self":[{"href":"https:\/\/eu.tilta.com\/de\/wp-json\/wp\/v2\/product\/2017772"}],"collection":[{"href":"https:\/\/eu.tilta.com\/de\/wp-json\/wp\/v2\/product"}],"about":[{"href":"https:\/\/eu.tilta.com\/de\/wp-json\/wp\/v2\/types\/product"}],"replies":[{"embeddable":true,"href":"https:\/\/eu.tilta.com\/de\/wp-json\/wp\/v2\/comments?post=2017772"}],"wp:featuredmedia":[{"embeddable":true,"href":"https:\/\/eu.tilta.com\/de\/wp-json\/wp\/v2\/media\/2014962"}],"wp:attachment":[{"href":"https:\/\/eu.tilta.com\/de\/wp-json\/wp\/v2\/media?parent=2017772"}],"wp:term":[{"taxonomy":"product_cat","embeddable":true,"href":"https:\/\/eu.tilta.com\/de\/wp-json\/wp\/v2\/product_cat?post=2017772"},{"taxonomy":"product_tag","embeddable":true,"href":"https:\/\/eu.tilta.com\/de\/wp-json\/wp\/v2\/product_tag?post=2017772"}],"curies":[{"name":"wp","href":"https:\/\/api.w.org\/{rel}","templated":true}]}}