{"id":2017783,"date":"2024-12-25T08:18:26","date_gmt":"2024-12-25T07:18:26","guid":{"rendered":"https:\/\/eu.tilta.com\/shop\/zubehoerkit-fuer-fujifilm-x-t50\/"},"modified":"2026-02-11T06:59:29","modified_gmt":"2026-02-11T05:59:29","slug":"accessory-kit-for-fujifilm-x-t50","status":"publish","type":"product","link":"https:\/\/eu.tilta.com\/de\/shop\/accessory-kit-for-fujifilm-x-t50\/","title":{"rendered":"Zubeh\u00f6rkit f\u00fcr Fujifilm X-T50"},"content":{"rendered":"<p>Dieses Zubeh\u00f6r-Kit f\u00fcr die Fujifilm X-T50 enth\u00e4lt Schrauben und Inbusschl\u00fcssel, die zum Vintage-Kamerak\u00e4fig geh\u00f6ren.<\/p>\n<p>Diese dienen als Ersatz f\u00fcr die im Bausatz enthaltenen Exemplare.<\/p>\n","protected":false},"excerpt":{"rendered":"<p>Dieses Zubeh\u00f6r-Kit f\u00fcr die Fujifilm X-T50 enth\u00e4lt Schrauben und Inbusschl\u00fcssel, die zum Vintage-Kamerak\u00e4fig geh\u00f6ren. Diese dienen als Ersatz f\u00fcr die im Bausatz enthaltenen Exemplare.<\/p>\n","protected":false},"featured_media":2016651,"comment_status":"open","ping_status":"closed","template":"","meta":[],"product_cat":[3358],"product_tag":[],"acf":[],"gallery_images":[],"_links":{"self":[{"href":"https:\/\/eu.tilta.com\/de\/wp-json\/wp\/v2\/product\/2017783"}],"collection":[{"href":"https:\/\/eu.tilta.com\/de\/wp-json\/wp\/v2\/product"}],"about":[{"href":"https:\/\/eu.tilta.com\/de\/wp-json\/wp\/v2\/types\/product"}],"replies":[{"embeddable":true,"href":"https:\/\/eu.tilta.com\/de\/wp-json\/wp\/v2\/comments?post=2017783"}],"wp:featuredmedia":[{"embeddable":true,"href":"https:\/\/eu.tilta.com\/de\/wp-json\/wp\/v2\/media\/2016651"}],"wp:attachment":[{"href":"https:\/\/eu.tilta.com\/de\/wp-json\/wp\/v2\/media?parent=2017783"}],"wp:term":[{"taxonomy":"product_cat","embeddable":true,"href":"https:\/\/eu.tilta.com\/de\/wp-json\/wp\/v2\/product_cat?post=2017783"},{"taxonomy":"product_tag","embeddable":true,"href":"https:\/\/eu.tilta.com\/de\/wp-json\/wp\/v2\/product_tag?post=2017783"}],"curies":[{"name":"wp","href":"https:\/\/api.w.org\/{rel}","templated":true}]}}