{"id":2017793,"date":"2024-12-19T09:06:12","date_gmt":"2024-12-19T08:06:12","guid":{"rendered":"https:\/\/eu.tilta.com\/shop\/montagegrundplatte-mit-holzgriff-fuer-fujifilm-x100vi\/"},"modified":"2025-12-05T13:58:11","modified_gmt":"2025-12-05T12:58:11","slug":"mounting-baseplate-with-wooden-grip-for-fujifilm-x100vi","status":"publish","type":"product","link":"https:\/\/eu.tilta.com\/de\/shop\/mounting-baseplate-with-wooden-grip-for-fujifilm-x100vi\/","title":{"rendered":"Montagegrundplatte mit Holzgriff f\u00fcr Fujifilm X100VI"},"content":{"rendered":"<p><em>Wir stellen die Montageplatte mit Holzgriff f\u00fcr Fujifilm X100VI vor<\/em><\/p>\n<p>Dieses Zubeh\u00f6r in Form eines L-B\u00fcgels verf\u00fcgt \u00fcber einen aus Walnussholz gefertigten Holzgriff, mit dem Sie die Kamera noch bequemer bedienen und handhaben k\u00f6nnen.<\/p>\n<p>Die Bodenplatte kann problemlos eine ARCA-Schnellwechselplatte (nicht im Lieferumfang enthalten) aufnehmen, mit der das System problemlos an Ronin Gimbals der S-Serie oder leichten Stativen wie unserem <a href=\"https:\/\/eu.tilta.com\/shop\/tilta-travel-video-fluid-head-with-3-stage-carbon-fiber-tripod-legs-5kg\/\">VT-05 Travel Fluid Head Stativ<\/a> befestigt werden kann.<\/p>\n","protected":false},"excerpt":{"rendered":"<p>Wir stellen die Montageplatte mit Holzgriff f\u00fcr Fujifilm X100VI vor Dieses Zubeh\u00f6r in Form eines L-B\u00fcgels verf\u00fcgt \u00fcber einen aus Walnussholz gefertigten Holzgriff, mit dem Sie die Kamera noch bequemer bedienen und handhaben k\u00f6nnen. Die Bodenplatte kann problemlos eine ARCA-Schnellwechselplatte [&hellip;]<\/p>\n","protected":false},"featured_media":2016051,"comment_status":"open","ping_status":"closed","template":"","meta":[],"product_cat":[3373],"product_tag":[],"acf":[],"gallery_images":[2016045],"_links":{"self":[{"href":"https:\/\/eu.tilta.com\/de\/wp-json\/wp\/v2\/product\/2017793"}],"collection":[{"href":"https:\/\/eu.tilta.com\/de\/wp-json\/wp\/v2\/product"}],"about":[{"href":"https:\/\/eu.tilta.com\/de\/wp-json\/wp\/v2\/types\/product"}],"replies":[{"embeddable":true,"href":"https:\/\/eu.tilta.com\/de\/wp-json\/wp\/v2\/comments?post=2017793"}],"wp:featuredmedia":[{"embeddable":true,"href":"https:\/\/eu.tilta.com\/de\/wp-json\/wp\/v2\/media\/2016051"}],"wp:attachment":[{"href":"https:\/\/eu.tilta.com\/de\/wp-json\/wp\/v2\/media?parent=2017793"}],"wp:term":[{"taxonomy":"product_cat","embeddable":true,"href":"https:\/\/eu.tilta.com\/de\/wp-json\/wp\/v2\/product_cat?post=2017793"},{"taxonomy":"product_tag","embeddable":true,"href":"https:\/\/eu.tilta.com\/de\/wp-json\/wp\/v2\/product_tag?post=2017793"}],"curies":[{"name":"wp","href":"https:\/\/api.w.org\/{rel}","templated":true}]}}