{"id":2017800,"date":"2024-12-24T04:53:50","date_gmt":"2024-12-24T03:53:50","guid":{"rendered":"https:\/\/eu.tilta.com\/shop\/montagegrundplatte-mit-holzgriff-fuer-fujifilm-x-t50\/"},"modified":"2026-02-16T09:03:23","modified_gmt":"2026-02-16T08:03:23","slug":"mounting-baseplate-with-wooden-grip-for-fujifilm-x-t50","status":"publish","type":"product","link":"https:\/\/eu.tilta.com\/de\/shop\/mounting-baseplate-with-wooden-grip-for-fujifilm-x-t50\/","title":{"rendered":"Montagegrundplatte mit Holzgriff f\u00fcr Fujifilm X-T50"},"content":{"rendered":"<p><em>Wir stellen die Montageplatte mit Holzgriff f\u00fcr die Fujifilm X-T50 vor<\/em><\/p>\n<p>Dieses Zubeh\u00f6r in Form eines L-B\u00fcgels verf\u00fcgt \u00fcber einen aus Walnussholz gefertigten Holzgriff, mit dem Sie die Kamera noch bequemer bedienen und handhaben k\u00f6nnen.<\/p>\n<p>Die Bodenplatte kann problemlos eine ARCA-Schnellwechselplatte (nicht im Lieferumfang enthalten) aufnehmen, mit der das System problemlos an Ronin Gimbals der S-Serie oder leichten Stativen wie unserem VT-05 Travel Fluid Head Stativ befestigt werden kann.<\/p>\n","protected":false},"excerpt":{"rendered":"<p>Wir stellen die Montageplatte mit Holzgriff f\u00fcr die Fujifilm X-T50 vor Dieses Zubeh\u00f6r in Form eines L-B\u00fcgels verf\u00fcgt \u00fcber einen aus Walnussholz gefertigten Holzgriff, mit dem Sie die Kamera noch bequemer bedienen und handhaben k\u00f6nnen. Die Bodenplatte kann problemlos eine [&hellip;]<\/p>\n","protected":false},"featured_media":2016083,"comment_status":"open","ping_status":"closed","template":"","meta":[],"product_cat":[4448,3358],"product_tag":[],"acf":[],"gallery_images":[2016077],"_links":{"self":[{"href":"https:\/\/eu.tilta.com\/de\/wp-json\/wp\/v2\/product\/2017800"}],"collection":[{"href":"https:\/\/eu.tilta.com\/de\/wp-json\/wp\/v2\/product"}],"about":[{"href":"https:\/\/eu.tilta.com\/de\/wp-json\/wp\/v2\/types\/product"}],"replies":[{"embeddable":true,"href":"https:\/\/eu.tilta.com\/de\/wp-json\/wp\/v2\/comments?post=2017800"}],"wp:featuredmedia":[{"embeddable":true,"href":"https:\/\/eu.tilta.com\/de\/wp-json\/wp\/v2\/media\/2016083"}],"wp:attachment":[{"href":"https:\/\/eu.tilta.com\/de\/wp-json\/wp\/v2\/media?parent=2017800"}],"wp:term":[{"taxonomy":"product_cat","embeddable":true,"href":"https:\/\/eu.tilta.com\/de\/wp-json\/wp\/v2\/product_cat?post=2017800"},{"taxonomy":"product_tag","embeddable":true,"href":"https:\/\/eu.tilta.com\/de\/wp-json\/wp\/v2\/product_tag?post=2017800"}],"curies":[{"name":"wp","href":"https:\/\/api.w.org\/{rel}","templated":true}]}}