{"id":2017803,"date":"2025-01-07T09:14:19","date_gmt":"2025-01-07T08:14:19","guid":{"rendered":"https:\/\/eu.tilta.com\/shop\/arca-adapter-fuer-fujifilm-x-t50\/"},"modified":"2026-02-16T09:03:23","modified_gmt":"2026-02-16T08:03:23","slug":"arca-adapter-for-fujifilm-x-t50","status":"publish","type":"product","link":"https:\/\/eu.tilta.com\/de\/shop\/arca-adapter-for-fujifilm-x-t50\/","title":{"rendered":"ARCA Adapter f\u00fcr Fujifilm X-T50"},"content":{"rendered":"<div class=\"overview-text\">\n<p><em>Wir stellen den ARCA-Adapter f\u00fcr die Fujifilm X-T50 vor<\/em><\/p>\n<p>Diese ARCA-Schnellwechselplatte kann direkt an der Unterseite der Montagegrundplatte mit Holzgriff f\u00fcr die Fujifilm X-T50 befestigt werden.<\/p>\n<p>Dadurch l\u00e4sst sich die Kamera problemlos an jedem ARCA-Empf\u00e4nger befestigen, wie z.B. an einem Gimbal der Ronin S-Serie oder an vielen leichten Stativen wie unserem <a href=\"https:\/\/eu.tilta.com\/shop\/tilta-vt05-travel-video-fluid-head-with-3-stage-carbon-fiber-tripod-legs-5kg\/\">VT-05 Travel Fluid Head Stativ<\/a>.<\/p>\n<p>Dieser Adapter ist so konstruiert, dass er leicht abnehmbar ist, was ihn zu einer perfekten Option f\u00fcr Benutzer macht, die f\u00fcr bestimmte Aufnahmesituationen ein geringes Gewicht w\u00fcnschen, aber dennoch bei Bedarf ARCA-basierte Unterst\u00fctzungssysteme verwenden m\u00f6chten.<\/p>\n<\/div>\n","protected":false},"excerpt":{"rendered":"<p>Wir stellen den ARCA-Adapter f\u00fcr die Fujifilm X-T50 vor Diese ARCA-Schnellwechselplatte kann direkt an der Unterseite der Montagegrundplatte mit Holzgriff f\u00fcr die Fujifilm X-T50 befestigt werden. Dadurch l\u00e4sst sich die Kamera problemlos an jedem ARCA-Empf\u00e4nger befestigen, wie z.B. an einem [&hellip;]<\/p>\n","protected":false},"featured_media":2016836,"comment_status":"open","ping_status":"closed","template":"","meta":[],"product_cat":[4448,3358],"product_tag":[],"acf":[],"gallery_images":[2016830],"_links":{"self":[{"href":"https:\/\/eu.tilta.com\/de\/wp-json\/wp\/v2\/product\/2017803"}],"collection":[{"href":"https:\/\/eu.tilta.com\/de\/wp-json\/wp\/v2\/product"}],"about":[{"href":"https:\/\/eu.tilta.com\/de\/wp-json\/wp\/v2\/types\/product"}],"replies":[{"embeddable":true,"href":"https:\/\/eu.tilta.com\/de\/wp-json\/wp\/v2\/comments?post=2017803"}],"wp:featuredmedia":[{"embeddable":true,"href":"https:\/\/eu.tilta.com\/de\/wp-json\/wp\/v2\/media\/2016836"}],"wp:attachment":[{"href":"https:\/\/eu.tilta.com\/de\/wp-json\/wp\/v2\/media?parent=2017803"}],"wp:term":[{"taxonomy":"product_cat","embeddable":true,"href":"https:\/\/eu.tilta.com\/de\/wp-json\/wp\/v2\/product_cat?post=2017803"},{"taxonomy":"product_tag","embeddable":true,"href":"https:\/\/eu.tilta.com\/de\/wp-json\/wp\/v2\/product_tag?post=2017803"}],"curies":[{"name":"wp","href":"https:\/\/api.w.org\/{rel}","templated":true}]}}