{"id":2017826,"date":"2024-12-13T11:24:50","date_gmt":"2024-12-13T10:24:50","guid":{"rendered":"https:\/\/eu.tilta.com\/shop\/power-modul-halterung-fuer-hydra-alien-pro\/"},"modified":"2025-12-05T13:58:24","modified_gmt":"2025-12-05T12:58:24","slug":"power-module-mounting-bracket-for-hydra-alien-pro","status":"publish","type":"product","link":"https:\/\/eu.tilta.com\/de\/shop\/power-module-mounting-bracket-for-hydra-alien-pro\/","title":{"rendered":"Power Modul Halterung f\u00fcr Hydra Alien Pro"},"content":{"rendered":"<p>Die Power Modul-Halterung f\u00fcr den Hydra Alien Pro ist ein mechanisches Zubeh\u00f6r, mit dem Sie Batterieplatten am sto\u00dfd\u00e4mpfenden Arm befestigen k\u00f6nnen.<\/p>\n<p>Diese Halterung kann \u00fcber eine 1\/4\u2033-20-Schraube direkt am sto\u00dfd\u00e4mpfenden Kopf befestigt werden und kann auch weiter unten am Arm montiert werden.<\/p>\n<p>So k\u00f6nnen Sie das Gewicht bei Bedarf umverteilen, wenn Sie schwerere Aufbauten verwenden.<\/p>\n<p>Dieses Teil dient als Ersatz f\u00fcr das Teil, das im Lieferumfang des Hydra Alien Pro enthalten ist.<\/p>\n","protected":false},"excerpt":{"rendered":"<p>Die Power Modul-Halterung f\u00fcr den Hydra Alien Pro ist ein mechanisches Zubeh\u00f6r, mit dem Sie Batterieplatten am sto\u00dfd\u00e4mpfenden Arm befestigen k\u00f6nnen. Diese Halterung kann \u00fcber eine 1\/4\u2033-20-Schraube direkt am sto\u00dfd\u00e4mpfenden Kopf befestigt werden und kann auch weiter unten am Arm [&hellip;]<\/p>\n","protected":false},"featured_media":2014955,"comment_status":"open","ping_status":"closed","template":"","meta":[],"product_cat":[3234],"product_tag":[],"acf":[],"gallery_images":[],"_links":{"self":[{"href":"https:\/\/eu.tilta.com\/de\/wp-json\/wp\/v2\/product\/2017826"}],"collection":[{"href":"https:\/\/eu.tilta.com\/de\/wp-json\/wp\/v2\/product"}],"about":[{"href":"https:\/\/eu.tilta.com\/de\/wp-json\/wp\/v2\/types\/product"}],"replies":[{"embeddable":true,"href":"https:\/\/eu.tilta.com\/de\/wp-json\/wp\/v2\/comments?post=2017826"}],"wp:featuredmedia":[{"embeddable":true,"href":"https:\/\/eu.tilta.com\/de\/wp-json\/wp\/v2\/media\/2014955"}],"wp:attachment":[{"href":"https:\/\/eu.tilta.com\/de\/wp-json\/wp\/v2\/media?parent=2017826"}],"wp:term":[{"taxonomy":"product_cat","embeddable":true,"href":"https:\/\/eu.tilta.com\/de\/wp-json\/wp\/v2\/product_cat?post=2017826"},{"taxonomy":"product_tag","embeddable":true,"href":"https:\/\/eu.tilta.com\/de\/wp-json\/wp\/v2\/product_tag?post=2017826"}],"curies":[{"name":"wp","href":"https:\/\/api.w.org\/{rel}","templated":true}]}}