{"id":2017839,"date":"2024-12-13T11:00:04","date_gmt":"2024-12-13T10:00:04","guid":{"rendered":"https:\/\/eu.tilta.com\/shop\/vintage-kamerakaefig-fuer-fujifilm-x100vi-base-kit\/"},"modified":"2026-02-16T09:03:24","modified_gmt":"2026-02-16T08:03:24","slug":"vintage-camera-cage-for-fujifilm-x100vi-base-kit","status":"publish","type":"product","link":"https:\/\/eu.tilta.com\/de\/shop\/vintage-camera-cage-for-fujifilm-x100vi-base-kit\/","title":{"rendered":"Vintage Kamerak\u00e4fig f\u00fcr Fujifilm X100VI Base Kit"},"content":{"rendered":"<div class=\"overview-text\">\n<p><em>Wir stellen vor: Der Vintage-Kamerak\u00e4fig f\u00fcr das Fujifilm X100VI Base Kit<\/em><\/p>\n<p>Dieses Kit enth\u00e4lt einige ausgew\u00e4hlte Zubeh\u00f6rteile, die die Funktionalit\u00e4t der X100VI verbessern und das System gleichzeitig handlich und tragbar machen.<\/p>\n<p>Die Basis dieses Kits ist ein L-Bracket mit einem Holzgriff aus Walnussholz, der eine komfortablere Bedienung und Handhabung der Kamera erm\u00f6glicht.<\/p>\n<p>Der Blitzschuh-Daumengriff wird an der Blitzschuhhalterung der Kamera befestigt und verbessert die Stabilit\u00e4t aus der Hand f\u00fcr fl\u00fcssigere Aufnahmen.<\/p>\n<p>Die Riemenbefestigungen aus echtem Leder bieten eine bequemere M\u00f6glichkeit, einen Kameragurt an das System anzuschlie\u00dfen oder abzunehmen.<\/p>\n<p>Die Bodenplatte kann problemlos eine ARCA-Schnellwechselplatte (nicht im Lieferumfang enthalten) aufnehmen, mit der das System problemlos an Ronin Gimbals der S-Serie oder leichten Stativen wie unserem <a href=\"https:\/\/eu.tilta.com\/shop\/tilta-vt05-travel-video-fluid-head-with-3-stage-carbon-fiber-tripod-legs-5kg\/\">VT-05 Travel Fluid Head Stativ<\/a> befestigt werden kann.<\/p>\n<\/div>\n","protected":false},"excerpt":{"rendered":"<p>Wir stellen vor: Der Vintage-Kamerak\u00e4fig f\u00fcr das Fujifilm X100VI Base Kit Dieses Kit enth\u00e4lt einige ausgew\u00e4hlte Zubeh\u00f6rteile, die die Funktionalit\u00e4t der X100VI verbessern und das System gleichzeitig handlich und tragbar machen. Die Basis dieses Kits ist ein L-Bracket mit einem [&hellip;]<\/p>\n","protected":false},"featured_media":2014946,"comment_status":"open","ping_status":"closed","template":"","meta":[],"product_cat":[4448,3373],"product_tag":[],"acf":[],"gallery_images":[2014940,2014934,2014928,2014769,2014775,2014757,2014763],"_links":{"self":[{"href":"https:\/\/eu.tilta.com\/de\/wp-json\/wp\/v2\/product\/2017839"}],"collection":[{"href":"https:\/\/eu.tilta.com\/de\/wp-json\/wp\/v2\/product"}],"about":[{"href":"https:\/\/eu.tilta.com\/de\/wp-json\/wp\/v2\/types\/product"}],"replies":[{"embeddable":true,"href":"https:\/\/eu.tilta.com\/de\/wp-json\/wp\/v2\/comments?post=2017839"}],"wp:featuredmedia":[{"embeddable":true,"href":"https:\/\/eu.tilta.com\/de\/wp-json\/wp\/v2\/media\/2014946"}],"wp:attachment":[{"href":"https:\/\/eu.tilta.com\/de\/wp-json\/wp\/v2\/media?parent=2017839"}],"wp:term":[{"taxonomy":"product_cat","embeddable":true,"href":"https:\/\/eu.tilta.com\/de\/wp-json\/wp\/v2\/product_cat?post=2017839"},{"taxonomy":"product_tag","embeddable":true,"href":"https:\/\/eu.tilta.com\/de\/wp-json\/wp\/v2\/product_tag?post=2017839"}],"curies":[{"name":"wp","href":"https:\/\/api.w.org\/{rel}","templated":true}]}}