{"id":2017840,"date":"2024-12-13T07:37:28","date_gmt":"2024-12-13T06:37:28","guid":{"rendered":"https:\/\/eu.tilta.com\/shop\/aufbausatz-fuer-fujifilm-x100vi\/"},"modified":"2025-12-08T12:54:35","modified_gmt":"2025-12-08T11:54:35","slug":"top-mounting-kit-for-fujifilm-x100vi","status":"publish","type":"product","link":"https:\/\/eu.tilta.com\/de\/shop\/top-mounting-kit-for-fujifilm-x100vi\/","title":{"rendered":"Aufbausatz f\u00fcr Fujifilm X100VI"},"content":{"rendered":"<p>Dieses Top Mounting Kit f\u00fcr die Fujifilm X100VI enth\u00e4lt eine Top Protection Plate und eine Hot Shoe Thumb Bracket.<\/p>\n<p>Diese Schutzplatte wird an der Oberseite des Kamerageh\u00e4uses der Fujifilm X100VI befestigt und bietet leichten und robusten Schutz f\u00fcr die Kamera.<\/p>\n<p>Dieses Zubeh\u00f6r ist besonders hilfreich, wenn Sie auf Reisen sind oder die Kamera unter extremeren Bedingungen verwenden.<\/p>\n<p>Die Daumenhalterung f\u00fcr den Blitzschuh wird an der Blitzschuhaufnahme der Kamera befestigt, um dem Bediener eine bequeme und sichere Position f\u00fcr seinen Daumen zu bieten.<\/p>\n<p>Dadurch wird die Stabilit\u00e4t der Hand verbessert, was zu fl\u00fcssigeren Aufnahmen und einer insgesamt angenehmeren Bedienung f\u00fchren kann.<\/p>\n","protected":false},"excerpt":{"rendered":"<p>Dieses Top Mounting Kit f\u00fcr die Fujifilm X100VI enth\u00e4lt eine Top Protection Plate und eine Hot Shoe Thumb Bracket. Diese Schutzplatte wird an der Oberseite des Kamerageh\u00e4uses der Fujifilm X100VI befestigt und bietet leichten und robusten Schutz f\u00fcr die Kamera. [&hellip;]<\/p>\n","protected":false},"featured_media":2014724,"comment_status":"open","ping_status":"closed","template":"","meta":[],"product_cat":[3373],"product_tag":[],"acf":[],"gallery_images":[2014718,2014712,2014706],"_links":{"self":[{"href":"https:\/\/eu.tilta.com\/de\/wp-json\/wp\/v2\/product\/2017840"}],"collection":[{"href":"https:\/\/eu.tilta.com\/de\/wp-json\/wp\/v2\/product"}],"about":[{"href":"https:\/\/eu.tilta.com\/de\/wp-json\/wp\/v2\/types\/product"}],"replies":[{"embeddable":true,"href":"https:\/\/eu.tilta.com\/de\/wp-json\/wp\/v2\/comments?post=2017840"}],"wp:featuredmedia":[{"embeddable":true,"href":"https:\/\/eu.tilta.com\/de\/wp-json\/wp\/v2\/media\/2014724"}],"wp:attachment":[{"href":"https:\/\/eu.tilta.com\/de\/wp-json\/wp\/v2\/media?parent=2017840"}],"wp:term":[{"taxonomy":"product_cat","embeddable":true,"href":"https:\/\/eu.tilta.com\/de\/wp-json\/wp\/v2\/product_cat?post=2017840"},{"taxonomy":"product_tag","embeddable":true,"href":"https:\/\/eu.tilta.com\/de\/wp-json\/wp\/v2\/product_tag?post=2017840"}],"curies":[{"name":"wp","href":"https:\/\/api.w.org\/{rel}","templated":true}]}}