{"id":2017841,"date":"2024-12-13T08:08:16","date_gmt":"2024-12-13T07:08:16","guid":{"rendered":"https:\/\/eu.tilta.com\/shop\/vintage-kamerakaefig-fuer-fujifilm-x100vi-travel-kit\/"},"modified":"2026-01-19T18:30:08","modified_gmt":"2026-01-19T17:30:08","slug":"vintage-camera-cage-for-fujifilm-x100vi-travel-kit","status":"publish","type":"product","link":"https:\/\/eu.tilta.com\/de\/shop\/vintage-camera-cage-for-fujifilm-x100vi-travel-kit\/","title":{"rendered":"Vintage Kamerak\u00e4fig f\u00fcr Fujifilm X100VI Travel Kit"},"content":{"rendered":"<p>Wir stellen den Vintage-Kamerak\u00e4fig f\u00fcr das Fujifilm X100VI Travel Kit vor<\/p>\n<p>Dieses Kit enth\u00e4lt eine Reihe von leichtem Zubeh\u00f6r, das die Funktionalit\u00e4t der X100VI verbessert, w\u00e4hrend das System kompakt und dennoch leistungsf\u00e4hig bleibt.<\/p>\n<p>Die Basis dieses Kits ist ein L-Bracket mit einem Holzgriff aus Walnussholz, der eine komfortablere Bedienung und Handhabung der Kamera erm\u00f6glicht.<\/p>\n<p>Der Blitzschuh-Daumengriff wird an der Blitzschuhhalterung der Kamera befestigt und verbessert die Stabilit\u00e4t aus der Hand f\u00fcr fl\u00fcssigere Aufnahmen.<\/p>\n<p>Die Riemenbefestigungen aus echtem Leder bieten eine bequemere M\u00f6glichkeit, einen Kameragurt an das System anzuschlie\u00dfen oder abzunehmen.<\/p>\n<p>Die mitgelieferte ARCA-Schnellwechselplatte kann bei Bedarf angebracht werden. Damit l\u00e4sst sich das System problemlos an jedem ARCA-Empf\u00e4nger befestigen, wie z.B. an einem Gimbal der Ronin S-Serie oder an vielen leichten Stativen wie unserem <a href=\"https:\/\/eu.tilta.com\/shop\/tilta-vt05-travel-video-fluid-head-with-3-stage-carbon-fiber-tripod-legs-5kg\/\">VT-05 Travel Fluid Head Stativ<\/a>.<\/p>\n<p>Dieses Travel Kit enth\u00e4lt au\u00dferdem eine ultrad\u00fcnne CNC-Abdeckung, die einen leichten und robusten Schutz f\u00fcr die Kamera bietet &#8211; besonders hilfreich auf Reisen.<\/p>\n","protected":false},"excerpt":{"rendered":"<p>Wir stellen den Vintage-Kamerak\u00e4fig f\u00fcr das Fujifilm X100VI Travel Kit vor Dieses Kit enth\u00e4lt eine Reihe von leichtem Zubeh\u00f6r, das die Funktionalit\u00e4t der X100VI verbessert, w\u00e4hrend das System kompakt und dennoch leistungsf\u00e4hig bleibt. Die Basis dieses Kits ist ein L-Bracket [&hellip;]<\/p>\n","protected":false},"featured_media":2014799,"comment_status":"open","ping_status":"closed","template":"","meta":[],"product_cat":[3373],"product_tag":[],"acf":[],"gallery_images":[2014793,2014787,2014781,2014775,2014769,2014763,2014757],"_links":{"self":[{"href":"https:\/\/eu.tilta.com\/de\/wp-json\/wp\/v2\/product\/2017841"}],"collection":[{"href":"https:\/\/eu.tilta.com\/de\/wp-json\/wp\/v2\/product"}],"about":[{"href":"https:\/\/eu.tilta.com\/de\/wp-json\/wp\/v2\/types\/product"}],"replies":[{"embeddable":true,"href":"https:\/\/eu.tilta.com\/de\/wp-json\/wp\/v2\/comments?post=2017841"}],"wp:featuredmedia":[{"embeddable":true,"href":"https:\/\/eu.tilta.com\/de\/wp-json\/wp\/v2\/media\/2014799"}],"wp:attachment":[{"href":"https:\/\/eu.tilta.com\/de\/wp-json\/wp\/v2\/media?parent=2017841"}],"wp:term":[{"taxonomy":"product_cat","embeddable":true,"href":"https:\/\/eu.tilta.com\/de\/wp-json\/wp\/v2\/product_cat?post=2017841"},{"taxonomy":"product_tag","embeddable":true,"href":"https:\/\/eu.tilta.com\/de\/wp-json\/wp\/v2\/product_tag?post=2017841"}],"curies":[{"name":"wp","href":"https:\/\/api.w.org\/{rel}","templated":true}]}}