{"id":2017857,"date":"2024-12-13T04:45:37","date_gmt":"2024-12-13T03:45:37","guid":{"rendered":"https:\/\/eu.tilta.com\/shop\/leder-kameratasche-fuer-fujifilm-x100vi-gruen\/"},"modified":"2025-12-05T13:59:01","modified_gmt":"2025-12-05T12:59:01","slug":"leather-camera-case-for-fujifilm-x100vi-green","status":"publish","type":"product","link":"https:\/\/eu.tilta.com\/de\/shop\/leather-camera-case-for-fujifilm-x100vi-green\/","title":{"rendered":"Leder-Kameratasche f\u00fcr Fujifilm X100VI &#8211; Gr\u00fcn"},"content":{"rendered":"<p>Wir pr\u00e4sentieren die Ledertasche f\u00fcr die Fujifilm X100VI<\/p>\n<p>Dieses Geh\u00e4use wird mit einer 1\/4\u2033-20-Schraube befestigt und bietet dem Benutzer \u00fcber den integrierten Handgriff eine komfortablere M\u00f6glichkeit, das Kamerageh\u00e4use zu bedienen und zu handhaben.<\/p>\n<p>Das Design bietet au\u00dferdem zus\u00e4tzlichen Schutz f\u00fcr die Unterseite des Kamerageh\u00e4uses, was besonders beim Ablegen der Kamera n\u00fctzlich ist.<\/p>\n<p>Eine kleine Klappe an der Unterseite erm\u00f6glicht den einfachen Zugriff auf das Batteriefach.<\/p>\n","protected":false},"excerpt":{"rendered":"<p>Wir pr\u00e4sentieren die Ledertasche f\u00fcr die Fujifilm X100VI Dieses Geh\u00e4use wird mit einer 1\/4\u2033-20-Schraube befestigt und bietet dem Benutzer \u00fcber den integrierten Handgriff eine komfortablere M\u00f6glichkeit, das Kamerageh\u00e4use zu bedienen und zu handhaben. Das Design bietet au\u00dferdem zus\u00e4tzlichen Schutz f\u00fcr [&hellip;]<\/p>\n","protected":false},"featured_media":2014669,"comment_status":"open","ping_status":"closed","template":"","meta":[],"product_cat":[3373],"product_tag":[],"acf":[],"gallery_images":[2014699,2014693,2014687,2014681,2014675],"_links":{"self":[{"href":"https:\/\/eu.tilta.com\/de\/wp-json\/wp\/v2\/product\/2017857"}],"collection":[{"href":"https:\/\/eu.tilta.com\/de\/wp-json\/wp\/v2\/product"}],"about":[{"href":"https:\/\/eu.tilta.com\/de\/wp-json\/wp\/v2\/types\/product"}],"replies":[{"embeddable":true,"href":"https:\/\/eu.tilta.com\/de\/wp-json\/wp\/v2\/comments?post=2017857"}],"wp:featuredmedia":[{"embeddable":true,"href":"https:\/\/eu.tilta.com\/de\/wp-json\/wp\/v2\/media\/2014669"}],"wp:attachment":[{"href":"https:\/\/eu.tilta.com\/de\/wp-json\/wp\/v2\/media?parent=2017857"}],"wp:term":[{"taxonomy":"product_cat","embeddable":true,"href":"https:\/\/eu.tilta.com\/de\/wp-json\/wp\/v2\/product_cat?post=2017857"},{"taxonomy":"product_tag","embeddable":true,"href":"https:\/\/eu.tilta.com\/de\/wp-json\/wp\/v2\/product_tag?post=2017857"}],"curies":[{"name":"wp","href":"https:\/\/api.w.org\/{rel}","templated":true}]}}