{"id":2017889,"date":"2024-12-12T08:21:59","date_gmt":"2024-12-12T07:21:59","guid":{"rendered":"https:\/\/eu.tilta.com\/shop\/blitzschuh-halterung-fuer-fujifilm-x100vi\/"},"modified":"2025-12-05T13:59:49","modified_gmt":"2025-12-05T12:59:49","slug":"hot-shoe-thumb-bracket-for-fujifilm-x100vi","status":"publish","type":"product","link":"https:\/\/eu.tilta.com\/de\/shop\/hot-shoe-thumb-bracket-for-fujifilm-x100vi\/","title":{"rendered":"Blitzschuh-Halterung f\u00fcr Fujifilm X100VI"},"content":{"rendered":"<p>Der Hot Shoe Thumb Bracket ist ein leichtes mechanisches Zubeh\u00f6r f\u00fcr die Fujifilm X100VI.<\/p>\n<p>Dieser Daumengriff wird am Blitzschuh der Kamera befestigt, um dem Bediener eine bequeme und sichere Position f\u00fcr seinen Daumen zu bieten.<\/p>\n<p>Dadurch wird die Stabilit\u00e4t der Hand verbessert, was zu fl\u00fcssigeren Aufnahmen und einer insgesamt angenehmeren Bedienung f\u00fchren kann.<\/p>\n","protected":false},"excerpt":{"rendered":"<p>Der Hot Shoe Thumb Bracket ist ein leichtes mechanisches Zubeh\u00f6r f\u00fcr die Fujifilm X100VI. Dieser Daumengriff wird am Blitzschuh der Kamera befestigt, um dem Bediener eine bequeme und sichere Position f\u00fcr seinen Daumen zu bieten. Dadurch wird die Stabilit\u00e4t der [&hellip;]<\/p>\n","protected":false},"featured_media":2014541,"comment_status":"open","ping_status":"closed","template":"","meta":[],"product_cat":[3373],"product_tag":[],"acf":[],"gallery_images":[2014535],"_links":{"self":[{"href":"https:\/\/eu.tilta.com\/de\/wp-json\/wp\/v2\/product\/2017889"}],"collection":[{"href":"https:\/\/eu.tilta.com\/de\/wp-json\/wp\/v2\/product"}],"about":[{"href":"https:\/\/eu.tilta.com\/de\/wp-json\/wp\/v2\/types\/product"}],"replies":[{"embeddable":true,"href":"https:\/\/eu.tilta.com\/de\/wp-json\/wp\/v2\/comments?post=2017889"}],"wp:featuredmedia":[{"embeddable":true,"href":"https:\/\/eu.tilta.com\/de\/wp-json\/wp\/v2\/media\/2014541"}],"wp:attachment":[{"href":"https:\/\/eu.tilta.com\/de\/wp-json\/wp\/v2\/media?parent=2017889"}],"wp:term":[{"taxonomy":"product_cat","embeddable":true,"href":"https:\/\/eu.tilta.com\/de\/wp-json\/wp\/v2\/product_cat?post=2017889"},{"taxonomy":"product_tag","embeddable":true,"href":"https:\/\/eu.tilta.com\/de\/wp-json\/wp\/v2\/product_tag?post=2017889"}],"curies":[{"name":"wp","href":"https:\/\/api.w.org\/{rel}","templated":true}]}}