{"id":2017891,"date":"2024-12-12T10:30:03","date_gmt":"2024-12-12T09:30:03","guid":{"rendered":"https:\/\/eu.tilta.com\/shop\/obere-schutzplatte-fuer-fujifilm-x100vi\/"},"modified":"2025-12-05T13:59:49","modified_gmt":"2025-12-05T12:59:49","slug":"top-protection-plate-for-fujifilm-x100vi","status":"publish","type":"product","link":"https:\/\/eu.tilta.com\/de\/shop\/top-protection-plate-for-fujifilm-x100vi\/","title":{"rendered":"Obere Schutzplatte f\u00fcr Fujifilm X100VI"},"content":{"rendered":"<p>Diese Schutzplatte wird an der Oberseite des Kamerageh\u00e4uses der Fujifilm X100VI befestigt und bietet leichten und robusten Schutz f\u00fcr die Kamera.<\/p>\n<p>Dieses Zubeh\u00f6r ist besonders hilfreich, wenn Sie auf Reisen sind oder die Kamera unter extremeren Bedingungen verwenden.<\/p>\n","protected":false},"excerpt":{"rendered":"<p>Diese Schutzplatte wird an der Oberseite des Kamerageh\u00e4uses der Fujifilm X100VI befestigt und bietet leichten und robusten Schutz f\u00fcr die Kamera. Dieses Zubeh\u00f6r ist besonders hilfreich, wenn Sie auf Reisen sind oder die Kamera unter extremeren Bedingungen verwenden.<\/p>\n","protected":false},"featured_media":2014636,"comment_status":"open","ping_status":"closed","template":"","meta":[],"product_cat":[3373],"product_tag":[],"acf":[],"gallery_images":[2014630],"_links":{"self":[{"href":"https:\/\/eu.tilta.com\/de\/wp-json\/wp\/v2\/product\/2017891"}],"collection":[{"href":"https:\/\/eu.tilta.com\/de\/wp-json\/wp\/v2\/product"}],"about":[{"href":"https:\/\/eu.tilta.com\/de\/wp-json\/wp\/v2\/types\/product"}],"replies":[{"embeddable":true,"href":"https:\/\/eu.tilta.com\/de\/wp-json\/wp\/v2\/comments?post=2017891"}],"wp:featuredmedia":[{"embeddable":true,"href":"https:\/\/eu.tilta.com\/de\/wp-json\/wp\/v2\/media\/2014636"}],"wp:attachment":[{"href":"https:\/\/eu.tilta.com\/de\/wp-json\/wp\/v2\/media?parent=2017891"}],"wp:term":[{"taxonomy":"product_cat","embeddable":true,"href":"https:\/\/eu.tilta.com\/de\/wp-json\/wp\/v2\/product_cat?post=2017891"},{"taxonomy":"product_tag","embeddable":true,"href":"https:\/\/eu.tilta.com\/de\/wp-json\/wp\/v2\/product_tag?post=2017891"}],"curies":[{"name":"wp","href":"https:\/\/api.w.org\/{rel}","templated":true}]}}