{"id":2017936,"date":"2024-12-12T03:53:55","date_gmt":"2024-12-12T02:53:55","guid":{"rendered":"https:\/\/eu.tilta.com\/shop\/tilta-tisch-video-fluidkopf-mit-1-stufigen-carbonfaser-stativbeinen-3kg\/"},"modified":"2025-12-05T14:00:49","modified_gmt":"2025-12-05T13:00:49","slug":"tilta-tabletop-video-fluid-head-with-1-stage-carbon-fiber-tripod-legs-3kg","status":"publish","type":"product","link":"https:\/\/eu.tilta.com\/de\/shop\/tilta-tabletop-video-fluid-head-with-1-stage-carbon-fiber-tripod-legs-3kg\/","title":{"rendered":"Tilta Tisch-Video-Fluidkopf mit 1-stufigen Carbonfaser-Stativbeinen (3KG)"},"content":{"rendered":"<p><em>Wir stellen Ihnen den Tabletop-Video-Fluidkopf mit 1-stufigen Stativbeinen aus Kohlefaser VT03 vor, ein vielseitiges und kompaktes Stativ, das auf Pr\u00e4zision und Tragbarkeit ausgelegt ist.<\/em><\/p>\n<p>Der pr\u00e4zisionsgefertigte Fluidkopf tr\u00e4gt bis zu 3 kg (6,6 lbs) und sorgt f\u00fcr reibungslose, pr\u00e4zise Bewegungen f\u00fcr professionelle Aufnahmen. Durch den ARCA-Empf\u00e4nger und die mitgelieferte Schnellwechselplatte ist der Fluidkopf mit den meisten Kamerasystemen oder K\u00e4figen kompatibel.<\/p>\n<p>Die Arca Schnellwechselplatte l\u00e4sst sich mit einer 1\/4\u2033-20 Schraube sicher an den meisten Kameras und Kamerak\u00e4figen befestigen. Viele unserer Kamerak\u00e4fige sind von Haus aus kompatibel.<\/p>\n<p>Mit seinem schlanken Design ohne Mittels\u00e4ule eignet sich dieses Stativ hervorragend f\u00fcr enge R\u00e4ume und Aufnahmen aus niedrigen Winkeln. Die ultratiefen Aufnahmem\u00f6glichkeiten des Stativs werden durch drei verstellbare Beinwinkel erweitert, die kreative Perspektiven aus verschiedenen Blickwinkeln erm\u00f6glichen.<\/p>\n<p>Das Stativ aus mehrlagiger, diamantgekreuzter Karbonfaser ist sowohl robust als auch unglaublich leicht und damit ideal f\u00fcr den t\u00e4glichen Gebrauch.<\/p>\n<p>Seine zweiteiligen Beine lassen sich bis zu 13,7\u2033 ausziehen und der Drehverschlussmechanismus erm\u00f6glicht eine schnelle und pr\u00e4zise H\u00f6henverstellung. Dieser kann mit einer optionalen Verl\u00e4ngerungsstange f\u00fcr zus\u00e4tzliche H\u00f6he kombiniert werden.<\/p>\n<p>Au\u00dferdem l\u00e4sst sich der Griff f\u00fcr zus\u00e4tzlichen Komfort in verschiedene L\u00e4ngen ausziehen, w\u00e4hrend die Beine \u00fcber 1\/4\u2033-20 Befestigungspunkte mit Passstiften verf\u00fcgen, an denen der Benutzer verschiedenes Zubeh\u00f6r befestigen kann.<\/p>\n","protected":false},"excerpt":{"rendered":"<p>Wir stellen Ihnen den Tabletop-Video-Fluidkopf mit 1-stufigen Stativbeinen aus Kohlefaser VT03 vor, ein vielseitiges und kompaktes Stativ, das auf Pr\u00e4zision und Tragbarkeit ausgelegt ist. Der pr\u00e4zisionsgefertigte Fluidkopf tr\u00e4gt bis zu 3 kg (6,6 lbs) und sorgt f\u00fcr reibungslose, pr\u00e4zise Bewegungen [&hellip;]<\/p>\n","protected":false},"featured_media":2014220,"comment_status":"open","ping_status":"closed","template":"","meta":[],"product_cat":[3358,3373,3303],"product_tag":[],"acf":[],"gallery_images":[2014212,2014206,2014200,2014194,2014188,2014182,2014176,2014170],"_links":{"self":[{"href":"https:\/\/eu.tilta.com\/de\/wp-json\/wp\/v2\/product\/2017936"}],"collection":[{"href":"https:\/\/eu.tilta.com\/de\/wp-json\/wp\/v2\/product"}],"about":[{"href":"https:\/\/eu.tilta.com\/de\/wp-json\/wp\/v2\/types\/product"}],"replies":[{"embeddable":true,"href":"https:\/\/eu.tilta.com\/de\/wp-json\/wp\/v2\/comments?post=2017936"}],"wp:featuredmedia":[{"embeddable":true,"href":"https:\/\/eu.tilta.com\/de\/wp-json\/wp\/v2\/media\/2014220"}],"wp:attachment":[{"href":"https:\/\/eu.tilta.com\/de\/wp-json\/wp\/v2\/media?parent=2017936"}],"wp:term":[{"taxonomy":"product_cat","embeddable":true,"href":"https:\/\/eu.tilta.com\/de\/wp-json\/wp\/v2\/product_cat?post=2017936"},{"taxonomy":"product_tag","embeddable":true,"href":"https:\/\/eu.tilta.com\/de\/wp-json\/wp\/v2\/product_tag?post=2017936"}],"curies":[{"name":"wp","href":"https:\/\/api.w.org\/{rel}","templated":true}]}}