{"id":2017975,"date":"2024-11-28T07:45:35","date_gmt":"2024-11-28T06:45:35","guid":{"rendered":"https:\/\/eu.tilta.com\/shop\/kamerakaefig-fuer-blackmagic-pyxis-6k-pro-kit\/"},"modified":"2025-12-05T14:01:13","modified_gmt":"2025-12-05T13:01:13","slug":"camera-cage-for-blackmagic-pyxis-6k-pro-kit","status":"publish","type":"product","link":"https:\/\/eu.tilta.com\/de\/shop\/camera-cage-for-blackmagic-pyxis-6k-pro-kit\/","title":{"rendered":"Kamerak\u00e4fig f\u00fcr Blackmagic PYXIS 6K Pro Kit"},"content":{"rendered":"<div class=\"overview-text\">\n<p><em>Einf\u00fchrung des Kamerak\u00e4figs f\u00fcr das Blackmagic PYXIS 6K Pro Kit  <\/em><\/p>\n<p>Dieser Kamerak\u00e4fig bietet Schutz f\u00fcr das Kamerageh\u00e4use und nutzt modulare Designoptionen, um die Funktionalit\u00e4t der Pyxis durch Befestigungsoptionen wie NATO-Schiene, Arri-Rosette, Cold Shoe, 3\/8\u2033-16 und 1\/4\u2033-20 Gewinde mit Fixierpunkten erheblich zu verbessern.<\/p>\n<p>Die Seitenplatte unterst\u00fctzt den schnellen \u00dcbergang zu vertikalen Aufbauten, da sie bei vertikaler Montage als Bodenplatte verwendet werden kann und gen\u00fcgend Platz zwischen Gest\u00e4nge und Objektiv f\u00fcr das meiste Zubeh\u00f6r bietet. In dieser Konfiguration ist die Platte mit speziell positionierten Gewinden versehen, um die Grundplatte auf das optische Zentrum des Objektivs auszurichten.<\/p>\n<p>Diese Seitenplatte unterst\u00fctzt auch externe Aufnahmen \u00fcber die integrierte SSD-Halterung und verf\u00fcgt \u00fcber mehrere 1\/4&#8243;-20 Gewinde f\u00fcr diverses Zubeh\u00f6r. Die SSD-Halterung eignet sich f\u00fcr Festplatten mit einer Breite von 52mm-60mm und einer Dicke von weniger als 12mm.<\/p>\n<p>Sowohl die obere als auch die untere Platte sind so konzipiert, dass sie die W\u00e4rmeableitungs\u00f6ffnungen des Geh\u00e4uses nicht ber\u00fchren, so dass die K\u00fchlleistung der Kamera nicht beeintr\u00e4chtigt wird. Die Top Plate ist mit dem nativen PYXIS-Topgriff kompatibel und verf\u00fcgt au\u00dferdem \u00fcber einen abnehmbaren 3\/8-auf 1\/4-Gewindeadapter, so dass Sie verschiedene Topgriffe f\u00fcr unterschiedlich gro\u00dfe Setups w\u00e4hlen k\u00f6nnen.<\/p>\n<p>Im Basis-Kit enthalten ist der Xeno Top Handle, der \u00fcber eine NATO-Schiene mit der Top Plate verbunden wird. Dies verbessert die Handhabung und die Betriebsm\u00f6glichkeiten durch ein elegantes Design mit mehr Freiraum. Dieser Griff bietet mehrere Befestigungsm\u00f6glichkeiten f\u00fcr zus\u00e4tzliches Zubeh\u00f6r, darunter ein 1\/4\u2033-20-Gewinde und einen Cold Shoe-Empf\u00e4nger, der sich perfekt f\u00fcr die Montage eines externen Monitors eignet.<\/p>\n<p>Die mitgelieferte 15-mm-LWS-Grundplatte und zwei 15-mm-Stangen erm\u00f6glichen die Montage von Zubeh\u00f6r, das auf Stangen basiert, wie z.B. Matteboxen oder Follow-Focus-Systeme. An der Unterseite der Grundplatte befindet sich eine Tilta Standard-Schwalbenschwanzaufnahme, die mit unserer optionalen Tilta Standard zu Arri Standard Multifunktions-Grundplatte f\u00fcr die Verwendung mit Arri Standard-Schwalbenschw\u00e4nzen angepasst werden kann.<\/p>\n<p>Die Akkuplatte l\u00e4sst sich einfach in das Batteriefach der Pyxis einsetzen und verriegeln, um die Kamera mit Strom zu versorgen. Sie kann au\u00dferdem mit einer R\u00e4ndelschraube an der oberen Platte befestigt werden.<\/p>\n<p>Die Akkuplatte verf\u00fcgt \u00fcber 2x 14,8V P-Tap Anschl\u00fcsse, 1x 14,8V 2 Pin Lemo Anschluss, 1x USB-C Anschluss und einen DC Power Input Anschluss.<\/p>\n<\/div>\n","protected":false},"excerpt":{"rendered":"<p>Einf\u00fchrung des Kamerak\u00e4figs f\u00fcr das Blackmagic PYXIS 6K Pro Kit Dieser Kamerak\u00e4fig bietet Schutz f\u00fcr das Kamerageh\u00e4use und nutzt modulare Designoptionen, um die Funktionalit\u00e4t der Pyxis durch Befestigungsoptionen wie NATO-Schiene, Arri-Rosette, Cold Shoe, 3\/8\u2033-16 und 1\/4\u2033-20 Gewinde mit Fixierpunkten erheblich [&hellip;]<\/p>\n","protected":false},"featured_media":2013771,"comment_status":"open","ping_status":"closed","template":"","meta":[],"product_cat":[3382],"product_tag":[],"acf":[],"gallery_images":[2013765,2013759,2013753,2013789,2013783,2013777],"_links":{"self":[{"href":"https:\/\/eu.tilta.com\/de\/wp-json\/wp\/v2\/product\/2017975"}],"collection":[{"href":"https:\/\/eu.tilta.com\/de\/wp-json\/wp\/v2\/product"}],"about":[{"href":"https:\/\/eu.tilta.com\/de\/wp-json\/wp\/v2\/types\/product"}],"replies":[{"embeddable":true,"href":"https:\/\/eu.tilta.com\/de\/wp-json\/wp\/v2\/comments?post=2017975"}],"wp:featuredmedia":[{"embeddable":true,"href":"https:\/\/eu.tilta.com\/de\/wp-json\/wp\/v2\/media\/2013771"}],"wp:attachment":[{"href":"https:\/\/eu.tilta.com\/de\/wp-json\/wp\/v2\/media?parent=2017975"}],"wp:term":[{"taxonomy":"product_cat","embeddable":true,"href":"https:\/\/eu.tilta.com\/de\/wp-json\/wp\/v2\/product_cat?post=2017975"},{"taxonomy":"product_tag","embeddable":true,"href":"https:\/\/eu.tilta.com\/de\/wp-json\/wp\/v2\/product_tag?post=2017975"}],"curies":[{"name":"wp","href":"https:\/\/api.w.org\/{rel}","templated":true}]}}