{"id":2017979,"date":"2024-12-06T08:53:12","date_gmt":"2024-12-06T07:53:12","guid":{"rendered":"https:\/\/eu.tilta.com\/shop\/quick-release-shoulder-pad-grundplatte-fuer-canon-c400\/"},"modified":"2025-12-29T17:11:47","modified_gmt":"2025-12-29T16:11:47","slug":"quick-release-shoulder-pad-baseplate-for-canon-c400","status":"publish","type":"product","link":"https:\/\/eu.tilta.com\/de\/shop\/quick-release-shoulder-pad-baseplate-for-canon-c400\/","title":{"rendered":"Quick Release Shoulder Pad Grundplatte f\u00fcr Canon C400"},"content":{"rendered":"<p><em>Wir stellen die Quick Release Shoulder Pad Baseplate f\u00fcr Canon C400 vor<\/em><\/p>\n<p>Mit dieser Sony VCT-U14 kompatiblen Grundplatte k\u00f6nnen Sie diverses Zubeh\u00f6r \u00fcber 15mm LWS-Stangen an der Vorderseite der Grundplatte befestigen.<\/p>\n<p>Es verf\u00fcgt \u00fcber ein ergonomisches Schulterpolster, so dass der Benutzer schnell zwischen Stativ- und Schulterkonfiguration wechseln kann.<\/p>\n<p>Die Grundplatte verf\u00fcgt \u00fcber einen Manfrotto-Empf\u00e4nger an der Oberseite, der f\u00fcr die Befestigung des Kamerageh\u00e4uses \u00fcber unsere <a href=\"https:\/\/eu.tilta.com\/shop\/tilta-manfrotto-universal-quick-release-plate-black\/\">Manfrotto-Schnellwechselplatte<\/a> verwendet werden kann.<\/p>\n<p>Sie ist au\u00dferdem mit Arri-Rosetten ausgestattet, die Sie ben\u00f6tigen, um Rosetten-Verl\u00e4ngerungsarme und Handgriffe f\u00fcr eine komfortable Bedienung \u00fcber die Schulter zu montieren.<\/p>\n","protected":false},"excerpt":{"rendered":"<p>Wir stellen die Quick Release Shoulder Pad Baseplate f\u00fcr Canon C400 vor Mit dieser Sony VCT-U14 kompatiblen Grundplatte k\u00f6nnen Sie diverses Zubeh\u00f6r \u00fcber 15mm LWS-Stangen an der Vorderseite der Grundplatte befestigen. Es verf\u00fcgt \u00fcber ein ergonomisches Schulterpolster, so dass der [&hellip;]<\/p>\n","protected":false},"featured_media":2014119,"comment_status":"open","ping_status":"closed","template":"","meta":[],"product_cat":[3232],"product_tag":[],"acf":[],"gallery_images":[2014113,2014107,2014101],"_links":{"self":[{"href":"https:\/\/eu.tilta.com\/de\/wp-json\/wp\/v2\/product\/2017979"}],"collection":[{"href":"https:\/\/eu.tilta.com\/de\/wp-json\/wp\/v2\/product"}],"about":[{"href":"https:\/\/eu.tilta.com\/de\/wp-json\/wp\/v2\/types\/product"}],"replies":[{"embeddable":true,"href":"https:\/\/eu.tilta.com\/de\/wp-json\/wp\/v2\/comments?post=2017979"}],"wp:featuredmedia":[{"embeddable":true,"href":"https:\/\/eu.tilta.com\/de\/wp-json\/wp\/v2\/media\/2014119"}],"wp:attachment":[{"href":"https:\/\/eu.tilta.com\/de\/wp-json\/wp\/v2\/media?parent=2017979"}],"wp:term":[{"taxonomy":"product_cat","embeddable":true,"href":"https:\/\/eu.tilta.com\/de\/wp-json\/wp\/v2\/product_cat?post=2017979"},{"taxonomy":"product_tag","embeddable":true,"href":"https:\/\/eu.tilta.com\/de\/wp-json\/wp\/v2\/product_tag?post=2017979"}],"curies":[{"name":"wp","href":"https:\/\/api.w.org\/{rel}","templated":true}]}}