{"id":2017987,"date":"2024-11-29T11:01:44","date_gmt":"2024-11-29T10:01:44","guid":{"rendered":"https:\/\/eu.tilta.com\/shop\/erweiterungszubehoer-fuer-dji-focus-pro\/"},"modified":"2026-02-16T09:03:26","modified_gmt":"2026-02-16T08:03:26","slug":"expansion-accessories-for-dji-focus-pro","status":"publish","type":"product","link":"https:\/\/eu.tilta.com\/de\/shop\/expansion-accessories-for-dji-focus-pro\/","title":{"rendered":"Erweiterungszubeh\u00f6r f\u00fcr DJI Focus Pro"},"content":{"rendered":"<div class=\"overview-text\">\n<p>Dieses Erweiterungszubeh\u00f6r f\u00fcr DJI Focus Pro erweitert die Befestigungsm\u00f6glichkeiten f\u00fcr den Focus Pro Handgriff und den LiDAR-Entfernungsmesser.<\/p>\n<p>Mit dem Top-Handle-Adapter f\u00fcr den DJI Focus Pro Grip k\u00f6nnen Sie den Focus Pro Handgriff \u00fcber eine NATO-Schiene in einer horizontalen Position an der Oberseite eines Kamerageh\u00e4uses befestigen, um ihn als Top-Handle zu verwenden. Das Erweiterungszubeh\u00f6r-Kit enth\u00e4lt eine <a href=\"https:\/\/eu.tilta.com\/shop\/tiltaing-18mm-nato-rail-attachment\/\">18-mm-NATO-Schienenbefestigung<\/a> zur Erweiterung der Kompatibilit\u00e4t mit anderen K\u00e4figen und Ger\u00e4ten.<\/p>\n<p>Dies bietet eine einzigartige Positionierungsm\u00f6glichkeit f\u00fcr den Handgriff, die es dem Benutzer erm\u00f6glicht, die Focus Pro bequem aus niedrigeren Winkeln zu bedienen.<\/p>\n<p>Die drehbare Halterung f\u00fcr DJI Focus Pro LiDAR bietet dem Benutzer zus\u00e4tzliche Flexibilit\u00e4t bei der Montage des LiDAR-Entfernungsmessers \u00fcber eine Cold Shoe Halterung und eine verstellbare Halterung.<\/p>\n<p>Dies kann f\u00fcr Rigs verwendet werden, bei denen das LiDAR direkt am Handgriff montiert ist und so eingestellt werden kann, dass das LiDAR bei verschiedenen Winkeln des Handgriffs waagerecht bleibt.<\/p>\n<\/div>\n","protected":false},"excerpt":{"rendered":"<p>Dieses Erweiterungszubeh\u00f6r f\u00fcr DJI Focus Pro erweitert die Befestigungsm\u00f6glichkeiten f\u00fcr den Focus Pro Handgriff und den LiDAR-Entfernungsmesser. Mit dem Top-Handle-Adapter f\u00fcr den DJI Focus Pro Grip k\u00f6nnen Sie den Focus Pro Handgriff \u00fcber eine NATO-Schiene in einer horizontalen Position an [&hellip;]<\/p>\n","protected":false},"featured_media":2014152,"comment_status":"open","ping_status":"closed","template":"","meta":[],"product_cat":[4448,3383],"product_tag":[],"acf":[],"gallery_images":[2014021,2014015,2014009,2014003,2013997],"_links":{"self":[{"href":"https:\/\/eu.tilta.com\/de\/wp-json\/wp\/v2\/product\/2017987"}],"collection":[{"href":"https:\/\/eu.tilta.com\/de\/wp-json\/wp\/v2\/product"}],"about":[{"href":"https:\/\/eu.tilta.com\/de\/wp-json\/wp\/v2\/types\/product"}],"replies":[{"embeddable":true,"href":"https:\/\/eu.tilta.com\/de\/wp-json\/wp\/v2\/comments?post=2017987"}],"wp:featuredmedia":[{"embeddable":true,"href":"https:\/\/eu.tilta.com\/de\/wp-json\/wp\/v2\/media\/2014152"}],"wp:attachment":[{"href":"https:\/\/eu.tilta.com\/de\/wp-json\/wp\/v2\/media?parent=2017987"}],"wp:term":[{"taxonomy":"product_cat","embeddable":true,"href":"https:\/\/eu.tilta.com\/de\/wp-json\/wp\/v2\/product_cat?post=2017987"},{"taxonomy":"product_tag","embeddable":true,"href":"https:\/\/eu.tilta.com\/de\/wp-json\/wp\/v2\/product_tag?post=2017987"}],"curies":[{"name":"wp","href":"https:\/\/api.w.org\/{rel}","templated":true}]}}