{"id":2018074,"date":"2024-11-26T04:30:54","date_gmt":"2024-11-26T03:30:54","guid":{"rendered":"https:\/\/eu.tilta.com\/shop\/cold-shoe-adapter-fuer-tilta-mirage\/"},"modified":"2025-12-05T14:02:13","modified_gmt":"2025-12-05T13:02:13","slug":"cold-shoe-adapter-for-tilta-mirage","status":"publish","type":"product","link":"https:\/\/eu.tilta.com\/de\/shop\/cold-shoe-adapter-for-tilta-mirage\/","title":{"rendered":"Cold Shoe Adapter f\u00fcr Tilta Mirage"},"content":{"rendered":"<p>Dieser Cold Shoe Adapter f\u00fcr die Tilta Mirage ist das perfekte Zubeh\u00f6r zur Erweiterung der Montagem\u00f6glichkeiten der Mirage Matte Box.<\/p>\n<p>Dieser Adapter ersetzt die Top Flag und bietet einen zentrierten Cold Shoe-Empf\u00e4nger, der sich perfekt f\u00fcr eine Reihe von Zubeh\u00f6r wie kleine LED-Lichter oder den DJI LiDAR Rangefinder eignet.<\/p>\n<p>So k\u00f6nnen Sie bei Verwendung der Mirage Matte Box Zubeh\u00f6r auf Basis des Kalten Schuhs direkt \u00fcber der Vorderseite des Objektivs anbringen.<\/p>\n","protected":false},"excerpt":{"rendered":"<p>Dieser Cold Shoe Adapter f\u00fcr die Tilta Mirage ist das perfekte Zubeh\u00f6r zur Erweiterung der Montagem\u00f6glichkeiten der Mirage Matte Box. Dieser Adapter ersetzt die Top Flag und bietet einen zentrierten Cold Shoe-Empf\u00e4nger, der sich perfekt f\u00fcr eine Reihe von Zubeh\u00f6r [&hellip;]<\/p>\n","protected":false},"featured_media":2013454,"comment_status":"open","ping_status":"closed","template":"","meta":[],"product_cat":[3247],"product_tag":[],"acf":[],"gallery_images":[2013448,2013442,2013436],"_links":{"self":[{"href":"https:\/\/eu.tilta.com\/de\/wp-json\/wp\/v2\/product\/2018074"}],"collection":[{"href":"https:\/\/eu.tilta.com\/de\/wp-json\/wp\/v2\/product"}],"about":[{"href":"https:\/\/eu.tilta.com\/de\/wp-json\/wp\/v2\/types\/product"}],"replies":[{"embeddable":true,"href":"https:\/\/eu.tilta.com\/de\/wp-json\/wp\/v2\/comments?post=2018074"}],"wp:featuredmedia":[{"embeddable":true,"href":"https:\/\/eu.tilta.com\/de\/wp-json\/wp\/v2\/media\/2013454"}],"wp:attachment":[{"href":"https:\/\/eu.tilta.com\/de\/wp-json\/wp\/v2\/media?parent=2018074"}],"wp:term":[{"taxonomy":"product_cat","embeddable":true,"href":"https:\/\/eu.tilta.com\/de\/wp-json\/wp\/v2\/product_cat?post=2018074"},{"taxonomy":"product_tag","embeddable":true,"href":"https:\/\/eu.tilta.com\/de\/wp-json\/wp\/v2\/product_tag?post=2018074"}],"curies":[{"name":"wp","href":"https:\/\/api.w.org\/{rel}","templated":true}]}}