{"id":2018076,"date":"2024-11-26T07:41:19","date_gmt":"2024-11-26T06:41:19","guid":{"rendered":"https:\/\/eu.tilta.com\/shop\/batterieplatte-fuer-blackmagic-pyxis-6k\/"},"modified":"2025-12-05T14:02:26","modified_gmt":"2025-12-05T13:02:26","slug":"battery-plate-for-blackmagic-pyxis-6k","status":"publish","type":"product","link":"https:\/\/eu.tilta.com\/de\/shop\/battery-plate-for-blackmagic-pyxis-6k\/","title":{"rendered":"Batterieplatte f\u00fcr Blackmagic PYXIS 6K"},"content":{"rendered":"<p><em>Einf\u00fchrung der Akkuplatte f\u00fcr die Blackmagic PYXIS 6K<\/em><\/p>\n<p>Diese Batterieplatte l\u00e4sst sich einfach in das Batteriefach der Pyxis einbauen und verriegeln, um die Stromversorgung \u00fcber eine Blindbatterie zu gew\u00e4hrleisten.<\/p>\n<p>So k\u00f6nnen Sie Ihre Kamera und das Zubeh\u00f6r \u00fcber V-Mount- oder Gold-Mount-Akkus mit Strom versorgen, was die Laufzeit der Kamera im Vergleich zu internen Akkus erheblich verl\u00e4ngern kann.<\/p>\n<p>Die Akkuplatte verf\u00fcgt \u00fcber 2x 14,8V P-Tap Anschl\u00fcsse, 1x 14,8V 2 Pin Lemo Anschluss, 1x USB-C Anschluss und einen DC Power Input Anschluss.<\/p>\n<p>Dieser DC-Eingang ist perfekt f\u00fcr Hot-Swapping-Akkus oder f\u00fcr leichte Konstruktionen, da er es dem Benutzer erm\u00f6glicht, die Akkuplatte \u00fcber eine externe Stromquelle zu betreiben. (Stromkabel nicht enthalten)<\/p>\n<p>Wenn Sie die Top Plate (nicht im Lieferumfang enthalten) verwenden, kann diese Batterieplatte zus\u00e4tzlich mit einer R\u00e4ndelschraube gesichert werden.<\/p>\n","protected":false},"excerpt":{"rendered":"<p>Einf\u00fchrung der Akkuplatte f\u00fcr die Blackmagic PYXIS 6K Diese Batterieplatte l\u00e4sst sich einfach in das Batteriefach der Pyxis einbauen und verriegeln, um die Stromversorgung \u00fcber eine Blindbatterie zu gew\u00e4hrleisten. So k\u00f6nnen Sie Ihre Kamera und das Zubeh\u00f6r \u00fcber V-Mount- oder [&hellip;]<\/p>\n","protected":false},"featured_media":2013491,"comment_status":"open","ping_status":"closed","template":"","meta":[],"product_cat":[3382],"product_tag":[],"acf":[],"gallery_images":[2013485,2013479,2013473,2013467,2013461],"_links":{"self":[{"href":"https:\/\/eu.tilta.com\/de\/wp-json\/wp\/v2\/product\/2018076"}],"collection":[{"href":"https:\/\/eu.tilta.com\/de\/wp-json\/wp\/v2\/product"}],"about":[{"href":"https:\/\/eu.tilta.com\/de\/wp-json\/wp\/v2\/types\/product"}],"replies":[{"embeddable":true,"href":"https:\/\/eu.tilta.com\/de\/wp-json\/wp\/v2\/comments?post=2018076"}],"wp:featuredmedia":[{"embeddable":true,"href":"https:\/\/eu.tilta.com\/de\/wp-json\/wp\/v2\/media\/2013491"}],"wp:attachment":[{"href":"https:\/\/eu.tilta.com\/de\/wp-json\/wp\/v2\/media?parent=2018076"}],"wp:term":[{"taxonomy":"product_cat","embeddable":true,"href":"https:\/\/eu.tilta.com\/de\/wp-json\/wp\/v2\/product_cat?post=2018076"},{"taxonomy":"product_tag","embeddable":true,"href":"https:\/\/eu.tilta.com\/de\/wp-json\/wp\/v2\/product_tag?post=2018076"}],"curies":[{"name":"wp","href":"https:\/\/api.w.org\/{rel}","templated":true}]}}