{"id":2018089,"date":"2024-11-26T11:32:20","date_gmt":"2024-11-26T10:32:20","guid":{"rendered":"https:\/\/eu.tilta.com\/shop\/vollstaendiger-kamerakaefig-fuer-blackmagic-pyxis-6k\/"},"modified":"2025-12-05T14:02:18","modified_gmt":"2025-12-05T13:02:18","slug":"full-camera-cage-for-blackmagic-pyxis-6k","status":"publish","type":"product","link":"https:\/\/eu.tilta.com\/de\/shop\/full-camera-cage-for-blackmagic-pyxis-6k\/","title":{"rendered":"Vollst\u00e4ndiger Kamerak\u00e4fig f\u00fcr Blackmagic PYXIS 6K"},"content":{"rendered":"<div class=\"overview-text\">\n<p><em>Einf\u00fchrung des vollst\u00e4ndigen Kamerak\u00e4figs f\u00fcr die Blackmagic PYXIS 6K<\/em><\/p>\n<p>Dieser Kamerak\u00e4fig bietet Schutz f\u00fcr das Kamerageh\u00e4use und nutzt modulare Designoptionen, um die Funktionalit\u00e4t der Pyxis durch Befestigungsoptionen wie NATO-Schiene, Arri-Rosette, Cold Shoe, 3\/8\u2033-16 und 1\/4\u2033-20 Gewinde mit Fixierpunkten erheblich zu verbessern.<\/p>\n<p>Die f\u00fcnf Hauptkomponenten des Full Cage sind die obere Platte, die untere Platte, die Seitenplatte, der linke Seitenarm und der rechte Seitenarm, die alle auf die urspr\u00fcngliche \u00c4sthetik der Kamera abgestimmt sind. Die obere, die untere und die seitliche Platte k\u00f6nnen auch unabh\u00e4ngig voneinander verwendet werden, um eine Vielzahl von unterschiedlich gro\u00dfen Kameras zu montieren.<\/p>\n<p>Die Seitenplatte erm\u00f6glicht einen schnellen Wechsel zwischen horizontalen und vertikalen Aufbauten, da sie bei vertikaler Montage als Bodenplatte verwendet werden kann und gen\u00fcgend Platz zwischen Gest\u00e4nge und Objektiv f\u00fcr das meiste Zubeh\u00f6r bietet. In dieser vertikalen Konfiguration ist die Bodenplatte mit speziell positionierten Gewinden versehen, um die Bodenplatte auf das optische Zentrum des Objektivs auszurichten.<\/p>\n<p>Diese Seitenplatte unterst\u00fctzt auch externe Aufnahmen \u00fcber die integrierte SSD-Halterung und verf\u00fcgt \u00fcber mehrere 1\/4&#8243;-20 Gewinde f\u00fcr verschiedenes Zubeh\u00f6r, einschlie\u00dflich Smartphone-Klemmen f\u00fcr Livestream-Setups. Die SSD Halterung nimmt Festplatten mit einer Breite von 52mm-60mm und einer Dicke von weniger als 12mm auf.<\/p>\n<p>Sowohl die obere als auch die untere Platte sind so konzipiert, dass sie die W\u00e4rmeableitungs\u00f6ffnungen des Geh\u00e4uses nicht ber\u00fchren, so dass die K\u00fchlleistung der Kamera nicht beeintr\u00e4chtigt wird.<\/p>\n<p>Die Top Plate ist mit dem nativen PYXIS-Topgriff kompatibel und verf\u00fcgt au\u00dferdem \u00fcber einen abnehmbaren 3\/8-auf 1\/4-Gewindeadapter, so dass Sie verschiedene Topgriffe f\u00fcr unterschiedlich gro\u00dfe Setups w\u00e4hlen k\u00f6nnen.<\/p>\n<\/div>\n","protected":false},"excerpt":{"rendered":"<p>Einf\u00fchrung des vollst\u00e4ndigen Kamerak\u00e4figs f\u00fcr die Blackmagic PYXIS 6K Dieser Kamerak\u00e4fig bietet Schutz f\u00fcr das Kamerageh\u00e4use und nutzt modulare Designoptionen, um die Funktionalit\u00e4t der Pyxis durch Befestigungsoptionen wie NATO-Schiene, Arri-Rosette, Cold Shoe, 3\/8\u2033-16 und 1\/4\u2033-20 Gewinde mit Fixierpunkten erheblich zu [&hellip;]<\/p>\n","protected":false},"featured_media":2013567,"comment_status":"open","ping_status":"closed","template":"","meta":[],"product_cat":[3382],"product_tag":[],"acf":[],"gallery_images":[2013561,2013555,2013549,2013543,2013537,2013531],"_links":{"self":[{"href":"https:\/\/eu.tilta.com\/de\/wp-json\/wp\/v2\/product\/2018089"}],"collection":[{"href":"https:\/\/eu.tilta.com\/de\/wp-json\/wp\/v2\/product"}],"about":[{"href":"https:\/\/eu.tilta.com\/de\/wp-json\/wp\/v2\/types\/product"}],"replies":[{"embeddable":true,"href":"https:\/\/eu.tilta.com\/de\/wp-json\/wp\/v2\/comments?post=2018089"}],"wp:featuredmedia":[{"embeddable":true,"href":"https:\/\/eu.tilta.com\/de\/wp-json\/wp\/v2\/media\/2013567"}],"wp:attachment":[{"href":"https:\/\/eu.tilta.com\/de\/wp-json\/wp\/v2\/media?parent=2018089"}],"wp:term":[{"taxonomy":"product_cat","embeddable":true,"href":"https:\/\/eu.tilta.com\/de\/wp-json\/wp\/v2\/product_cat?post=2018089"},{"taxonomy":"product_tag","embeddable":true,"href":"https:\/\/eu.tilta.com\/de\/wp-json\/wp\/v2\/product_tag?post=2018089"}],"curies":[{"name":"wp","href":"https:\/\/api.w.org\/{rel}","templated":true}]}}