{"id":2018094,"date":"2024-11-26T08:37:26","date_gmt":"2024-11-26T07:37:26","guid":{"rendered":"https:\/\/eu.tilta.com\/shop\/seitenplatte-fuer-blackmagic-pyxis-6k\/"},"modified":"2025-12-05T14:02:21","modified_gmt":"2025-12-05T13:02:21","slug":"side-plate-for-blackmagic-pyxis-6k","status":"publish","type":"product","link":"https:\/\/eu.tilta.com\/de\/shop\/side-plate-for-blackmagic-pyxis-6k\/","title":{"rendered":"Seitenplatte f\u00fcr Blackmagic PYXIS 6K"},"content":{"rendered":"<div class=\"overview-text\">\n<p><em>Wir stellen die Seitenplatte f\u00fcr die Blackmagic PYXIS 6K vor<\/em><\/p>\n<p>Diese Seitenplatte kann auch unabh\u00e4ngig davon verwendet werden, um eine Vielzahl von unterschiedlich gro\u00dfen Kameras zu montieren.<\/p>\n<p>Die Seitenplatte erm\u00f6glicht einen schnellen Wechsel zwischen horizontalen und vertikalen Aufbauten, da sie bei vertikaler Montage als Bodenplatte verwendet werden kann und gen\u00fcgend Platz zwischen Gest\u00e4nge und Objektiv f\u00fcr das meiste Zubeh\u00f6r bietet.<\/p>\n<p>In dieser vertikalen Konfiguration ist die Bodenplatte mit speziell positionierten Gewinden versehen, um die Bodenplatte auf das optische Zentrum des Objektivs auszurichten.<\/p>\n<p>Diese Seitenplatte unterst\u00fctzt auch externe Aufnahmen \u00fcber die integrierte SSD-Halterung und verf\u00fcgt \u00fcber mehrere 1\/4&#8243;-20 Gewinde f\u00fcr verschiedenes Zubeh\u00f6r, einschlie\u00dflich Smartphone-Klemmen f\u00fcr Livestream-Setups.<\/p>\n<p>Die SSD Halterung nimmt Festplatten mit einer Breite von 52mm-60mm und einer Dicke von weniger als 12mm auf.<\/p>\n<\/div>\n","protected":false},"excerpt":{"rendered":"<p>Wir stellen die Seitenplatte f\u00fcr die Blackmagic PYXIS 6K vor Diese Seitenplatte kann auch unabh\u00e4ngig davon verwendet werden, um eine Vielzahl von unterschiedlich gro\u00dfen Kameras zu montieren. Die Seitenplatte erm\u00f6glicht einen schnellen Wechsel zwischen horizontalen und vertikalen Aufbauten, da sie [&hellip;]<\/p>\n","protected":false},"featured_media":2013524,"comment_status":"open","ping_status":"closed","template":"","meta":[],"product_cat":[3382],"product_tag":[],"acf":[],"gallery_images":[2013518,2013512,2013506,2013500],"_links":{"self":[{"href":"https:\/\/eu.tilta.com\/de\/wp-json\/wp\/v2\/product\/2018094"}],"collection":[{"href":"https:\/\/eu.tilta.com\/de\/wp-json\/wp\/v2\/product"}],"about":[{"href":"https:\/\/eu.tilta.com\/de\/wp-json\/wp\/v2\/types\/product"}],"replies":[{"embeddable":true,"href":"https:\/\/eu.tilta.com\/de\/wp-json\/wp\/v2\/comments?post=2018094"}],"wp:featuredmedia":[{"embeddable":true,"href":"https:\/\/eu.tilta.com\/de\/wp-json\/wp\/v2\/media\/2013524"}],"wp:attachment":[{"href":"https:\/\/eu.tilta.com\/de\/wp-json\/wp\/v2\/media?parent=2018094"}],"wp:term":[{"taxonomy":"product_cat","embeddable":true,"href":"https:\/\/eu.tilta.com\/de\/wp-json\/wp\/v2\/product_cat?post=2018094"},{"taxonomy":"product_tag","embeddable":true,"href":"https:\/\/eu.tilta.com\/de\/wp-json\/wp\/v2\/product_tag?post=2018094"}],"curies":[{"name":"wp","href":"https:\/\/api.w.org\/{rel}","templated":true}]}}