{"id":2018160,"date":"2024-01-31T22:05:51","date_gmt":"2024-01-31T21:05:51","guid":{"rendered":"https:\/\/eu.tilta.com\/shop\/tilta-xeno-seitenhandgriff\/"},"modified":"2025-12-06T21:48:51","modified_gmt":"2025-12-06T20:48:51","slug":"tilta-xeno-side-handle-1-4-20-with-locating-pins-2","status":"publish","type":"product","link":"https:\/\/eu.tilta.com\/de\/shop\/tilta-xeno-side-handle-1-4-20-with-locating-pins-2\/","title":{"rendered":"Tilta Xeno Seitenhandgriff"},"content":{"rendered":"<p>Der Tilta Xeno Seitenhandgriff ist ein neuer Seitengriff, der vom schlanken und biomechanischen Design des Xenomorph inspiriert ist.<\/p>\n<p>Dieser seitliche Griff verbindet nahtlos starke \u00c4sthetik mit ergonomischer Funktionalit\u00e4t und bietet dem Benutzer einen bequemen und sicheren Griff f\u00fcr die Bedienung seiner Kameraausr\u00fcstung.<\/p>\n<p>Verf\u00fcgbar in 3 Montageoptionen: 1\/4\u2033-20 mit Passstiften, NATO, und Dual 1\/4\u2033-20.<\/p>\n<p>Der Xeno Seitenhandgriff wurde f\u00fcr Vielseitigkeit entwickelt und kann sowohl als linker als auch als rechter Seitengriff montiert werden.<\/p>\n<p>Mit einer verstellbaren H\u00f6he von 40 mm k\u00f6nnen Sie den Griff an Ihre bevorzugte Position anpassen und so f\u00fcr mehr Komfort beim Fotografieren aus der Hand sorgen &#8211; egal wie lange.<\/p>\n<p>Der Griff besteht aus rutschfestem Silikon, das einen strukturierten Griff bietet, der die Stabilit\u00e4t f\u00fcr einen sicheren Halt verbessert, und verf\u00fcgt \u00fcber Befestigungspunkte wie einen Cold Shoe-Empf\u00e4nger und ein 1\/4\u2033-20-Gewinde mit Aufnahmepunkten f\u00fcr weiteres Zubeh\u00f6r.<\/p>\n<p>Der eingebaute Inbusschl\u00fcssel sorgt daf\u00fcr, dass Sie den Griff oder anderes Zubeh\u00f6r bequem montieren oder einstellen k\u00f6nnen. Das ist perfekt f\u00fcr Filmemacher, die Wert auf Effizienz und Flexibilit\u00e4t legen.<\/p>\n<p>R\u00fcsten Sie Ihre Kameraausr\u00fcstung mit dem Tilta Xeno Side Handle auf, einer perfekten Mischung aus futuristischem Design und praktischer Funktionalit\u00e4t!<\/p>\n","protected":false},"excerpt":{"rendered":"<p>Der Tilta Xeno Seitenhandgriff ist ein neuer Seitengriff, der vom schlanken und biomechanischen Design des Xenomorph inspiriert ist. Dieser seitliche Griff verbindet nahtlos starke \u00c4sthetik mit ergonomischer Funktionalit\u00e4t und bietet dem Benutzer einen bequemen und sicheren Griff f\u00fcr die Bedienung [&hellip;]<\/p>\n","protected":false},"featured_media":1977334,"comment_status":"closed","ping_status":"closed","template":"","meta":[],"product_cat":[1453,3382,1073,1079,1082,1083,1085,1086,1088,1094,1096,1100,1101,1102,1104,1105,1106,1112,1120,1122,1124,1125,1128,3423,1129,1135,1136,1137,3424,1276,1277],"product_tag":[],"acf":[],"gallery_images":[1974652,1974653,1974654,1974655,1974656],"_links":{"self":[{"href":"https:\/\/eu.tilta.com\/de\/wp-json\/wp\/v2\/product\/2018160"}],"collection":[{"href":"https:\/\/eu.tilta.com\/de\/wp-json\/wp\/v2\/product"}],"about":[{"href":"https:\/\/eu.tilta.com\/de\/wp-json\/wp\/v2\/types\/product"}],"replies":[{"embeddable":true,"href":"https:\/\/eu.tilta.com\/de\/wp-json\/wp\/v2\/comments?post=2018160"}],"wp:featuredmedia":[{"embeddable":true,"href":"https:\/\/eu.tilta.com\/de\/wp-json\/wp\/v2\/media\/1977334"}],"wp:attachment":[{"href":"https:\/\/eu.tilta.com\/de\/wp-json\/wp\/v2\/media?parent=2018160"}],"wp:term":[{"taxonomy":"product_cat","embeddable":true,"href":"https:\/\/eu.tilta.com\/de\/wp-json\/wp\/v2\/product_cat?post=2018160"},{"taxonomy":"product_tag","embeddable":true,"href":"https:\/\/eu.tilta.com\/de\/wp-json\/wp\/v2\/product_tag?post=2018160"}],"curies":[{"name":"wp","href":"https:\/\/api.w.org\/{rel}","templated":true}]}}