{"id":2018275,"date":"2023-10-04T03:10:01","date_gmt":"2023-10-04T01:10:01","guid":{"rendered":"https:\/\/eu.tilta.com\/shop\/tilta-xeno-haltegriff-oben\/"},"modified":"2026-04-06T17:54:25","modified_gmt":"2026-04-06T15:54:25","slug":"xeno-top-handle-1-4-20-locating-pins","status":"publish","type":"product","link":"https:\/\/eu.tilta.com\/de\/shop\/xeno-top-handle-1-4-20-locating-pins\/","title":{"rendered":"Tilta Xeno Haltegriff oben"},"content":{"rendered":"<p>Der Xeno Top-Griff verf\u00fcgt \u00fcber mehrere verschiedene Befestigungsm\u00f6glichkeiten, so dass er an einer Vielzahl von Kamerak\u00e4figen und -systemen angebracht werden kann.<\/p>\n<p>Zu den optionalen Anschlussarten geh\u00f6ren: 1\/4\u2033-20 mit Fixierstiften, NATO, Dual 1\/4\u2033-20 R\u00e4ndelschrauben und Cold Shoe.<\/p>\n<p>Der Griff selbst verf\u00fcgt \u00fcber einen gro\u00dfen, gepolsterten Silikongriff, der die Bedienung und Handhabung bequemer und sicherer macht.<\/p>\n<p>Der Griff verf\u00fcgt \u00fcber zahlreiche Befestigungspunkte f\u00fcr zus\u00e4tzliches Zubeh\u00f6r wie 1\/4\u2033-20 und 3\/8\u2033-16 Gewinde mit Fixierpunkten.<\/p>\n<p>Der Griff verf\u00fcgt au\u00dferdem \u00fcber eine Cold Shoe-Aufnahme mit einem Sicherheitsausl\u00f6sestift sowie ein Arri-Standardaufnahmegewinde.<\/p>\n","protected":false},"excerpt":{"rendered":"<p>Der Xeno Top-Griff verf\u00fcgt \u00fcber mehrere verschiedene Befestigungsm\u00f6glichkeiten, so dass er an einer Vielzahl von Kamerak\u00e4figen und -systemen angebracht werden kann. Zu den optionalen Anschlussarten geh\u00f6ren: 1\/4\u2033-20 mit Fixierstiften, NATO, Dual 1\/4\u2033-20 R\u00e4ndelschrauben und Cold Shoe. Der Griff selbst verf\u00fcgt [&hellip;]<\/p>\n","protected":false},"featured_media":1971803,"comment_status":"closed","ping_status":"closed","template":"","meta":[],"product_cat":[3897,3382],"product_tag":[],"acf":[],"gallery_images":[1950561,1950563,1951371,1951403,1950604,1950606,1950603],"_links":{"self":[{"href":"https:\/\/eu.tilta.com\/de\/wp-json\/wp\/v2\/product\/2018275"}],"collection":[{"href":"https:\/\/eu.tilta.com\/de\/wp-json\/wp\/v2\/product"}],"about":[{"href":"https:\/\/eu.tilta.com\/de\/wp-json\/wp\/v2\/types\/product"}],"replies":[{"embeddable":true,"href":"https:\/\/eu.tilta.com\/de\/wp-json\/wp\/v2\/comments?post=2018275"}],"wp:featuredmedia":[{"embeddable":true,"href":"https:\/\/eu.tilta.com\/de\/wp-json\/wp\/v2\/media\/1971803"}],"wp:attachment":[{"href":"https:\/\/eu.tilta.com\/de\/wp-json\/wp\/v2\/media?parent=2018275"}],"wp:term":[{"taxonomy":"product_cat","embeddable":true,"href":"https:\/\/eu.tilta.com\/de\/wp-json\/wp\/v2\/product_cat?post=2018275"},{"taxonomy":"product_tag","embeddable":true,"href":"https:\/\/eu.tilta.com\/de\/wp-json\/wp\/v2\/product_tag?post=2018275"}],"curies":[{"name":"wp","href":"https:\/\/api.w.org\/{rel}","templated":true}]}}