{"id":2026820,"date":"2025-01-25T06:45:37","date_gmt":"2025-01-25T05:45:37","guid":{"rendered":"https:\/\/eu.tilta.com\/shop\/hydra-alien-mini-master-kit\/"},"modified":"2025-12-05T14:06:04","modified_gmt":"2025-12-05T13:06:04","slug":"hydra-alien-mini-master-kit","status":"publish","type":"product","link":"https:\/\/eu.tilta.com\/de\/shop\/hydra-alien-mini-master-kit\/","title":{"rendered":"Hydra Alien Mini Master Kit"},"content":{"rendered":"<p><em>Wir stellen vor: das Hydra Alien Mini Master Kit<\/em><\/p>\n<p>Inspiriert von der Design\u00e4sthetik des Hydra Arms, setzt dieser kompakte, sto\u00dfd\u00e4mpfende Arm einen neuen Standard f\u00fcr leichtgewichtige Kfz-Halterungssysteme.<\/p>\n<p>Dieser Miniaturarm ist kompatibel mit kleineren Kamerasystemen wie der DJI Action 3\/4, der DJI Pocket 3, der Insta360 X4\/X3 und jedem anderen System, das bis zu 1,32 lbs wiegt, einschlie\u00dflich Smartphones mit unserem Khronos Ecosystem.<\/p>\n<p>Das hydraulische D\u00e4mpfungssystem verwendet ein aus den USA importiertes \u00d6l in Automobilqualit\u00e4t f\u00fcr eine Leistung wie auf der Rennstrecke und l\u00e4sst sich bei Bedarf leicht nachf\u00fcllen.<\/p>\n<p>Im Lieferumfang des Kits ist ein Verl\u00e4ngerungsarm enthalten, der in beiden Achsen verstellbar ist. So k\u00f6nnen Sie den Arm f\u00fcr verschiedene Konfigurationen und Fahrzeugplatzierungen besser positionieren.<\/p>\n<p>Mit der Lenkerhalterung f\u00fcr den Hydra Alien Mini k\u00f6nnen Sie den Alien Mini Shock Absorbing Arm an Fahrr\u00e4dern, E-Bikes und Motorr\u00e4dern befestigen.<\/p>\n<p>Dieses auf einer Klemme basierende Zubeh\u00f6rteil verf\u00fcgt \u00fcber eine abnehmbare Buchse, die Lenkerdurchmesser von 22,2 mm oder 28,8 mm unterst\u00fctzt. So k\u00f6nnen Sie den Hydra Alien Mini leicht an Fahrzeugen anbringen, die keinen Platz f\u00fcr einen herk\u00f6mmlichen Saugnapf haben.<\/p>\n<p>Der sto\u00dfd\u00e4mpfende Kopf wurde entwickelt, um Mikrovibrationen entgegenzuwirken, die die Bildstabilit\u00e4t beeintr\u00e4chtigen k\u00f6nnen. Dieses spezielle Zubeh\u00f6r verbessert die Leistung der Alien Mini und sorgt f\u00fcr reibungslose, professionelle Ergebnisse auch unter schwierigen Aufnahmebedingungen.<\/p>\n<p>Der im Lieferumfang enthaltene elektronische Saugnapf verf\u00fcgt \u00fcber einen batteriebetriebenen Saugnapf, der in der Lage ist, den Druck in Echtzeit zu \u00fcberwachen und die Saugkraft im Falle eines Lecks automatisch zu erh\u00f6hen.<\/p>\n<p>Mit seinem eingebauten 2000mAh-Akku kann es unter normalen Bedingungen \u00fcber 14 Stunden ununterbrochen laufen. Der Akku unterst\u00fctzt auch einen externen 5V\/1A USB-C Stromversorgungseingang, der noch l\u00e4ngere ununterbrochene Aufnahmen \u00fcber zus\u00e4tzliche Stromquellen erm\u00f6glicht.<\/p>\n<p>*Die Daten basieren auf realen Tests im Tilta Labor, die tats\u00e4chliche Akkulaufzeit kann jedoch aufgrund zahlreicher Faktoren abnehmen und variieren.<\/p>\n<p><strong>HINWEIS: Der sto\u00dfd\u00e4mpfende Kopf ist nur mit dem DJI Osmo Pocket 3 kompatibel.<\/strong><\/p>\n","protected":false},"excerpt":{"rendered":"<p>Wir stellen vor: das Hydra Alien Mini Master Kit Inspiriert von der Design\u00e4sthetik des Hydra Arms, setzt dieser kompakte, sto\u00dfd\u00e4mpfende Arm einen neuen Standard f\u00fcr leichtgewichtige Kfz-Halterungssysteme. Dieser Miniaturarm ist kompatibel mit kleineren Kamerasystemen wie der DJI Action 3\/4, der [&hellip;]<\/p>\n","protected":false},"featured_media":2026813,"comment_status":"open","ping_status":"closed","template":"","meta":[],"product_cat":[3263],"product_tag":[],"acf":[],"gallery_images":[2026805,2026799,2026793,2026787,2026781,2026775],"_links":{"self":[{"href":"https:\/\/eu.tilta.com\/de\/wp-json\/wp\/v2\/product\/2026820"}],"collection":[{"href":"https:\/\/eu.tilta.com\/de\/wp-json\/wp\/v2\/product"}],"about":[{"href":"https:\/\/eu.tilta.com\/de\/wp-json\/wp\/v2\/types\/product"}],"replies":[{"embeddable":true,"href":"https:\/\/eu.tilta.com\/de\/wp-json\/wp\/v2\/comments?post=2026820"}],"wp:featuredmedia":[{"embeddable":true,"href":"https:\/\/eu.tilta.com\/de\/wp-json\/wp\/v2\/media\/2026813"}],"wp:attachment":[{"href":"https:\/\/eu.tilta.com\/de\/wp-json\/wp\/v2\/media?parent=2026820"}],"wp:term":[{"taxonomy":"product_cat","embeddable":true,"href":"https:\/\/eu.tilta.com\/de\/wp-json\/wp\/v2\/product_cat?post=2026820"},{"taxonomy":"product_tag","embeddable":true,"href":"https:\/\/eu.tilta.com\/de\/wp-json\/wp\/v2\/product_tag?post=2026820"}],"curies":[{"name":"wp","href":"https:\/\/api.w.org\/{rel}","templated":true}]}}