{"id":2026904,"date":"2025-01-08T06:58:40","date_gmt":"2025-01-08T05:58:40","guid":{"rendered":"https:\/\/eu.tilta.com\/shop\/hydra-alien-mini-biking-kit-titanium-grau\/"},"modified":"2025-12-05T14:31:52","modified_gmt":"2025-12-05T13:31:52","slug":"hydra-alien-mini-biking-kit-titanium-grey","status":"publish","type":"product","link":"https:\/\/eu.tilta.com\/de\/shop\/hydra-alien-mini-biking-kit-titanium-grey\/","title":{"rendered":"Hydra Alien Mini Biking Kit &#8211; Titanium Grau"},"content":{"rendered":"<p><em>Wir stellen vor: Hydra Alien Mini Car Mounting System &#8211; Biking Kit<\/em><\/p>\n<p>Inspiriert von der Design\u00e4sthetik des Hydra Arms, setzt dieser kompakte, sto\u00dfd\u00e4mpfende Arm einen neuen Standard f\u00fcr leichtgewichtige Kfz-Halterungssysteme.<\/p>\n<p>Dieser Miniaturarm ist kompatibel mit kleineren Kamerasystemen wie der DJI Action 3\/4, der DJI Pocket 3, der Insta360 X4\/X3 und jedem anderen System, das bis zu 1,32 lbs wiegt, einschlie\u00dflich Smartphones mit unserem Khronos Ecosystem.<\/p>\n<p>Das hydraulische D\u00e4mpfungssystem verwendet ein aus den USA importiertes \u00d6l in Automobilqualit\u00e4t f\u00fcr eine Leistung wie auf der Rennstrecke und l\u00e4sst sich bei Bedarf leicht nachf\u00fcllen.<\/p>\n<p>Gefertigt aus einer Hochleistungs-Aluminiumlegierung f\u00fcr die Luft- und Raumfahrt und pr\u00e4zise CNC-gefr\u00e4st aus einem einzigen St\u00fcck, wiegt das gesamte Kit nur 2,17 lbs (982,5g)<\/p>\n<p>Mit der Lenkerhalterung f\u00fcr den Hydra Alien Mini k\u00f6nnen Sie den Alien Mini Shock Absorbing Arm an Fahrr\u00e4dern, E-Bikes und Motorr\u00e4dern befestigen.<\/p>\n<p>Dieses auf einer Klemme basierende Zubeh\u00f6rteil verf\u00fcgt \u00fcber eine abnehmbare Buchse, die Lenkerdurchmesser von 22,2 mm oder 28,8 mm unterst\u00fctzt. So k\u00f6nnen Sie den Hydra Alien Mini leicht an Fahrzeugen anbringen, die keinen Platz f\u00fcr einen herk\u00f6mmlichen Saugnapf haben.<\/p>\n<p>Der sto\u00dfd\u00e4mpfende Kopf wurde entwickelt, um Mikrovibrationen entgegenzuwirken, die die Bildstabilit\u00e4t beeintr\u00e4chtigen k\u00f6nnen. Dieses spezielle Zubeh\u00f6r verbessert die Leistung der Alien Mini und sorgt f\u00fcr reibungslose, professionelle Ergebnisse auch unter schwierigen Aufnahmebedingungen.<\/p>\n<p>Der speziell f\u00fcr den Hydra Alien Mini entwickelte und mit Pr\u00e4zision gefertigte Shock Absorbing Head l\u00e4sst sich nahtlos in Ihr bestehendes Setup integrieren.<\/p>\n<p>Seine robuste Konstruktion aus einer hochwertigen Aluminiumlegierung und Gummi garantiert Strapazierf\u00e4higkeit und Langlebigkeit, w\u00e4hrend sein leichtes Profil nur minimale Auswirkungen auf Ihre Nutzlastkapazit\u00e4t hat.<\/p>\n<p><strong>HINWEIS: Der sto\u00dfd\u00e4mpfende Kopf ist nur mit dem DJI Osmo Pocket 3 kompatibel.<\/strong><\/p>\n","protected":false},"excerpt":{"rendered":"<p>Wir stellen vor: Hydra Alien Mini Car Mounting System &#8211; Biking Kit Inspiriert von der Design\u00e4sthetik des Hydra Arms, setzt dieser kompakte, sto\u00dfd\u00e4mpfende Arm einen neuen Standard f\u00fcr leichtgewichtige Kfz-Halterungssysteme. Dieser Miniaturarm ist kompatibel mit kleineren Kamerasystemen wie der DJI [&hellip;]<\/p>\n","protected":false},"featured_media":2025766,"comment_status":"open","ping_status":"closed","template":"","meta":[],"product_cat":[3263],"product_tag":[],"acf":[],"gallery_images":[2025676,2025682,2025688,2025694,2025718,2025724],"_links":{"self":[{"href":"https:\/\/eu.tilta.com\/de\/wp-json\/wp\/v2\/product\/2026904"}],"collection":[{"href":"https:\/\/eu.tilta.com\/de\/wp-json\/wp\/v2\/product"}],"about":[{"href":"https:\/\/eu.tilta.com\/de\/wp-json\/wp\/v2\/types\/product"}],"replies":[{"embeddable":true,"href":"https:\/\/eu.tilta.com\/de\/wp-json\/wp\/v2\/comments?post=2026904"}],"wp:featuredmedia":[{"embeddable":true,"href":"https:\/\/eu.tilta.com\/de\/wp-json\/wp\/v2\/media\/2025766"}],"wp:attachment":[{"href":"https:\/\/eu.tilta.com\/de\/wp-json\/wp\/v2\/media?parent=2026904"}],"wp:term":[{"taxonomy":"product_cat","embeddable":true,"href":"https:\/\/eu.tilta.com\/de\/wp-json\/wp\/v2\/product_cat?post=2026904"},{"taxonomy":"product_tag","embeddable":true,"href":"https:\/\/eu.tilta.com\/de\/wp-json\/wp\/v2\/product_tag?post=2026904"}],"curies":[{"name":"wp","href":"https:\/\/api.w.org\/{rel}","templated":true}]}}