{"id":2026913,"date":"2025-01-08T11:07:11","date_gmt":"2025-01-08T10:07:11","guid":{"rendered":"https:\/\/eu.tilta.com\/shop\/khronos-multifunktionale-magnetische-rueckenplatte-fuer-iphone-16-pro-pro-max\/"},"modified":"2026-04-15T03:54:43","modified_gmt":"2026-04-15T01:54:43","slug":"khronos-multi-functional-magnetic-backplate-for-iphone-16-pro-pro-max","status":"publish","type":"product","link":"https:\/\/eu.tilta.com\/de\/shop\/khronos-multi-functional-magnetic-backplate-for-iphone-16-pro-pro-max\/","title":{"rendered":"Khronos Multifunktionale Magnetische R\u00fcckenplatte f\u00fcr iPhone 16 Pro\/Pro Max"},"content":{"rendered":"<p>Die multifunktionale magnetische R\u00fcckenplatte f\u00fcr das iPhone wird vorgestellt<\/p>\n<p>Diese Back Plate wird \u00fcber eine magnetische Verbindung mit dem iPhone verbunden und erweitert die Funktionalit\u00e4t beim Filmen und im t\u00e4glichen Gebrauch.<\/p>\n<p>Der verstellbare St\u00e4nder bietet eine bequeme M\u00f6glichkeit, das Smartphone auf einer flachen Oberfl\u00e4che abzust\u00fctzen.<\/p>\n<p>Die ausklappbare Fingerschlaufe bietet eine sicherere Option f\u00fcr die Bedienung und Handhabung des Smartphones.<\/p>\n<p>Wenn Sie das Khronos Case verwenden, k\u00f6nnen Sie diese R\u00fcckenplatte zus\u00e4tzlich arretieren, was eine noch st\u00e4rkere Verbindung schafft.<\/p>\n","protected":false},"excerpt":{"rendered":"<p>Die multifunktionale magnetische R\u00fcckenplatte f\u00fcr das iPhone wird vorgestellt Diese Back Plate wird \u00fcber eine magnetische Verbindung mit dem iPhone verbunden und erweitert die Funktionalit\u00e4t beim Filmen und im t\u00e4glichen Gebrauch. Der verstellbare St\u00e4nder bietet eine bequeme M\u00f6glichkeit, das Smartphone [&hellip;]<\/p>\n","protected":false},"featured_media":2026118,"comment_status":"open","ping_status":"closed","template":"","meta":[],"product_cat":[1047,4448,3507,3357,4496],"product_tag":[],"acf":[],"gallery_images":[2025967,2017641,2017647,2017635],"_links":{"self":[{"href":"https:\/\/eu.tilta.com\/de\/wp-json\/wp\/v2\/product\/2026913"}],"collection":[{"href":"https:\/\/eu.tilta.com\/de\/wp-json\/wp\/v2\/product"}],"about":[{"href":"https:\/\/eu.tilta.com\/de\/wp-json\/wp\/v2\/types\/product"}],"replies":[{"embeddable":true,"href":"https:\/\/eu.tilta.com\/de\/wp-json\/wp\/v2\/comments?post=2026913"}],"wp:featuredmedia":[{"embeddable":true,"href":"https:\/\/eu.tilta.com\/de\/wp-json\/wp\/v2\/media\/2026118"}],"wp:attachment":[{"href":"https:\/\/eu.tilta.com\/de\/wp-json\/wp\/v2\/media?parent=2026913"}],"wp:term":[{"taxonomy":"product_cat","embeddable":true,"href":"https:\/\/eu.tilta.com\/de\/wp-json\/wp\/v2\/product_cat?post=2026913"},{"taxonomy":"product_tag","embeddable":true,"href":"https:\/\/eu.tilta.com\/de\/wp-json\/wp\/v2\/product_tag?post=2026913"}],"curies":[{"name":"wp","href":"https:\/\/api.w.org\/{rel}","templated":true}]}}