{"id":2026938,"date":"2025-01-08T08:55:56","date_gmt":"2025-01-08T07:55:56","guid":{"rendered":"https:\/\/eu.tilta.com\/shop\/rosettenhalterung-fuer-elektronische-saugnaepfe-4-5%e2%80%b3-titanium-grau\/"},"modified":"2026-02-16T09:01:13","modified_gmt":"2026-02-16T08:01:13","slug":"rosette-mounting-bracket-for-electronic-suction-cup-4-5%e2%80%b3-titanium-grey","status":"publish","type":"product","link":"https:\/\/eu.tilta.com\/de\/shop\/rosette-mounting-bracket-for-electronic-suction-cup-4-5%e2%80%b3-titanium-grey\/","title":{"rendered":"Rosettenhalterung f\u00fcr elektronische Saugn\u00e4pfe (4.5\u2033) &#8211; Titanium Grau"},"content":{"rendered":"<p>Diese Halterung wurde speziell f\u00fcr den 4,5\u2033 Electronic Suction Cup entwickelt.<\/p>\n<p>Diese k\u00f6nnen leicht montiert oder entfernt werden, um verschiedene Zubeh\u00f6rteile und Tr\u00e4gersysteme unterzubringen.<\/p>\n<p>Die Halterung wird mit vier M4-Schrauben am Saugnapf befestigt, wodurch eine sichere Verbindung entsteht, die bei Bedarf leicht ausgetauscht werden kann.<\/p>\n<p>Diese Option umfasst einen Arri kompatiblen Rosettenanschluss, der f\u00fcr die Montage des Hydra Alien Mini Shock Absorbing Arm verwendet werden kann.<\/p>\n","protected":false},"excerpt":{"rendered":"<p>Diese Halterung wurde speziell f\u00fcr den 4,5\u2033 Electronic Suction Cup entwickelt. Diese k\u00f6nnen leicht montiert oder entfernt werden, um verschiedene Zubeh\u00f6rteile und Tr\u00e4gersysteme unterzubringen. Die Halterung wird mit vier M4-Schrauben am Saugnapf befestigt, wodurch eine sichere Verbindung entsteht, die bei [&hellip;]<\/p>\n","protected":false},"featured_media":2025789,"comment_status":"open","ping_status":"closed","template":"","meta":[],"product_cat":[4448,1275],"product_tag":[],"acf":[],"gallery_images":[2025783],"_links":{"self":[{"href":"https:\/\/eu.tilta.com\/de\/wp-json\/wp\/v2\/product\/2026938"}],"collection":[{"href":"https:\/\/eu.tilta.com\/de\/wp-json\/wp\/v2\/product"}],"about":[{"href":"https:\/\/eu.tilta.com\/de\/wp-json\/wp\/v2\/types\/product"}],"replies":[{"embeddable":true,"href":"https:\/\/eu.tilta.com\/de\/wp-json\/wp\/v2\/comments?post=2026938"}],"wp:featuredmedia":[{"embeddable":true,"href":"https:\/\/eu.tilta.com\/de\/wp-json\/wp\/v2\/media\/2025789"}],"wp:attachment":[{"href":"https:\/\/eu.tilta.com\/de\/wp-json\/wp\/v2\/media?parent=2026938"}],"wp:term":[{"taxonomy":"product_cat","embeddable":true,"href":"https:\/\/eu.tilta.com\/de\/wp-json\/wp\/v2\/product_cat?post=2026938"},{"taxonomy":"product_tag","embeddable":true,"href":"https:\/\/eu.tilta.com\/de\/wp-json\/wp\/v2\/product_tag?post=2026938"}],"curies":[{"name":"wp","href":"https:\/\/api.w.org\/{rel}","templated":true}]}}