{"id":2026949,"date":"2025-01-08T10:45:30","date_gmt":"2025-01-08T09:45:30","guid":{"rendered":"https:\/\/eu.tilta.com\/shop\/khronos-quick-release-filter-tray-fuer-iphone-16-pro-pro-max\/"},"modified":"2026-04-15T03:55:04","modified_gmt":"2026-04-15T01:55:04","slug":"khronos-quick-release-filter-tray-for-iphone-16-pro-pro-max","status":"publish","type":"product","link":"https:\/\/eu.tilta.com\/de\/shop\/khronos-quick-release-filter-tray-for-iphone-16-pro-pro-max\/","title":{"rendered":"Khronos Quick Release Filter Tray f\u00fcr iPhone 16 Pro\/Pro Max"},"content":{"rendered":"<p>Der Khronos Schnellspann-Filtereinsatz ist das perfekte Zubeh\u00f6r f\u00fcr die Montage von Khronos Magnetfiltern an Ihrem System.<\/p>\n<p>Der Filter Tray l\u00e4sst sich \u00fcber eine sichere magnetische Verbindung leicht am Khronos iPhone 16 Pro\/ Pro Max Case befestigen<\/p>\n<p>Das Tray verf\u00fcgt \u00fcber eine schwenkbare Halterung, mit der das Tray \u00fcber alle drei Linsen des iPhone 16 Pro\/Pro Max geschoben werden kann.<\/p>\n<p>So k\u00f6nnen Sie ganz einfach Filter wie Neutraldichte, Diffusion, UV-Schutz und mehr anbringen.<\/p>\n","protected":false},"excerpt":{"rendered":"<p>Der Khronos Schnellspann-Filtereinsatz ist das perfekte Zubeh\u00f6r f\u00fcr die Montage von Khronos Magnetfiltern an Ihrem System. Der Filter Tray l\u00e4sst sich \u00fcber eine sichere magnetische Verbindung leicht am Khronos iPhone 16 Pro\/ Pro Max Case befestigen Das Tray verf\u00fcgt \u00fcber [&hellip;]<\/p>\n","protected":false},"featured_media":2025936,"comment_status":"open","ping_status":"closed","template":"","meta":[],"product_cat":[1047,3357,4496],"product_tag":[],"acf":[],"gallery_images":[2025930],"_links":{"self":[{"href":"https:\/\/eu.tilta.com\/de\/wp-json\/wp\/v2\/product\/2026949"}],"collection":[{"href":"https:\/\/eu.tilta.com\/de\/wp-json\/wp\/v2\/product"}],"about":[{"href":"https:\/\/eu.tilta.com\/de\/wp-json\/wp\/v2\/types\/product"}],"replies":[{"embeddable":true,"href":"https:\/\/eu.tilta.com\/de\/wp-json\/wp\/v2\/comments?post=2026949"}],"wp:featuredmedia":[{"embeddable":true,"href":"https:\/\/eu.tilta.com\/de\/wp-json\/wp\/v2\/media\/2025936"}],"wp:attachment":[{"href":"https:\/\/eu.tilta.com\/de\/wp-json\/wp\/v2\/media?parent=2026949"}],"wp:term":[{"taxonomy":"product_cat","embeddable":true,"href":"https:\/\/eu.tilta.com\/de\/wp-json\/wp\/v2\/product_cat?post=2026949"},{"taxonomy":"product_tag","embeddable":true,"href":"https:\/\/eu.tilta.com\/de\/wp-json\/wp\/v2\/product_tag?post=2026949"}],"curies":[{"name":"wp","href":"https:\/\/api.w.org\/{rel}","templated":true}]}}