{"id":2026985,"date":"2025-01-08T07:13:10","date_gmt":"2025-01-08T06:13:10","guid":{"rendered":"https:\/\/eu.tilta.com\/shop\/khronos-iphone-16-pro-pro-max-tasche\/"},"modified":"2026-03-30T05:40:22","modified_gmt":"2026-03-30T03:40:22","slug":"khronos-iphone-16-pro-pro-max-case","status":"publish","type":"product","link":"https:\/\/eu.tilta.com\/de\/shop\/khronos-iphone-16-pro-pro-max-case\/","title":{"rendered":"Khronos iPhone 16 Pro\/Pro Max Tasche"},"content":{"rendered":"<p>Wir stellen Ihnen das Khronos iPhone 16 Pro \/ Pro Max Case vor, die n\u00e4chste Generation des mobilen Filmens.<\/p>\n<p>Diese von einem Kamerak\u00e4fig inspirierte Smartphoneh\u00fclle wurde sorgf\u00e4ltig f\u00fcr beide Modelle des iPhone 16 entworfen und bietet eine unvergleichliche Mischung aus Funktionalit\u00e4t und Eleganz. Die Khronos-H\u00fclle sch\u00fctzt Ihr Telefon zuverl\u00e4ssig vor t\u00e4glicher Abnutzung, ohne dass Sie Kompromisse bei Stil oder Funktionalit\u00e4t eingehen m\u00fcssen.<\/p>\n<p>Die Installation ist einfacher als je zuvor, da dieses aktualisierte Geh\u00e4use mit einem Schnellverschluss ausgestattet ist, der es dem Benutzer erm\u00f6glicht, das Geh\u00e4use schnell zu installieren oder zu entfernen und gleichzeitig sicherzustellen, dass alle angeschlossenen Zubeh\u00f6rteile sicher befestigt bleiben.<\/p>\n<p>Ausgestattet mit mehreren Befestigungspunkten sorgt der innovative Klemmmechanismus f\u00fcr sichere Verbindungen f\u00fcr zus\u00e4tzliches Zubeh\u00f6r wie Focus-Seitengriffe, K\u00fchlmodule, Filter, On-Board-Lichter, USB-C-Hubs und vieles mehr.<\/p>\n<p>Das Khronos-Geh\u00e4use verf\u00fcgt \u00fcber integrierte elektronische Kontaktpunkte, die es Ihnen erm\u00f6glichen, Strom durch den K\u00e4fig zu leiten, um Ihr Zubeh\u00f6r mit Strom zu versorgen, wenn Sie einen optionalen Power Handle verwenden. Neu beim 16er ist die Touch Bar f\u00fcr die Kamerasteuerung, die dem Benutzer vollen Zugriff auf die Touch Bar-Funktionalit\u00e4t des iPhone 16 erm\u00f6glicht.<\/p>\n<p>Erh\u00e4ltlich in den Farben Space Grey, Titanium White, Forest Green, Black und Orange, erg\u00e4nzt die Khronos H\u00fclle das Design Ihres iPhones und verleiht ihm einen Hauch von Stil.<\/p>\n<p>Abgeleitet vom griechischen Wort f\u00fcr &#8220;Zeit&#8221;, verk\u00f6rpert der Name &#8220;Khronos&#8221; ein tiefgreifendes Konzept. Es ist mehr als nur eine Handytasche, es dient als Gef\u00e4\u00df, um wertvolle Erinnerungen zu bewahren, die man mit der Familie, Freunden und geliebten Menschen teilt.<\/p>\n<p>Erleben Sie Filmemachen wie nie zuvor mit dem Khronos iPhone 16 Pro \/ Pro Max Case &#8211; wo Innovation auf Leidenschaft trifft.<\/p>\n","protected":false},"excerpt":{"rendered":"<p>Wir stellen Ihnen das Khronos iPhone 16 Pro \/ Pro Max Case vor, die n\u00e4chste Generation des mobilen Filmens. Diese von einem Kamerak\u00e4fig inspirierte Smartphoneh\u00fclle wurde sorgf\u00e4ltig f\u00fcr beide Modelle des iPhone 16 entworfen und bietet eine unvergleichliche Mischung aus [&hellip;]<\/p>\n","protected":false},"featured_media":2017671,"comment_status":"open","ping_status":"closed","template":"","meta":[],"product_cat":[1047,3357,4496],"product_tag":[],"acf":[],"gallery_images":[2017665,2017659,2017653,2017647,2017641,2017635],"_links":{"self":[{"href":"https:\/\/eu.tilta.com\/de\/wp-json\/wp\/v2\/product\/2026985"}],"collection":[{"href":"https:\/\/eu.tilta.com\/de\/wp-json\/wp\/v2\/product"}],"about":[{"href":"https:\/\/eu.tilta.com\/de\/wp-json\/wp\/v2\/types\/product"}],"replies":[{"embeddable":true,"href":"https:\/\/eu.tilta.com\/de\/wp-json\/wp\/v2\/comments?post=2026985"}],"wp:featuredmedia":[{"embeddable":true,"href":"https:\/\/eu.tilta.com\/de\/wp-json\/wp\/v2\/media\/2017671"}],"wp:attachment":[{"href":"https:\/\/eu.tilta.com\/de\/wp-json\/wp\/v2\/media?parent=2026985"}],"wp:term":[{"taxonomy":"product_cat","embeddable":true,"href":"https:\/\/eu.tilta.com\/de\/wp-json\/wp\/v2\/product_cat?post=2026985"},{"taxonomy":"product_tag","embeddable":true,"href":"https:\/\/eu.tilta.com\/de\/wp-json\/wp\/v2\/product_tag?post=2026985"}],"curies":[{"name":"wp","href":"https:\/\/api.w.org\/{rel}","templated":true}]}}