{"id":2080323,"date":"2025-02-13T08:00:09","date_gmt":"2025-02-13T07:00:09","guid":{"rendered":"https:\/\/eu.tilta.com\/shop\/tilta-ausziehbares-vlog-stativ-1kg\/"},"modified":"2026-04-30T10:01:23","modified_gmt":"2026-04-30T08:01:23","slug":"tilta-extendable-vlog-tripod-1kg","status":"publish","type":"product","link":"https:\/\/eu.tilta.com\/de\/shop\/tilta-extendable-vlog-tripod-1kg\/","title":{"rendered":"Tilta Ausziehbares Vlog-Stativ (1KG)"},"content":{"rendered":"<p><em>Wir stellen vor: das ausziehbare Vlog-Stativ von Tilta  <\/em><\/p>\n<p>Dieses leichte Stativ tr\u00e4gt bis zu 1 kg und bietet den meisten spiegellosen Kameras, Smartphones und Action-Kameras sicheren Halt.<\/p>\n<p>Dank der ausziehbaren Mittels\u00e4ule kann dieses Stativ bis zu 370 mm ausgefahren werden, so dass es auch als Selfie-Stick verwendet werden kann.<\/p>\n<p>Sie kann auf 188 mm zusammengeklappt werden und wiegt nur 142 g, was sie zur idealen Wahl f\u00fcr Vlogger oder Benutzer macht, die viel unterwegs sind.<\/p>\n<p>Ein integrierter vertikaler Aufnahmeschlitz erm\u00f6glicht es dem Benutzer, den Kugelkopf in einem 90\u00b0-Winkel zum Stativ zu positionieren. Dies ist perfekt f\u00fcr vertikale Aufnahmen und kann auch f\u00fcr Aufnahmen von oben nach unten oder von oben nach unten verwendet werden.<\/p>\n<p>Die Basis des Kugelkopfes verf\u00fcgt au\u00dferdem \u00fcber ein 1\/4\u2033-20 Gewinde mit Aufnahmepunkten, so dass Sie verschiedenes Zubeh\u00f6r wie Gelenkarme, Kaltlichtaufnahmen, On-Board-Lichter, Mikrofone und vieles mehr befestigen k\u00f6nnen.<\/p>\n","protected":false},"excerpt":{"rendered":"<p>Wir stellen vor: das ausziehbare Vlog-Stativ von Tilta Dieses leichte Stativ tr\u00e4gt bis zu 1 kg und bietet den meisten spiegellosen Kameras, Smartphones und Action-Kameras sicheren Halt. Dank der ausziehbaren Mittels\u00e4ule kann dieses Stativ bis zu 370 mm ausgefahren werden, [&hellip;]<\/p>\n","protected":false},"featured_media":2074136,"comment_status":"open","ping_status":"closed","template":"","meta":[],"product_cat":[3373,3294,3303],"product_tag":[],"acf":[],"gallery_images":[2074142,2074148,2074154,2074160,2074124,2074130,2074118],"_links":{"self":[{"href":"https:\/\/eu.tilta.com\/de\/wp-json\/wp\/v2\/product\/2080323"}],"collection":[{"href":"https:\/\/eu.tilta.com\/de\/wp-json\/wp\/v2\/product"}],"about":[{"href":"https:\/\/eu.tilta.com\/de\/wp-json\/wp\/v2\/types\/product"}],"replies":[{"embeddable":true,"href":"https:\/\/eu.tilta.com\/de\/wp-json\/wp\/v2\/comments?post=2080323"}],"wp:featuredmedia":[{"embeddable":true,"href":"https:\/\/eu.tilta.com\/de\/wp-json\/wp\/v2\/media\/2074136"}],"wp:attachment":[{"href":"https:\/\/eu.tilta.com\/de\/wp-json\/wp\/v2\/media?parent=2080323"}],"wp:term":[{"taxonomy":"product_cat","embeddable":true,"href":"https:\/\/eu.tilta.com\/de\/wp-json\/wp\/v2\/product_cat?post=2080323"},{"taxonomy":"product_tag","embeddable":true,"href":"https:\/\/eu.tilta.com\/de\/wp-json\/wp\/v2\/product_tag?post=2080323"}],"curies":[{"name":"wp","href":"https:\/\/api.w.org\/{rel}","templated":true}]}}