{"id":2080353,"date":"2025-02-11T11:26:07","date_gmt":"2025-02-11T10:26:07","guid":{"rendered":"https:\/\/eu.tilta.com\/shop\/tilta-drehbare-telefonhalterung-v2-15mm-titanium-grau\/"},"modified":"2025-12-05T14:11:01","modified_gmt":"2025-12-05T13:11:01","slug":"tilta-rotatable-phone-mounting-bracket-v2-15mm-titanium-grey","status":"publish","type":"product","link":"https:\/\/eu.tilta.com\/de\/shop\/tilta-rotatable-phone-mounting-bracket-v2-15mm-titanium-grey\/","title":{"rendered":"Tilta Drehbare Telefonhalterung V2 (15mm) &#8211; Titanium Grau"},"content":{"rendered":"<p>Mit der drehbaren Tilta Telefonhalterung V2 k\u00f6nnen Benutzer ihr Smartphone ganz einfach mit ihrer Kamera oder ihrem Tr\u00e4gersystem verbinden.<\/p>\n<p>Bei dieser Halterung steht die Flexibilit\u00e4t im Vordergrund: Sie l\u00e4sst sich um 180 Grad neigen und um 360 Grad drehen.<\/p>\n<p>Im Mittelpunkt dieses Zubeh\u00f6rs steht eine verstellbare Klemme, die Ger\u00e4te mit einer Breite von 60 mm bis 90 mm aufnehmen kann.<\/p>\n<p>Diese Klemme verf\u00fcgt \u00fcber eine Silikonpolsterung, die Ger\u00e4te vor Kratzern sch\u00fctzt und den Halt der Klemme f\u00fcr eine sicherere Verbindung verbessert.<\/p>\n<p>Zus\u00e4tzliche Befestigungspunkte unterst\u00fctzen Zubeh\u00f6r, das mit Kaltlichtschuhen oder 1\/4\u2033-20-Gewinden ausgestattet ist, und erm\u00f6glichen so einzigartige Aufbaum\u00f6glichkeiten.<\/p>\n<p>Die 15-mm-Stangenhalterung ist ideal f\u00fcr den Anschluss an Kamerarigs, die 15-mm-Stangen verwenden, oder den zentralen Tragarm des Hydra Alien Mini.<\/p>\n","protected":false},"excerpt":{"rendered":"<p>Mit der drehbaren Tilta Telefonhalterung V2 k\u00f6nnen Benutzer ihr Smartphone ganz einfach mit ihrer Kamera oder ihrem Tr\u00e4gersystem verbinden. Bei dieser Halterung steht die Flexibilit\u00e4t im Vordergrund: Sie l\u00e4sst sich um 180 Grad neigen und um 360 Grad drehen. Im [&hellip;]<\/p>\n","protected":false},"featured_media":2072376,"comment_status":"open","ping_status":"closed","template":"","meta":[],"product_cat":[3263],"product_tag":[],"acf":[],"gallery_images":[2072383,2072391,2072399,2072407],"_links":{"self":[{"href":"https:\/\/eu.tilta.com\/de\/wp-json\/wp\/v2\/product\/2080353"}],"collection":[{"href":"https:\/\/eu.tilta.com\/de\/wp-json\/wp\/v2\/product"}],"about":[{"href":"https:\/\/eu.tilta.com\/de\/wp-json\/wp\/v2\/types\/product"}],"replies":[{"embeddable":true,"href":"https:\/\/eu.tilta.com\/de\/wp-json\/wp\/v2\/comments?post=2080353"}],"wp:featuredmedia":[{"embeddable":true,"href":"https:\/\/eu.tilta.com\/de\/wp-json\/wp\/v2\/media\/2072376"}],"wp:attachment":[{"href":"https:\/\/eu.tilta.com\/de\/wp-json\/wp\/v2\/media?parent=2080353"}],"wp:term":[{"taxonomy":"product_cat","embeddable":true,"href":"https:\/\/eu.tilta.com\/de\/wp-json\/wp\/v2\/product_cat?post=2080353"},{"taxonomy":"product_tag","embeddable":true,"href":"https:\/\/eu.tilta.com\/de\/wp-json\/wp\/v2\/product_tag?post=2080353"}],"curies":[{"name":"wp","href":"https:\/\/api.w.org\/{rel}","templated":true}]}}