{"id":2080367,"date":"2025-02-11T09:25:43","date_gmt":"2025-02-11T08:25:43","guid":{"rendered":"https:\/\/eu.tilta.com\/shop\/tilta-leder-schulterriemen-schnalle-schwarz%ef%bc%88paar\/"},"modified":"2026-02-16T09:01:14","modified_gmt":"2026-02-16T08:01:14","slug":"tilta-leather-shoulder-strap-buckle-black%ef%bc%88pair","status":"publish","type":"product","link":"https:\/\/eu.tilta.com\/de\/shop\/tilta-leather-shoulder-strap-buckle-black%ef%bc%88pair\/","title":{"rendered":"Tilta Leder Schulterriemen Schnalle &#8211; Schwarz\uff08Paar)"},"content":{"rendered":"<p>Diese Schultergurtschnallen aus Leder lassen sich wie ein herk\u00f6mmlicher Kameragurt an kompatiblen Kamerageh\u00e4usen befestigen.<\/p>\n<p>Sie erm\u00f6glichen es den Benutzern, Kameragurte wie unseren Tilta-Schultergurt einfacher an ihrem System anzubringen oder zu entfernen.<\/p>\n<p>Dies ist ideal f\u00fcr Benutzer, die h\u00e4ufig zwischen Fotografie und Videografie wechseln.<\/p>\n","protected":false},"excerpt":{"rendered":"<p>Diese Schultergurtschnallen aus Leder lassen sich wie ein herk\u00f6mmlicher Kameragurt an kompatiblen Kamerageh\u00e4usen befestigen. Sie erm\u00f6glichen es den Benutzern, Kameragurte wie unseren Tilta-Schultergurt einfacher an ihrem System anzubringen oder zu entfernen. Dies ist ideal f\u00fcr Benutzer, die h\u00e4ufig zwischen Fotografie [&hellip;]<\/p>\n","protected":false},"featured_media":2071190,"comment_status":"open","ping_status":"closed","template":"","meta":[],"product_cat":[3255,3902,3358,3373,1082,1085,1219,1299],"product_tag":[],"acf":[],"gallery_images":[],"_links":{"self":[{"href":"https:\/\/eu.tilta.com\/de\/wp-json\/wp\/v2\/product\/2080367"}],"collection":[{"href":"https:\/\/eu.tilta.com\/de\/wp-json\/wp\/v2\/product"}],"about":[{"href":"https:\/\/eu.tilta.com\/de\/wp-json\/wp\/v2\/types\/product"}],"replies":[{"embeddable":true,"href":"https:\/\/eu.tilta.com\/de\/wp-json\/wp\/v2\/comments?post=2080367"}],"wp:featuredmedia":[{"embeddable":true,"href":"https:\/\/eu.tilta.com\/de\/wp-json\/wp\/v2\/media\/2071190"}],"wp:attachment":[{"href":"https:\/\/eu.tilta.com\/de\/wp-json\/wp\/v2\/media?parent=2080367"}],"wp:term":[{"taxonomy":"product_cat","embeddable":true,"href":"https:\/\/eu.tilta.com\/de\/wp-json\/wp\/v2\/product_cat?post=2080367"},{"taxonomy":"product_tag","embeddable":true,"href":"https:\/\/eu.tilta.com\/de\/wp-json\/wp\/v2\/product_tag?post=2080367"}],"curies":[{"name":"wp","href":"https:\/\/api.w.org\/{rel}","templated":true}]}}