{"id":2080394,"date":"2025-01-08T07:51:35","date_gmt":"2025-01-08T06:51:35","guid":{"rendered":"https:\/\/eu.tilta.com\/shop\/vollstaendiger-kamerakaefig-fuer-dji-osmo-action-5-pro\/"},"modified":"2026-02-16T09:03:34","modified_gmt":"2026-02-16T08:03:34","slug":"full-camera-cage-for-dji-osmo-action-5-pro","status":"publish","type":"product","link":"https:\/\/eu.tilta.com\/de\/shop\/full-camera-cage-for-dji-osmo-action-5-pro\/","title":{"rendered":"Vollst\u00e4ndiger Kamerak\u00e4fig f\u00fcr DJI Osmo Action 5 Pro"},"content":{"rendered":"<p>Wir stellen Ihnen das Full Camera Cage f\u00fcr den DJI Osmo Action 5 Pro vor.<\/p>\n<p>Dieser multifunktionale Kamerak\u00e4fig ist kompatibel mit der DJI Action 3, 4 und 5 Pro.<\/p>\n<p>Dieses System unterst\u00fctzt zus\u00e4tzliches Zubeh\u00f6r \u00fcber Befestigungspunkte wie ein 1\/4\u2033-20 Gewinde mit Fixierpunkten, einen Cold Shoe Receiver und einen DJI Magnetic Connector.<\/p>\n<p>Dank des beidseitigen Schnellverschlusses k\u00f6nnen Sie den K\u00e4fig ganz einfach von einem Ende aus installieren und die Batterien am anderen Ende austauschen.<\/p>\n<p>Es bietet zus\u00e4tzlichen Schutz f\u00fcr das Kamerageh\u00e4use durch einen Rahmen aus einer hochfesten Magnesium- und Aluminiumlegierung.<\/p>\n<p>Der K\u00e4fig verf\u00fcgt \u00fcber integrierte sto\u00dfd\u00e4mpfende Silikonpolster, um Vibrationen zu minimieren und das Kamerageh\u00e4use vor Kratzern zu sch\u00fctzen.<\/p>\n<p>Das magnetische Filterdesign erm\u00f6glicht eine schnelle und pr\u00e4zise Installation durch einrastende Filter. (nicht enthalten)<\/p>\n","protected":false},"excerpt":{"rendered":"<p>Wir stellen Ihnen das Full Camera Cage f\u00fcr den DJI Osmo Action 5 Pro vor. Dieser multifunktionale Kamerak\u00e4fig ist kompatibel mit der DJI Action 3, 4 und 5 Pro. Dieses System unterst\u00fctzt zus\u00e4tzliches Zubeh\u00f6r \u00fcber Befestigungspunkte wie ein 1\/4\u2033-20 Gewinde [&hellip;]<\/p>\n","protected":false},"featured_media":2071748,"comment_status":"open","ping_status":"closed","template":"","meta":[],"product_cat":[4448,3733],"product_tag":[],"acf":[],"gallery_images":[2071754,2071760,2071810,2071804,2071798],"_links":{"self":[{"href":"https:\/\/eu.tilta.com\/de\/wp-json\/wp\/v2\/product\/2080394"}],"collection":[{"href":"https:\/\/eu.tilta.com\/de\/wp-json\/wp\/v2\/product"}],"about":[{"href":"https:\/\/eu.tilta.com\/de\/wp-json\/wp\/v2\/types\/product"}],"replies":[{"embeddable":true,"href":"https:\/\/eu.tilta.com\/de\/wp-json\/wp\/v2\/comments?post=2080394"}],"wp:featuredmedia":[{"embeddable":true,"href":"https:\/\/eu.tilta.com\/de\/wp-json\/wp\/v2\/media\/2071748"}],"wp:attachment":[{"href":"https:\/\/eu.tilta.com\/de\/wp-json\/wp\/v2\/media?parent=2080394"}],"wp:term":[{"taxonomy":"product_cat","embeddable":true,"href":"https:\/\/eu.tilta.com\/de\/wp-json\/wp\/v2\/product_cat?post=2080394"},{"taxonomy":"product_tag","embeddable":true,"href":"https:\/\/eu.tilta.com\/de\/wp-json\/wp\/v2\/product_tag?post=2080394"}],"curies":[{"name":"wp","href":"https:\/\/api.w.org\/{rel}","templated":true}]}}