{"id":2080407,"date":"2025-01-08T10:11:41","date_gmt":"2025-01-08T09:11:41","guid":{"rendered":"https:\/\/eu.tilta.com\/shop\/khronos-kuehlsystem-v2-fuer-iphone-16-pro-pro-max\/"},"modified":"2026-04-15T03:55:08","modified_gmt":"2026-04-15T01:55:08","slug":"khronos-cooling-system-v2-for-iphone-16-pro-pro-max","status":"publish","type":"product","link":"https:\/\/eu.tilta.com\/de\/shop\/khronos-cooling-system-v2-for-iphone-16-pro-pro-max\/","title":{"rendered":"Khronos K\u00fchlsystem V2 f\u00fcr iPhone 16 Pro\/Pro Max"},"content":{"rendered":"<p>Einf\u00fchrung des Khronos K\u00fchlsystems f\u00fcr das iPhone 16 Pro\/Pro Max<\/p>\n<p>Erleben Sie fortschrittliche K\u00fchlung mit dem Khronos Cooling System, das speziell f\u00fcr das iPhone 16 Pro und Pro Max mit oder ohne die Khronos iPhone Tasche entwickelt wurde.<\/p>\n<p>Dieses innovative System verf\u00fcgt \u00fcber einen 22W-W\u00e4rmeableiter mit variabler Frequenz, der eine maximale Drehzahl von 6700 U\/min erreicht und eine effiziente und schnelle W\u00e4rmeableitung gew\u00e4hrleistet. Erreichen Sie eine bemerkenswert niedrige K\u00fchltemperatur von 39\u00b0F f\u00fcr eine optimale Ger\u00e4teleistung.<\/p>\n<p>Ausgestattet mit einer multifunktionalen 5W\/10W-Ladeoption, schlie\u00dfen Sie es einfach \u00fcber USB-C an eine externe Stromquelle an, um Ihr iPhone gleichzeitig zu laden und seine Temperatur zu erhalten.<br \/>\nDer W\u00e4rmeableiter nutzt die kabellose MagSafe-Magnetverbindung, die durch einen eingebauten N52-Magnetkern in Milit\u00e4rqualit\u00e4t verst\u00e4rkt wird und eine robuste Magnetkraft f\u00fcr eine stabile und sichere Befestigung bietet.<\/p>\n<p>Verbessern Sie die K\u00fchlung Ihres iPhones mit dem Khronos Cooling System und sorgen Sie so f\u00fcr eine l\u00e4ngere Lebensdauer des Ger\u00e4ts und eine ununterbrochene Leistung.<\/p>\n","protected":false},"excerpt":{"rendered":"<p>Einf\u00fchrung des Khronos K\u00fchlsystems f\u00fcr das iPhone 16 Pro\/Pro Max Erleben Sie fortschrittliche K\u00fchlung mit dem Khronos Cooling System, das speziell f\u00fcr das iPhone 16 Pro und Pro Max mit oder ohne die Khronos iPhone Tasche entwickelt wurde. Dieses innovative [&hellip;]<\/p>\n","protected":false},"featured_media":2025908,"comment_status":"open","ping_status":"closed","template":"","meta":[],"product_cat":[3507,3357,4200,4496],"product_tag":[],"acf":[],"gallery_images":[2025900],"_links":{"self":[{"href":"https:\/\/eu.tilta.com\/de\/wp-json\/wp\/v2\/product\/2080407"}],"collection":[{"href":"https:\/\/eu.tilta.com\/de\/wp-json\/wp\/v2\/product"}],"about":[{"href":"https:\/\/eu.tilta.com\/de\/wp-json\/wp\/v2\/types\/product"}],"replies":[{"embeddable":true,"href":"https:\/\/eu.tilta.com\/de\/wp-json\/wp\/v2\/comments?post=2080407"}],"wp:featuredmedia":[{"embeddable":true,"href":"https:\/\/eu.tilta.com\/de\/wp-json\/wp\/v2\/media\/2025908"}],"wp:attachment":[{"href":"https:\/\/eu.tilta.com\/de\/wp-json\/wp\/v2\/media?parent=2080407"}],"wp:term":[{"taxonomy":"product_cat","embeddable":true,"href":"https:\/\/eu.tilta.com\/de\/wp-json\/wp\/v2\/product_cat?post=2080407"},{"taxonomy":"product_tag","embeddable":true,"href":"https:\/\/eu.tilta.com\/de\/wp-json\/wp\/v2\/product_tag?post=2080407"}],"curies":[{"name":"wp","href":"https:\/\/api.w.org\/{rel}","templated":true}]}}