{"id":2096301,"date":"2025-02-14T07:44:20","date_gmt":"2025-02-14T06:44:20","guid":{"rendered":"https:\/\/eu.tilta.com\/shop\/peitschenadapter-fuer-tilta-mirage-pro-matte-box\/"},"modified":"2026-02-16T09:01:19","modified_gmt":"2026-02-16T08:01:19","slug":"whip-adapter-for-tilta-mirage-pro-matte-box","status":"publish","type":"product","link":"https:\/\/eu.tilta.com\/de\/shop\/whip-adapter-for-tilta-mirage-pro-matte-box\/","title":{"rendered":"Peitschenadapter f\u00fcr Tilta Mirage Pro Matte Box"},"content":{"rendered":"<p>Wir stellen Ihnen den Whip Adapter f\u00fcr die Tilta Mirage Pro Matte Box vor.<\/p>\n<p>Mit diesem Adapter k\u00f6nnen Sie den Neigungsmechanismus des Swing Away Adapters \u00fcber eine Fokuspeitsche einstellen.<\/p>\n<p>So k\u00f6nnen Sie Geisterbilder und andere reflektierende Artefakte bek\u00e4mpfen, indem Sie das Geh\u00e4use der Matte Box aus kurzer Entfernung nach vorne oder hinten kippen.<\/p>\n","protected":false},"excerpt":{"rendered":"<p>Wir stellen Ihnen den Whip Adapter f\u00fcr die Tilta Mirage Pro Matte Box vor. Mit diesem Adapter k\u00f6nnen Sie den Neigungsmechanismus des Swing Away Adapters \u00fcber eine Fokuspeitsche einstellen. So k\u00f6nnen Sie Geisterbilder und andere reflektierende Artefakte bek\u00e4mpfen, indem Sie [&hellip;]<\/p>\n","protected":false},"featured_media":2087303,"comment_status":"open","ping_status":"closed","template":"","meta":[],"product_cat":[4448,3765],"product_tag":[],"acf":[],"gallery_images":[],"_links":{"self":[{"href":"https:\/\/eu.tilta.com\/de\/wp-json\/wp\/v2\/product\/2096301"}],"collection":[{"href":"https:\/\/eu.tilta.com\/de\/wp-json\/wp\/v2\/product"}],"about":[{"href":"https:\/\/eu.tilta.com\/de\/wp-json\/wp\/v2\/types\/product"}],"replies":[{"embeddable":true,"href":"https:\/\/eu.tilta.com\/de\/wp-json\/wp\/v2\/comments?post=2096301"}],"wp:featuredmedia":[{"embeddable":true,"href":"https:\/\/eu.tilta.com\/de\/wp-json\/wp\/v2\/media\/2087303"}],"wp:attachment":[{"href":"https:\/\/eu.tilta.com\/de\/wp-json\/wp\/v2\/media?parent=2096301"}],"wp:term":[{"taxonomy":"product_cat","embeddable":true,"href":"https:\/\/eu.tilta.com\/de\/wp-json\/wp\/v2\/product_cat?post=2096301"},{"taxonomy":"product_tag","embeddable":true,"href":"https:\/\/eu.tilta.com\/de\/wp-json\/wp\/v2\/product_tag?post=2096301"}],"curies":[{"name":"wp","href":"https:\/\/api.w.org\/{rel}","templated":true}]}}